{"id":6957,"date":"2019-06-04T20:21:14","date_gmt":"2019-06-04T18:21:14","guid":{"rendered":"https:\/\/www.vivoil.com\/it\/?page_id=6957"},"modified":"2025-05-12T15:46:11","modified_gmt":"2025-05-12T13:46:11","slug":"diventa-un-rivenditore-vivoil","status":"publish","type":"page","link":"https:\/\/www.vivoil.com\/it\/diventa-un-rivenditore-vivoil\/","title":{"rendered":"Diventa un rivenditore Vivoil"},"content":{"rendered":"<p>Esportiamo i nostri componenti oleodinamici in <b>oltre 60 paesi<\/b>, grazie alla fiducia dei tanti distributori che hanno scelto Vivoil e che ci apprezzano per la qualit\u00e0 della nostra gamma, la flessibilit\u00e0 produttiva e la rapidit\u00e0 nelle risposte e nelle consegne.<\/p>\n<div class=\"responsive-video\"><iframe loading=\"lazy\" src=\"https:\/\/www.youtube-nocookie.com\/embed\/nvCeaUenZA4\" width=\"560\" height=\"315\" frameborder=\"0\" allowfullscreen=\"allowfullscreen\"><\/iframe><\/div>\n<h2>Vuoi entrare a far parte della nostra rete di distributori?<\/h2>\n<p>Ecco il nostro impegno per te:<\/p>\n<ul>\n<li>Prodotti robusti, affidabili e performanti per i tuoi clienti<\/li>\n<li>Solo \u00a0le quantit\u00e0 che ti servono, non un pezzo di pi\u00f9<\/li>\n<li>Consegne rapide<\/li>\n<li>Personalizzazione dei componenti<\/li>\n<li>Produzione 100% Made in Italy<\/li>\n<li>Ampia gamma di pompe e motori<\/li>\n<li>La gamma pi\u00f9 ampia di divisori di flusso sul mercato<\/li>\n<li>Prezzi interessanti<\/li>\n<li>Prodotti curati nel design e nei colori<\/li>\n<\/ul>\n<div id='gallery-1' class='gallery galleryid-6957 gallery-columns-2 gallery-size-large'><figure class='gallery-item'>\n\t\t\t<div class='gallery-icon landscape'>\n\t\t\t\t<a href='https:\/\/www.vivoil.com\/it\/wp-content\/uploads\/sites\/2\/2019\/03\/divisori-flusso-uso-industriale.jpeg' title=\"Alcuni divisori di flusso Vivoil\" data-rl_title=\"Alcuni divisori di flusso Vivoil\" class=\"rl-gallery-link\" data-rl_caption=\"\" data-rel=\"lightbox-gallery-1\"><img loading=\"lazy\" decoding=\"async\" width=\"1000\" height=\"667\" src=\"https:\/\/www.vivoil.com\/it\/wp-content\/uploads\/sites\/2\/2019\/03\/divisori-flusso-uso-industriale.jpeg\" class=\"attachment-large size-large\" alt=\"Alcuni divisori di flusso Vivoil\" srcset=\"https:\/\/www.vivoil.com\/it\/wp-content\/uploads\/sites\/2\/2019\/03\/divisori-flusso-uso-industriale.jpeg 1000w, https:\/\/www.vivoil.com\/it\/wp-content\/uploads\/sites\/2\/2019\/03\/divisori-flusso-uso-industriale-300x200.jpeg 300w, https:\/\/www.vivoil.com\/it\/wp-content\/uploads\/sites\/2\/2019\/03\/divisori-flusso-uso-industriale-768x512.jpeg 768w\" sizes=\"auto, (max-width: 1000px) 100vw, 1000px\" \/><\/a>\n\t\t\t<\/div><\/figure><figure class='gallery-item'>\n\t\t\t<div class='gallery-icon landscape'>\n\t\t\t\t<a href='https:\/\/www.vivoil.com\/it\/wp-content\/uploads\/sites\/2\/2018\/08\/operai-vivoil-assemblano-pompe-idrauliche-1024x679.jpg' title=\"Gli operai di Vivoil assemblano pompe oleodinamiche\" data-rl_title=\"Gli operai di Vivoil assemblano pompe oleodinamiche\" class=\"rl-gallery-link\" data-rl_caption=\"\" data-rel=\"lightbox-gallery-1\"><img loading=\"lazy\" decoding=\"async\" width=\"1024\" height=\"679\" src=\"https:\/\/www.vivoil.com\/it\/wp-content\/uploads\/sites\/2\/2018\/08\/operai-vivoil-assemblano-pompe-idrauliche-1024x679.jpg\" class=\"attachment-large size-large\" alt=\"Gli operai di Vivoil assemblano pompe oleodinamiche\" srcset=\"https:\/\/www.vivoil.com\/it\/wp-content\/uploads\/sites\/2\/2018\/08\/operai-vivoil-assemblano-pompe-idrauliche-1024x679.jpg 1024w, https:\/\/www.vivoil.com\/it\/wp-content\/uploads\/sites\/2\/2018\/08\/operai-vivoil-assemblano-pompe-idrauliche-300x199.jpg 300w, https:\/\/www.vivoil.com\/it\/wp-content\/uploads\/sites\/2\/2018\/08\/operai-vivoil-assemblano-pompe-idrauliche-768x509.jpg 768w, https:\/\/www.vivoil.com\/it\/wp-content\/uploads\/sites\/2\/2018\/08\/operai-vivoil-assemblano-pompe-idrauliche.jpg 1500w\" sizes=\"auto, (max-width: 1024px) 100vw, 1024px\" \/><\/a>\n\t\t\t<\/div><\/figure>\n\t\t<\/div>\n\n","protected":false},"excerpt":{"rendered":"<p>Esportiamo i nostri componenti oleodinamici in oltre 60 paesi, grazie alla fiducia dei tanti distributori che hanno scelto Vivoil e che ci apprezzano per la qualit\u00e0 della nostra gamma, la flessibilit\u00e0 produttiva e la rapidit\u00e0 nelle risposte e nelle consegne. Vuoi entrare a far parte della nostra rete di distributori? Ecco il nostro impegno per [&hellip;]<\/p>\n","protected":false},"author":6,"featured_media":0,"parent":0,"menu_order":0,"comment_status":"closed","ping_status":"closed","template":"","meta":{"_acf_changed":false,"_relevanssi_hide_post":"","_relevanssi_hide_content":"","_relevanssi_pin_for_all":"","_relevanssi_pin_keywords":"","_relevanssi_unpin_keywords":"","_relevanssi_related_keywords":"","_relevanssi_related_include_ids":"","_relevanssi_related_exclude_ids":"","_relevanssi_related_no_append":"","_relevanssi_related_not_related":"","_relevanssi_related_posts":"","_relevanssi_noindex_reason":"","footnotes":""},"class_list":["post-6957","page","type-page","status-publish","hentry"],"acf":[],"_links":{"self":[{"href":"https:\/\/www.vivoil.com\/it\/wp-json\/wp\/v2\/pages\/6957","targetHints":{"allow":["GET"]}}],"collection":[{"href":"https:\/\/www.vivoil.com\/it\/wp-json\/wp\/v2\/pages"}],"about":[{"href":"https:\/\/www.vivoil.com\/it\/wp-json\/wp\/v2\/types\/page"}],"author":[{"embeddable":true,"href":"https:\/\/www.vivoil.com\/it\/wp-json\/wp\/v2\/users\/6"}],"replies":[{"embeddable":true,"href":"https:\/\/www.vivoil.com\/it\/wp-json\/wp\/v2\/comments?post=6957"}],"version-history":[{"count":11,"href":"https:\/\/www.vivoil.com\/it\/wp-json\/wp\/v2\/pages\/6957\/revisions"}],"predecessor-version":[{"id":6970,"href":"https:\/\/www.vivoil.com\/it\/wp-json\/wp\/v2\/pages\/6957\/revisions\/6970"}],"wp:attachment":[{"href":"https:\/\/www.vivoil.com\/it\/wp-json\/wp\/v2\/media?parent=6957"}],"curies":[{"name":"wp","href":"https:\/\/api.w.org\/{rel}","templated":true}]}}