{"id":573,"date":"2018-03-26T19:38:18","date_gmt":"2018-03-26T17:38:18","guid":{"rendered":"https:\/\/www.vivoil.com\/it\/movimento-terra\/"},"modified":"2025-05-12T15:46:14","modified_gmt":"2025-05-12T13:46:14","slug":"movimento-terra","status":"publish","type":"page","link":"https:\/\/www.vivoil.com\/it\/settori-applicazione\/movimento-terra\/","title":{"rendered":"Pompe e motori oleodinamici per macchine movimento terra"},"content":{"rendered":"<h2>Vivoil: pompe oleodinamiche, motori e divisori di flusso per la produzione di macchine movimento terra<\/h2>\n<p>La gamma Vivoil per le macchine movimento terra comprende pompe oleodinamiche ad ingranaggi esterni (unidirezionali e bidirezionali), motori oleodinamici ad ingranaggi esterni (unidirezionali e bidirezionali), pompe oleodinamiche multiple ad ingranaggi esterni gi\u00e0 assemblate o in pezzi da assemblare, divisori di flusso.<\/p>\n<h3>Caratteristiche<\/h3>\n<p>Tutti i componenti Vivoil sono prodotti in Italia ed ogni articolo viene montato a mano e poi collaudato.<\/p>\n<p>Pompe, motori e divisori di flusso sono disponibili in diverse cilindrate per ottenere le massime prestazioni in ogni condizione e sono suddivisi in quattro gruppi dimensionali (0, 1, 2, 3 secondo la nostra classificazione), perch\u00e9 tu possa scegliere il prodotto pi\u00f9 utile per te. Ecco una panoramica delle performance raggiunte:<\/p>\n<ul>\n<li>la cilindrata delle pompe unidirezionali e bidirezionali Vivoil varia fra 0.16 cm<sup>3<\/sup>\/giro e 86,87 cm<sup>3<\/sup>\/giro, la velocit\u00e0 di rotazione arriva fino a 9000 giri\/minuto e le pressioni massime raggiungono i 320 bar<\/li>\n<li>la cilindrata dei motori unidirezionali e bidirezionali Vivoil varia fra 0,45 cm<sup>3<\/sup>\/giro e 86,87 cm<sup>3<\/sup>\/giro, la velocit\u00e0 di rotazione arriva fino a 9000 giri\/minuto, le pressioni massime raggiungono i 320 bar<\/li>\n<li>la cilindrata dei divisori di flusso Vivoil varia fra 0.16 cm<sup>3<\/sup>\/giro e 86,87 cm<sup>3<\/sup>\/giro e le pressioni massime raggiungono i 300 bar<\/li>\n<li>la cilindrata delle pompe multiple e degli elementi di pompe multiple Vivoil varia fra 0,16 cm<sup>3<\/sup>\/giro e 86,87 cm<sup>3<\/sup>\/giro e le pressioni massime raggiungono i 320 bar<\/li>\n<\/ul>\n<p>Possiamo personalizzare la maggior parte dei nostri prodotti con valvole (anticavitazione, di massima pressione, prioritarie, elettriche by-pass), supporti per applicazioni gravose e diverse configurazioni di flange ed alberi.<\/p>\n<p>La personalizzazione \u00e8 possibile per molti dei nostri componenti, se hai dei dubbi o hai bisogno di pi\u00f9 informazioni sul tipo di accessorio da applicare puoi contattare il nostro ufficio commerciale, \u00e8 a tua disposizione per darti tutte le risposte che cerchi.<\/p>\n<h3>Esempi di applicazioni<\/h3>\n<p>Alcuni dei nostri componenti sono utili per rendere pi\u00f9 efficiente il lavoro delle macchine movimento terra che, tipicamente, operano in condizioni gravose e vengono usate per muovere carichi elevati:<\/p>\n<ol>\n<li>il supporto con cuscinetto consente l\u2019applicazione di un carico assiale o radiale sull\u2019albero<\/li>\n<li>la selezione di pompe e motori con flangia di montaggio e coperchio in ghisa \u00e8 particolarmente indicata per i carichi ed i cicli elevati<\/li>\n<\/ol>\n<p>La consegna \u00e8 rapida e per i nostri clienti non ci sono lotti minimi per l\u2019acquisto.<\/p>\n<h2>Divisori di flusso, pompe e motori per macchine movimento terra: bulldozer, escavatori, scraper, pala caricatrice, terna<\/h2>\n<p>I nostri prodotti sono componenti importanti degli scambiatori di calore usati nelle applicazioni idrauliche mobili per raffreddare l\u2019olio idraulico o i fluidi delle macchine a funzionamento continuo, e che operano in condizioni di lavoro gravose, come le macchine per il movimento terra. Sono quindi componenti dei bulldozer, i grandi mezzi meccanici che spostano la terra, degli escavatori, che rimuovono porzioni di terreno perch\u00e9 possano essere frantumate, degli scraper, che servono a spianare il terreno, della pala caricatrice, che carica il materiale sciolto sugli autocarri, e della terna, una macchina movimento terra particolarmente versatile e molto usata nei cantieri.<\/p>\n<p>Sono anche componenti essenziali degli stabilizzatori di questi mezzi, perch\u00e9 contribuiscono a mantenere il peso uniforme, controllare il movimento e rendere sicuro e preciso il lavoro di chi \u00e8 alla guida.<\/p>\n","protected":false},"excerpt":{"rendered":"<p>Divisori di flusso, pompe oleodinamiche e motori oleodinamici per scambiatori di calore e stabilizzatori usati nelle macchine movimento terra<\/p>\n<p>Studiamo e realizziamo pompe oleodinamiche, divisori di flusso e motori oleodinamici  per gli stabilizzatori e gli scambiatori di calore usati nella costruzione delle macchine movimento terra. I nostri prodotti contribuiscono alla sicurezza di chi \u00e8 alla guida del mezzo, perch\u00e9 mantengono il peso uniforme, e insieme alle altre componenti, concorrono al funzionamento continuo delle macchine usate nei cantieri, durante le operazioni di spostamento, rimozione, spianamento e caricamento della terra.<\/p>\n","protected":false},"author":6,"featured_media":5743,"parent":574,"menu_order":0,"comment_status":"open","ping_status":"open","template":"","meta":{"_acf_changed":false,"_relevanssi_hide_post":"","_relevanssi_hide_content":"","_relevanssi_pin_for_all":"","_relevanssi_pin_keywords":"","_relevanssi_unpin_keywords":"","_relevanssi_related_keywords":"","_relevanssi_related_include_ids":"","_relevanssi_related_exclude_ids":"","_relevanssi_related_no_append":"","_relevanssi_related_not_related":"","_relevanssi_related_posts":"","_relevanssi_noindex_reason":"","footnotes":""},"class_list":["post-573","page","type-page","status-publish","has-post-thumbnail","hentry"],"acf":[],"_links":{"self":[{"href":"https:\/\/www.vivoil.com\/it\/wp-json\/wp\/v2\/pages\/573","targetHints":{"allow":["GET"]}}],"collection":[{"href":"https:\/\/www.vivoil.com\/it\/wp-json\/wp\/v2\/pages"}],"about":[{"href":"https:\/\/www.vivoil.com\/it\/wp-json\/wp\/v2\/types\/page"}],"author":[{"embeddable":true,"href":"https:\/\/www.vivoil.com\/it\/wp-json\/wp\/v2\/users\/6"}],"replies":[{"embeddable":true,"href":"https:\/\/www.vivoil.com\/it\/wp-json\/wp\/v2\/comments?post=573"}],"version-history":[{"count":1,"href":"https:\/\/www.vivoil.com\/it\/wp-json\/wp\/v2\/pages\/573\/revisions"}],"predecessor-version":[{"id":8973,"href":"https:\/\/www.vivoil.com\/it\/wp-json\/wp\/v2\/pages\/573\/revisions\/8973"}],"up":[{"embeddable":true,"href":"https:\/\/www.vivoil.com\/it\/wp-json\/wp\/v2\/pages\/574"}],"wp:featuredmedia":[{"embeddable":true,"href":"https:\/\/www.vivoil.com\/it\/wp-json\/wp\/v2\/media\/5743"}],"wp:attachment":[{"href":"https:\/\/www.vivoil.com\/it\/wp-json\/wp\/v2\/media?parent=573"}],"curies":[{"name":"wp","href":"https:\/\/api.w.org\/{rel}","templated":true}]}}