{"id":571,"date":"2018-03-26T19:38:18","date_gmt":"2018-03-26T17:38:18","guid":{"rendered":"https:\/\/www.vivoil.com\/it\/industriale\/"},"modified":"2025-05-12T15:46:14","modified_gmt":"2025-05-12T13:46:14","slug":"industriale","status":"publish","type":"page","link":"https:\/\/www.vivoil.com\/it\/settori-applicazione\/industriale\/","title":{"rendered":"Pompe oleodinamiche e motori per carrelli elevatori e altre macchine industriali"},"content":{"rendered":"<h2>Vivoil: pompe oleodinamiche, motori e divisori di flusso per macchine industriali<\/h2>\n<p>La gamma Vivoil per le macchine industriali comprende pompe oleodinamiche ad ingranaggi esterni (unidirezionali e bidirezionali), motori oleodinamici ad ingranaggi esterni (unidirezionali e bidirezionali), pompe oleodinamiche multiple ad ingranaggi esterni gi\u00e0 assemblate o in pezzi da assemblare, divisori di flusso.<\/p>\n<h3>Caratteristiche<\/h3>\n<p>Tutti i componenti Vivoil sono prodotti in Italia ed ogni articolo viene montato a mano e poi collaudato.<\/p>\n<p>Pompe, motori e divisori di flusso sono disponibili in diverse cilindrate per ottenere le massime prestazioni in ogni condizione e sono suddivisi in quattro gruppi dimensionali (0, 1, 2, 3 secondo la nostra classificazione), perch\u00e9 tu possa scegliere il prodotto pi\u00f9 utile per te. Ecco una panoramica delle performance raggiunte:<\/p>\n<ul>\n<li>la cilindrata delle pompe unidirezionali e bidirezionali Vivoil varia fra 0.16 cm<sup>3<\/sup>\/giro e 86,87 cm<sup>3<\/sup>\/giro, la velocit\u00e0 di rotazione arriva fino a 9000 giri\/minuto e le pressioni massime raggiungono i 320 bar<\/li>\n<li>la cilindrata dei motori unidirezionali e bidirezionali Vivoil varia fra 0,45 cm<sup>3<\/sup>\/giro e 86,87 cm<sup>3<\/sup>\/giro, la velocit\u00e0 di rotazione arriva fino a 9000 giri\/minuto, le pressioni massime raggiungono i 320 bar<\/li>\n<li>la cilindrata dei divisori di flusso Vivoil varia fra 0.16 cm<sup>3<\/sup>\/giro e 86,87 cm<sup>3<\/sup>\/giro e le pressioni massime raggiungono i 300 bar<\/li>\n<li>la cilindrata delle pompe multiple e degli elementi di pompe multiple Vivoil varia fra 0,16 cm<sup>3<\/sup>\/giro e 86,87 cm<sup>3<\/sup>\/giro e le pressioni massime raggiungono i 320 bar<\/li>\n<\/ul>\n<p>Possiamo personalizzare la maggior parte dei nostri prodotti con valvole (anticavitazione, di massima pressione, prioritarie, elettriche by-pass), supporti per applicazioni gravose e diverse configurazioni di flange ed alberi.<\/p>\n<p>La personalizzazione \u00e8 possibile per molti dei nostri componenti, se hai dei dubbi o hai bisogno di pi\u00f9 informazioni sul tipo di accessorio da applicare puoi contattare il nostro ufficio commerciale, \u00e8 a tua disposizione per darti tutte le risposte che cerchi.<\/p>\n<h3>Esempi di applicazioni<\/h3>\n<p>Alcuni dei nostri componenti possono essere molto utili per le macchine industriali che raggiungono alti livelli di pressione o che vengono utilizzate per il trasporto di carichi elevati:<\/p>\n<ol>\n<li>i motori con valvole di massima e\/o anti cavitazione sono utili per le ventole di raffreddamento, perch\u00e9 offrono una doppia protezione contro gli eccessi di pressione ed i problemi dovuti all\u2019inerzia<\/li>\n<li>il supporto con cuscinetto consente l\u2019applicazione di un carico assiale o radiale sull\u2019albero<\/li>\n<li>la selezione di pompe e motori con flangia di montaggio e coperchio in ghisa \u00e8 particolarmente indicata per i carichi ed i cicli elevati<\/li>\n<li>il nostro divisore di flusso manifold a riallineamento istantaneo MIA-FD \u00e8 in grado di sollevare oggetti con pesi diversi \u00a0mantenendoli allineati, per esempio i camion, in cui il peso si concentra maggiormente sulla parte anteriore del mezzo<\/li>\n<\/ol>\n<p>La consegna \u00e8 rapida e per i nostri clienti non ci sono lotti minimi per l\u2019acquisto.<\/p>\n<h2>Divisori, pompe e motori per macchine industriali: lavorazione del legno, plastica, calzature, tessile, ceramica, trasporto e sollevamento dei materiali pesanti<\/h2>\n<p>Pompe, motori e diffusori di flusso oleodinamici sono componenti essenziali di molte macchine industriali usate in diversi settori. Si trovano nelle macchine per la lavorazione del legno delle grandi linee di produzione, come presse e spaccalegna, in quelle per la lavorazione della plastica, come i compattatori, nelle macchine per calzature, come per esempio le macchine per la produzione di suole.<\/p>\n<p>Sono nelle macchine usate nel settore della ceramica e in quelle per l\u2019imballaggio, la saldatura e nelle macchine tessili. Sono presenti anche nelle macchine per il lavaggio, come le macchine per il lavaggio esterno delle vetture ferroviarie.<\/p>\n<p>I componenti oleodinamici distribuiscono il giusto flusso di olio per rendere fluido e preciso il lavoro di macchine come i battipali, che infiggono i pali nel terreno per costruire barriere di sicurezza, guard-rail, recinzioni, vigneti. Si trovano nelle calandratrici, nelle macchine dell\u2019industria cartaria, tessile e metallurgica. Sono componenti dei compressori, dei riduttori, delle turbine, degli spruzzatori e anche dei banchi per il collaudo dei prodotti oleodinamici.<\/p>\n<p>Pompe, motori e divisori di flusso servono al funzionamento delle presse e dei compattatori di rifiuti e sono presenti nelle centrali oleodinamiche di molti macchinari.<\/p>\n<p>I prodotti Vivoil sono necessari al funzionamento di macchine semoventi, carrelli elevatori (muletti) e delle gru, che sollevano e movimentano le merci, dei dissuasori mobili per limitare l\u2019accesso alle aree ZTL e private e delle piattaforme elevatrici. Infine, sono usati anche negli impianti per le energie rinnovabili (eolico e pannelli solari).<\/p>\n","protected":false},"excerpt":{"rendered":"<p>Divisori di flusso, pompe oleodinamiche e motori oleodinamici per carrelli elevatori, presse, compressori, pannelli solari ed altre macchine industriali<\/p>\n<p>Produciamo pompe oleodinamiche, divisori di flusso, motori oleodinamici che possono essere utilizzati nei carrelli elevatori, nelle presse, nei compressori, negli impianti eolici e in altre macchine industriali. Tutti i nostri prodotti durano nel tempo per ridurre il pi\u00f9 possibile gli interventi di manutenzione e i fermi macchina. Contribuiscono a rendere preciso, fluido e sicuro il lavoro delle macchine industriali impegnate nel trasporto e movimento di grossi carichi, nella trasformazione dei materiali, nella produzione di semilavorati e di energia alternativa.  <\/p>\n","protected":false},"author":6,"featured_media":5741,"parent":574,"menu_order":0,"comment_status":"open","ping_status":"open","template":"","meta":{"_acf_changed":false,"_relevanssi_hide_post":"","_relevanssi_hide_content":"","_relevanssi_pin_for_all":"","_relevanssi_pin_keywords":"","_relevanssi_unpin_keywords":"","_relevanssi_related_keywords":"","_relevanssi_related_include_ids":"","_relevanssi_related_exclude_ids":"","_relevanssi_related_no_append":"","_relevanssi_related_not_related":"","_relevanssi_related_posts":"","_relevanssi_noindex_reason":"","footnotes":""},"class_list":["post-571","page","type-page","status-publish","has-post-thumbnail","hentry"],"acf":[],"_links":{"self":[{"href":"https:\/\/www.vivoil.com\/it\/wp-json\/wp\/v2\/pages\/571","targetHints":{"allow":["GET"]}}],"collection":[{"href":"https:\/\/www.vivoil.com\/it\/wp-json\/wp\/v2\/pages"}],"about":[{"href":"https:\/\/www.vivoil.com\/it\/wp-json\/wp\/v2\/types\/page"}],"author":[{"embeddable":true,"href":"https:\/\/www.vivoil.com\/it\/wp-json\/wp\/v2\/users\/6"}],"replies":[{"embeddable":true,"href":"https:\/\/www.vivoil.com\/it\/wp-json\/wp\/v2\/comments?post=571"}],"version-history":[{"count":1,"href":"https:\/\/www.vivoil.com\/it\/wp-json\/wp\/v2\/pages\/571\/revisions"}],"predecessor-version":[{"id":8972,"href":"https:\/\/www.vivoil.com\/it\/wp-json\/wp\/v2\/pages\/571\/revisions\/8972"}],"up":[{"embeddable":true,"href":"https:\/\/www.vivoil.com\/it\/wp-json\/wp\/v2\/pages\/574"}],"wp:featuredmedia":[{"embeddable":true,"href":"https:\/\/www.vivoil.com\/it\/wp-json\/wp\/v2\/media\/5741"}],"wp:attachment":[{"href":"https:\/\/www.vivoil.com\/it\/wp-json\/wp\/v2\/media?parent=571"}],"curies":[{"name":"wp","href":"https:\/\/api.w.org\/{rel}","templated":true}]}}