{"id":570,"date":"2018-03-26T19:38:18","date_gmt":"2018-03-26T17:38:18","guid":{"rendered":"https:\/\/www.vivoil.com\/it\/agricolo\/"},"modified":"2025-05-12T15:46:14","modified_gmt":"2025-05-12T13:46:14","slug":"agricolo","status":"publish","type":"page","link":"https:\/\/www.vivoil.com\/it\/settori-applicazione\/agricolo\/","title":{"rendered":"Motori e pompe oleodinamiche per trattori e altre macchine agricole"},"content":{"rendered":"<h2>Vivoil: pompe oleodinamiche, motori e divisori di flusso per macchine agricole<\/h2>\n<p>La gamma Vivoil per le macchine del settore agricolo comprende pompe oleodinamiche ad ingranaggi esterni (unidirezionali e bidirezionali), motori oleodinamici ad ingranaggi esterni (unidirezionali e bidirezionali), pompe oleodinamiche multiple ad ingranaggi esterni gi\u00e0 assemblate o in pezzi da assemblare, divisori di flusso.<\/p>\n<h3>Caratteristiche<\/h3>\n<p>Tutti i componenti Vivoil sono prodotti in Italia ed ogni articolo viene montato a mano e poi collaudato.<\/p>\n<p>Pompe, motori e divisori di flusso sono disponibili in diverse cilindrate per ottenere le massime prestazioni in ogni condizione e sono suddivisi in quattro gruppi dimensionali (0, 1, 2, 3 secondo la nostra classificazione), perch\u00e9 tu possa scegliere il prodotto pi\u00f9 utile per te. Ecco una panoramica delle performance raggiunte:<\/p>\n<ul>\n<li>la cilindrata delle pompe unidirezionali e bidirezionali Vivoil varia fra 0.16 cm<sup>3<\/sup>\/giro e 86,87 cm<sup>3<\/sup>\/giro, la velocit\u00e0 di rotazione arriva fino a 9000 giri\/minuto e le pressioni massime raggiungono i 320 bar<\/li>\n<li>la cilindrata dei motori unidirezionali e bidirezionali Vivoil varia fra 0,45 cm<sup>3<\/sup>\/giro e 86,87 cm<sup>3<\/sup>\/giro, la velocit\u00e0 di rotazione arriva fino a 9000 giri\/minuto, le pressioni massime raggiungono i 320 bar<\/li>\n<li>la cilindrata dei divisori di flusso Vivoil varia fra 0.16 cm<sup>3<\/sup>\/giro e 86,87 cm<sup>3<\/sup>\/giro e le pressioni massime raggiungono i 300 bar<\/li>\n<li>la cilindrata delle pompe multiple e degli elementi di pompe multiple Vivoil varia fra 0,16 cm<sup>3<\/sup>\/giro e 86,87 cm<sup>3<\/sup>\/giro e le pressioni massime raggiungono i 320 bar<\/li>\n<\/ul>\n<p>Possiamo personalizzare la maggior parte dei nostri prodotti con valvole (anticavitazione, di massima pressione, prioritarie, elettriche by-pass), supporti per applicazioni gravose e diverse configurazioni di flange ed alberi.<\/p>\n<p>La personalizzazione \u00e8 possibile per molti dei nostri componenti, se hai dei dubbi o hai bisogno di pi\u00f9 informazioni sul tipo di accessorio da applicare puoi contattare il nostro ufficio commerciale, \u00e8 a tua disposizione per darti tutte le risposte che cerchi.<\/p>\n<h3>Esempi di applicazioni<\/h3>\n<p>Alcuni dei nostri componenti possono essere molto utili per chi lavora con il bestiame e deve controllare la crescita della vegetazione, sono il divisore di flusso manifold a riallineamento istantaneo MIA-FD ed il paraolio alte pressioni:<\/p>\n<ol>\n<li>MIA-FD \u00e8 in grado di sollevare oggetti con pesi diversi, mantenendoli allineati, per esempio aiuta a mantenere in linea le piattaforme con animali, che senza questo divisore si solleverebbero in modo sbilanciato<\/li>\n<li>il paraolio alte pressioni \u00e8 un accessorio per motori utile nei tagliaerba, perch\u00e9, senza rinforzi speciali, quando il tosaerba urta contro un sasso, la pressione tende ad aumentare e fa uscire il paraolio<\/li>\n<\/ol>\n<p>La consegna \u00e8 rapida e per i nostri clienti non ci sono lotti minimi per l\u2019acquisto.<\/p>\n<h2>Divisori, pompe e motori per macchine agricole motrici e operatrici<\/h2>\n<p>Le nostre pompe, i motori e i divisori di flusso, che sfruttano i princ\u00ecpi dell\u2019oleodinamica, sono componenti essenziali di molte macchine usate sia in agricoltura, che per il giardinaggio e la silvicoltura, come le cippatrici, che riducono ramaglie e tronchi in scaglie di legno, o i decespugliatori per tagliare cespugli e macchie o, ancora, vengono usati per la costruzione dei tagliaerba e delle macchine spaccalegna.<\/p>\n<p>Sono componenti essenziali dei trattori, contribuendo al lavoro di trazione, spinta e azionamento.<\/p>\n<p>I nostri componenti sono utilizzati nelle macchine motrici per la raccolta dei prodotti agricoli, come le andanatrici, in quelle per la distribuzione di concimi e antiparassitari, come gli atomizzatori, o ancora, nelle macchine per la potatura nei vigneti, come le cimatrici, o per lo sminuzzamento meccanico di stoppie, residui di potatura e vegetazione infestante, come le trinciatrici.<\/p>\n<p>Servono anche al funzionamento dei carrelli elevatori, che devono spostare carichi pesanti, come frutta in cassoni e cassette, pallet e balle di fieno.<\/p>\n","protected":false},"excerpt":{"rendered":"<p>Divisori di flusso, motori e pompe oleodinamiche per trattori, tagliaerba, decespugliatori ed altri macchinari agricoli.<\/p>\n<p>Produciamo divisori di flusso, motori oleodinamici e pompe oleodinamiche per trattori ed altre macchine agricole. I nostri prodotti distribuiscono il giusto flusso di olio e insieme agli accessori che li completano, contribuiscono a rendere precise, fluide e sicure le operazioni tipiche del lavoro in agricoltura e nella silvicoltura: trasporto e movimento di grossi carichi, potatura, raccolta dei prodotti agricoli e delle piante.<\/p>\n","protected":false},"author":6,"featured_media":1000,"parent":574,"menu_order":0,"comment_status":"open","ping_status":"open","template":"","meta":{"_acf_changed":false,"_relevanssi_hide_post":"","_relevanssi_hide_content":"","_relevanssi_pin_for_all":"","_relevanssi_pin_keywords":"","_relevanssi_unpin_keywords":"","_relevanssi_related_keywords":"","_relevanssi_related_include_ids":"","_relevanssi_related_exclude_ids":"","_relevanssi_related_no_append":"","_relevanssi_related_not_related":"","_relevanssi_related_posts":"","_relevanssi_noindex_reason":"","footnotes":""},"class_list":["post-570","page","type-page","status-publish","has-post-thumbnail","hentry"],"acf":[],"_links":{"self":[{"href":"https:\/\/www.vivoil.com\/it\/wp-json\/wp\/v2\/pages\/570","targetHints":{"allow":["GET"]}}],"collection":[{"href":"https:\/\/www.vivoil.com\/it\/wp-json\/wp\/v2\/pages"}],"about":[{"href":"https:\/\/www.vivoil.com\/it\/wp-json\/wp\/v2\/types\/page"}],"author":[{"embeddable":true,"href":"https:\/\/www.vivoil.com\/it\/wp-json\/wp\/v2\/users\/6"}],"replies":[{"embeddable":true,"href":"https:\/\/www.vivoil.com\/it\/wp-json\/wp\/v2\/comments?post=570"}],"version-history":[{"count":1,"href":"https:\/\/www.vivoil.com\/it\/wp-json\/wp\/v2\/pages\/570\/revisions"}],"predecessor-version":[{"id":9255,"href":"https:\/\/www.vivoil.com\/it\/wp-json\/wp\/v2\/pages\/570\/revisions\/9255"}],"up":[{"embeddable":true,"href":"https:\/\/www.vivoil.com\/it\/wp-json\/wp\/v2\/pages\/574"}],"wp:featuredmedia":[{"embeddable":true,"href":"https:\/\/www.vivoil.com\/it\/wp-json\/wp\/v2\/media\/1000"}],"wp:attachment":[{"href":"https:\/\/www.vivoil.com\/it\/wp-json\/wp\/v2\/media?parent=570"}],"curies":[{"name":"wp","href":"https:\/\/api.w.org\/{rel}","templated":true}]}}