{"id":563,"date":"2018-03-26T19:38:18","date_gmt":"2018-03-26T17:38:18","guid":{"rendered":"https:\/\/www.vivoil.com\/it\/sistema-qualita\/"},"modified":"2025-05-12T15:46:14","modified_gmt":"2025-05-12T13:46:14","slug":"sistema-qualita","status":"publish","type":"page","link":"https:\/\/www.vivoil.com\/it\/sistema-qualita\/","title":{"rendered":"Sistema qualit\u00e0"},"content":{"rendered":"<h2>Certifica di qualit\u00e0<\/h2>\n<a href=\"https:\/\/www.vivoil.com\/it\/wp-content\/uploads\/sites\/2\/2024\/10\/ISO-9001-CERT-07112-2000-AQ-BOL-SINCERT-4-it-IT-20241018.pdf\" target=\"_blank\"><i class=\"fas fa-file-pdf\"><\/i> Certificato di qualit\u00e0 DNV 2024<\/a>\n<p>&nbsp;<\/p>\n<h2>Garanzia sui prodotti Vivoil<\/h2>\n<p>La VIVOIL OLEODINAMICA VIVOLO SRL garantisce all\u2019acquirente, a suo unico vantaggio, che i suoi prodotti non presentino difetti di lavorazione o di materiale se questi vengono utilizzati in condizioni normali ed in conformit\u00e0 delle raccomandazioni della nostra Azienda.<\/p>\n<p>A queste condizioni la garanzia ha una validit\u00e0 di 12 mesi dalla data di produzione indicata sul prodotto.<\/p>\n<h2>Quando non si applica la garanzia<\/h2>\n<p>La presente garanzia non sar\u00e0 applicabile su tutti quei prodotti, che solo a nostro giudizio, risultino manipolati con negligenza, utilizzati in modo non corretto, manomessi , oppure installati in applicazioni sbagliate.<\/p>\n<h2>Riparazioni e sostituzioni<\/h2>\n<p>La presente garanzia \u00e8 limitata alla riparazione e sostituzione dei prodotti, solo se dopo un accurato controllo da parte della VIVOIL OLEODINAMICA VIVOLO si riveleranno difettosi dall\u2019origine, e rientranti nei periodi di garanzia previsti.<\/p>\n<p>A tale proposito non Vi saranno da parte della nostra Azienda accrediti o rimborsi per i prodotti difettosi, ma la sostituzione dei pezzi originali.<\/p>\n<h2>Prodotti difettosi<\/h2>\n<p>I prodotti difettosi contestati ed in garanzia devono essere inviati alla VIVOIL OLEODINAMICA VIVOLO SRL franco spese di trasporto. Non verranno accettate spedizioni a carico del destinatario.<\/p>\n<p>Se, a seguito di un accurato esame del prodotto si verificher\u00e0 che la difettosit\u00e0 dipende dalla VIVOIL OLEODINAMICA VIVOLO, il particolare vi sar\u00e0 spedito riparato e le spese saranno a carico della VIVOIL, mentre se sul prodotto reso non vengono riscontrate anomalie e non risulta essere coperto da garanzia, verranno addebitate all\u2019acquirente le spese di controllo e se necessario l\u2019eventuale sostituzione di pezzi, rispedendolo con i costi di trasporto a carico del destinatario.<\/p>\n<p>La presente garanzia \u00e8 l\u2019unica garanzia fornita sui prodotti VIVOIL OLEODINAMICA VIVOLO SRL. Salvo eccezioni effettuate con comunicazioni scritte da parte della VIVOIL OLEODINAMICA VIVOLO direttamente all\u2019acquirente.<\/p>\n","protected":false},"excerpt":{"rendered":"<p>Certifica di qualit\u00e0 &nbsp; Garanzia sui prodotti Vivoil La VIVOIL OLEODINAMICA VIVOLO SRL garantisce all\u2019acquirente, a suo unico vantaggio, che i suoi prodotti non presentino difetti di lavorazione o di materiale se questi vengono utilizzati in condizioni normali ed in conformit\u00e0 delle raccomandazioni della nostra Azienda. A queste condizioni la garanzia ha una validit\u00e0 di [&hellip;]<\/p>\n","protected":false},"author":6,"featured_media":0,"parent":0,"menu_order":30,"comment_status":"open","ping_status":"open","template":"","meta":{"_acf_changed":false,"_relevanssi_hide_post":"","_relevanssi_hide_content":"","_relevanssi_pin_for_all":"","_relevanssi_pin_keywords":"","_relevanssi_unpin_keywords":"","_relevanssi_related_keywords":"","_relevanssi_related_include_ids":"","_relevanssi_related_exclude_ids":"","_relevanssi_related_no_append":"","_relevanssi_related_not_related":"","_relevanssi_related_posts":"","_relevanssi_noindex_reason":"","footnotes":""},"class_list":["post-563","page","type-page","status-publish","hentry"],"acf":[],"_links":{"self":[{"href":"https:\/\/www.vivoil.com\/it\/wp-json\/wp\/v2\/pages\/563","targetHints":{"allow":["GET"]}}],"collection":[{"href":"https:\/\/www.vivoil.com\/it\/wp-json\/wp\/v2\/pages"}],"about":[{"href":"https:\/\/www.vivoil.com\/it\/wp-json\/wp\/v2\/types\/page"}],"author":[{"embeddable":true,"href":"https:\/\/www.vivoil.com\/it\/wp-json\/wp\/v2\/users\/6"}],"replies":[{"embeddable":true,"href":"https:\/\/www.vivoil.com\/it\/wp-json\/wp\/v2\/comments?post=563"}],"version-history":[{"count":6,"href":"https:\/\/www.vivoil.com\/it\/wp-json\/wp\/v2\/pages\/563\/revisions"}],"predecessor-version":[{"id":9151,"href":"https:\/\/www.vivoil.com\/it\/wp-json\/wp\/v2\/pages\/563\/revisions\/9151"}],"wp:attachment":[{"href":"https:\/\/www.vivoil.com\/it\/wp-json\/wp\/v2\/media?parent=563"}],"curies":[{"name":"wp","href":"https:\/\/api.w.org\/{rel}","templated":true}]}}