{"id":562,"date":"2018-03-26T19:38:18","date_gmt":"2018-03-26T17:38:18","guid":{"rendered":"https:\/\/www.vivoil.com\/it\/chi-siamo\/"},"modified":"2025-05-12T15:46:13","modified_gmt":"2025-05-12T13:46:13","slug":"chi-siamo","status":"publish","type":"page","link":"https:\/\/www.vivoil.com\/it\/chi-siamo\/","title":{"rendered":"Chi siamo"},"content":{"rendered":"<h2>Vivoil, componenti oleodinamici dal 1985<\/h2>\n<p>La nostra azienda, <strong>Vivoil Oleodinamica Vivolo srl<\/strong>, nasce nel 1985, quando il Signor Domenico Vivolo, dopo 25 anni di esperienza in Turolla, una delle pi\u00f9 importanti realt\u00e0 del settore, decide di aprire una sua impresa per l\u2019<strong>assemblaggio<\/strong> e la <strong>vendita di componenti oleodinamici<\/strong>.<\/p>\n<p><img loading=\"lazy\" decoding=\"async\" class=\"aligncenter wp-image-5721 size-full\" src=\"https:\/\/www.vivoil.com\/it\/wp-content\/uploads\/sites\/2\/2018\/06\/area-montaggio-motori-pompe-oleodinamiche-vivoil.jpg\" alt=\"Area montaggio nella fabbrica di pompe e motori oleodinamici di Vivoil a Budrio\" width=\"1440\" height=\"810\" srcset=\"https:\/\/www.vivoil.com\/it\/wp-content\/uploads\/sites\/2\/2018\/06\/area-montaggio-motori-pompe-oleodinamiche-vivoil.jpg 1440w, https:\/\/www.vivoil.com\/it\/wp-content\/uploads\/sites\/2\/2018\/06\/area-montaggio-motori-pompe-oleodinamiche-vivoil-300x169.jpg 300w, https:\/\/www.vivoil.com\/it\/wp-content\/uploads\/sites\/2\/2018\/06\/area-montaggio-motori-pompe-oleodinamiche-vivoil-768x432.jpg 768w, https:\/\/www.vivoil.com\/it\/wp-content\/uploads\/sites\/2\/2018\/06\/area-montaggio-motori-pompe-oleodinamiche-vivoil-1024x576.jpg 1024w\" sizes=\"auto, (max-width: 1440px) 100vw, 1440px\" \/><\/p>\n<p>La nostra attivit\u00e0 cresce, tanto che, nel 2005, iniziamo a <strong>realizzare internamente alcuni processi di lavorazione<\/strong> e questo ci d\u00e0 la flessibilit\u00e0 necessaria per <strong>personalizzare<\/strong> al massimo i nostri prodotti e garantire <strong>consegne rapide<\/strong> in Italia e all\u2019estero. Da piccola impresa, Oleodinamica Vivoil diventa un Brand internazionale. Nello stesso anno ci trasferiamo nello stabilimento di Budrio (Bologna), che \u00e8 anche la sede dell\u2019azienda, in cui lavorano 30 persone e dove <strong>realizziamo<\/strong>:<\/p>\n<ul>\n<li><strong>pompe oleodinamiche<\/strong> ad ingranaggi esterni (<a href=\"https:\/\/www.vivoil.com\/it\/prodotti\/pompe-oleodinamiche-unidirezionali\/\">unidirezionali<\/a> e <a href=\"https:\/\/www.vivoil.com\/it\/prodotti\/pompe-oleodinamiche-reversibili\/\">bidirezionali<\/a>)<\/li>\n<li><strong>motori oleodinamici<\/strong> ad ingranaggi esterni (<a href=\"https:\/\/www.vivoil.com\/it\/prodotti\/motori-oleodinamici-unidirezionali\/\">unidirezionali<\/a> e <a href=\"https:\/\/www.vivoil.com\/it\/prodotti\/motori-oleodinamici-reversibili\/\">bidirezionali<\/a>)<\/li>\n<li><a href=\"https:\/\/www.vivoil.com\/it\/prodotti\/pompe-oleodinamiche-multiple\/\"><strong>pompe oleodinamiche multiple<\/strong><\/a> ad ingranaggi esterni gi\u00e0 assemblate o in <a href=\"https:\/\/www.vivoil.com\/it\/prodotti\/elementi-pompe-multiple\/\">stadi da assemblare<\/a><\/li>\n<li><a href=\"https:\/\/www.vivoil.com\/it\/prodotti\/divisori-di-flusso-oleodinamici\/\"><strong>divisori di flusso<\/strong><\/a><\/li>\n<\/ul>\n<p>Oggi vendiamo componenti oleodinamici in oltre <strong>60 paesi<\/strong> \u00a0e abbiamo conquistato la fiducia di importanti clienti e distributori europei, che ci apprezzano per l\u2019affidabilit\u00e0, la flessibilit\u00e0 e la rapidit\u00e0 di risposta.<\/p>\n<p>Ecco alcune delle loro <strong>testimonianze<\/strong>:<\/p>\n<div class=\"tfree-sc-code selectable\"><style id=\"sp_testimonial_dynamic_css3202\">#sp-testimonial-free-wrapper-3202 .sp-testimonial-free-section .testimonial-pagination span.swiper-pagination-bullet{background: #cccccc;}#sp-testimonial-free-wrapper-3202 .sp-testimonial-free-section .testimonial-pagination span.swiper-pagination-bullet.swiper-pagination-bullet-active{background: #52b3d9;} #sp-testimonial-free-wrapper-3202 .sp-testimonial-free-section .testimonial-nav-arrow{background: transparent;border: 0px solid #777777;color: #444444;}#sp-testimonial-free-wrapper-3202 .sp-testimonial-free-section .testimonial-nav-arrow:hover {background: transparent;border-color: #52b3d9;color: #52b3d9;}#sp-testimonial-free-wrapper-3202 .sp-testimonial-free-section{margin: 0 50px;}#sp-testimonial-free-wrapper-3202 .sp-testimonial-free-section{margin-bottom: 50px;}#sp-testimonial-free-wrapper-3202 .sp-testimonial-free-section .sp-testimonial-client-designation{color: #444444;}#sp-testimonial-free-wrapper-3202 .sp-testimonial-free-section .sp-testimonial-client-name{color: #35a835;}#sp-testimonial-free-wrapper-3202 .sp-testimonial-free-section .sp-testimonial-client-testimonial{color: #333333;}#sp-testimonial-free-wrapper-3202 .sp-testimonial-free {background : transparent;border: 1px solid transparent;border-radius: 0px;}<\/style><div id=\"sp-testimonial-free-wrapper-3202\" class=\"sp-testimonial-free-wrapper\"><div id=\"sp-testimonial-free-3202\" class=\"sp-testimonial-free-section tfree-style-theme-one\" dir=\"ltr\" data-preloader=\"\" data-swiper='{&quot;dots&quot;: 1,&quot;pagination_type&quot;: &quot;dots&quot;, &quot;spaceBetween&quot;: 20, &quot;adaptiveHeight&quot;: false, &quot;pauseOnHover&quot;: true, &quot;slidesToShow&quot;: 1, &quot;speed&quot;: 600, &quot;arrows&quot;: &quot;1&quot;, &quot;autoplay&quot;: true, &quot;autoplaySpeed&quot;: 3000, &quot;swipe&quot;: true, &quot;swipeToSlide&quot;: false, &quot;draggable&quot;: true, &quot;freeMode&quot;: false, &quot;rtl&quot;: false, &quot;infinite&quot;: true,&quot;slidesPerView&quot;: {&quot;lg_desktop&quot;:1 , &quot;desktop&quot;: 1, &quot;laptop&quot;:1 , &quot;tablet&quot;: 1, &quot;mobile&quot;: 1},&quot;navigation_mobile&quot;: true, &quot;pagination_mobile&quot;:true, &quot;autoplay_mobile&quot;:true}' ><div class=\"swiper-wrapper\"><div class=\"sp-testimonial-item swiper-slide\"><div class=\"sp-testimonial-free\"><div class=\"sp-testimonial-client-testimonial\"><div class=\"sp-testimonial-content\"><p>VIVOIL\u2019s products and customer service are impressive, and we are proud to be associated with this supplier.<\/p><\/div><\/div><h4 class=\"sp-testimonial-client-name\">Robert Chambers<\/h4> <div class=\"sp-testimonial-client-designation\">Sales manager, M A Hydraulics Ltd \u2013 England<\/div><\/div> <\/div> <div class=\"sp-testimonial-item swiper-slide\"><div class=\"sp-testimonial-free\"><div class=\"sp-testimonial-client-testimonial\"><div class=\"sp-testimonial-content\"><p>To przyjemno\u015b\u0107 ogl\u0105da\u0107 zmiany i uczestniczy\u0107 w rozwoju VIVOIL.<\/p><\/div><\/div><h4 class=\"sp-testimonial-client-name\">in\u017c. Mateusz Sromek<\/h4> <div class=\"sp-testimonial-client-designation\">Product Manager at HYDRO ZNPHS Sp. z o. o. (Polonia)<\/div><\/div> <\/div> <div class=\"sp-testimonial-item swiper-slide\"><div class=\"sp-testimonial-free\"><div class=\"sp-testimonial-client-testimonial\"><div class=\"sp-testimonial-content\"><p>Agradecemos muy calurosamente la colaboraci\u00f3n que d\u00eda a d\u00eda nos ofrece todo el staff de O. Vivolo.<\/p><p>Gracias a poder atender nuestras necesidades: podemos satisfacer a nuestros clientes.<\/p><\/div><\/div><h4 class=\"sp-testimonial-client-name\">Jos\u00e9 Lu\u00eds y Pilar L\u00f3pez<\/h4> <div class=\"sp-testimonial-client-designation\">Behidr\u00e0ulica (Spain)<\/div><\/div> <\/div> <div class=\"sp-testimonial-item swiper-slide\"><div class=\"sp-testimonial-free\"><div class=\"sp-testimonial-client-testimonial\"><div class=\"sp-testimonial-content\"><p>Nous entretenons de tr\u00e8s bonnes relations avec VIVOIL depuis plus de 20 ans et travaillons ensemble pour que cela continue. Un grand merci \u00e0 Mr Vivolo pour la qualit\u00e9 de sa production.<\/p><\/div><\/div><h4 class=\"sp-testimonial-client-name\">Mr Benoit Cabanis<\/h4> <div class=\"sp-testimonial-client-designation\">Managing Director from SOCAH HYDRAULIQUE - France<\/div><\/div> <\/div> <div class=\"sp-testimonial-item swiper-slide\"><div class=\"sp-testimonial-free\"><div class=\"sp-testimonial-client-testimonial\"><div class=\"sp-testimonial-content\"><p>Seit \u00fcber 20 Jahren handeln wir mit VIVOIL produkten. Au\u00dfer einem sehr guten Preis-Leistungsverh\u00e4ltnis, ist VIVOIL eine sehr innovative Firma mit immer neuen technischen L\u00f6sungen. Auch der technische-und kommerzielle Support ist hervorragend. Dank dieser Vorteile konnten wir im Laufe der Jahre immer gr\u00f6\u00dfere Ums\u00e4tze generieren.<\/p><\/div><\/div><h4 class=\"sp-testimonial-client-name\">Rolf Eichler<\/h4> <div class=\"sp-testimonial-client-designation\">Betriebsleiter - Dauner Antriebstechnik GmbH - Germany<\/div><\/div> <\/div> <\/div><div class=\"swiper-pagination testimonial-pagination\"><\/div><div class=\"swiper-button-prev testimonial-nav-arrow vertical_center\"><i class=\"fa fa-angle-left\"><\/i><\/div><div class=\"swiper-button-next testimonial-nav-arrow vertical_center\"><i class=\"fa fa-angle-right\"><\/i><\/div><\/div><\/div><script type=\"application\/ld+json\">{\"@context\": \"http:\/\/schema.org\",\"@type\": \"Product\",\"name\": \"Testimonial\",\"aggregateRating\": {\"@type\": \"AggregateRating\",\"bestRating\": \"5\",\"ratingValue\": \"5\",\"worstRating\": \"1\",\"reviewCount\": \"5\"},\"review\": []}<\/script><\/div>\n<h2>Affidabilit\u00e0: curiamo ogni prodotto fin nei minimi dettagli<\/h2>\n<p>Ogni componente Vivoil \u00e8 prodotto in Italia, viene collaudato e montato a mano nel nostro stabilimento, e i prodotti che richiedono la massima precisione vengono lavorati su macchine a 5 assi ed una sola presa. Studiamo ogni particolare tecnico ed estetico con la massima cura, i nostri progettisti, infatti, lavorano nel settore da molti anni. Grazie alla loro competenza e alla scelta di materiali di qualit\u00e0, come l\u2019alluminio serie 7000, dal nostro stabilimento escono solo componenti oleodinamici estremamente affidabili, per darti la sicurezza di poter contare su prodotti robusti e che durano nel tempo.<\/p>\n<h2>Flessibilit\u00e0: \u00a0personalizziamo i nostri componenti anche per piccoli ordini<\/h2>\n<p>Abbiamo suddiviso i nostri componenti in quattro gruppi dimensionali (0,1,2,3) \u00a0a cui corrispondono diverse cilindrate, per ottenere le massime prestazioni in ogni condizione di lavoro, e la maggior parte dei nostri prodotti \u00e8 personalizzabile con valvole, supporti per applicazioni gravose e diverse configurazioni di flange ed alberi. La flessibilit\u00e0 in Vivoil \u00e8 una missione condivisa, per questo tutti noi, dalla produzione al reparto vendite, ci impegniamo perch\u00e9 tu possa avere pompe, motori e divisori di flusso che si adattino perfettamente alle tue esigenze di produzione. Per i nostri clienti non ci sono lotti minimi d\u2019acquisto e dal momento in cui riceviamo l\u2019ordine, facciamo di tutto affinch\u00e9 la produzione e la consegna siano il pi\u00f9 rapide possibile.<\/p>\n<h2>Qualit\u00e0: crediamo che il servizio sia importante tanto quanto il prodotto<\/h2>\n<p>Prendiamo ogni richiesta molto seriamente, perch\u00e9 sappiamo che il prodotto da solo non basta. A volte bisogna essere molto rapidi nella consegna, in altri casi, invece, \u00e8 pi\u00f9 importante interpretare un\u2019esigenza di produzione e trovare il componente oleodinamico pi\u00f9 adatto a soddisfarla. Qualit\u00e0 per noi non \u00e8 solo produrre pompe, motori e divisori di flusso di alta gamma, ma significa anche capire cosa ti serve, trovare la soluzione migliore coinvolgendo il nostro staff di progettisti, tecnici, commerciali e amministrativi, e poi realizzarla in breve tempo, con la massima attenzione, per consegnarti i prodotti \u201cal pi\u00f9 presto\u201d, proprio nelle quantit\u00e0 e con le caratteristiche che stavi cercando.<\/p>\n","protected":false},"excerpt":{"rendered":"<p>Vivoil, componenti oleodinamici dal 1985 La nostra azienda, Vivoil Oleodinamica Vivolo srl, nasce nel 1985, quando il Signor Domenico Vivolo, dopo 25 anni di esperienza in Turolla, una delle pi\u00f9 importanti realt\u00e0 del settore, decide di aprire una sua impresa per l\u2019assemblaggio e la vendita di componenti oleodinamici. La nostra attivit\u00e0 cresce, tanto che, nel [&hellip;]<\/p>\n","protected":false},"author":6,"featured_media":0,"parent":0,"menu_order":20,"comment_status":"open","ping_status":"open","template":"","meta":{"_acf_changed":false,"_relevanssi_hide_post":"","_relevanssi_hide_content":"","_relevanssi_pin_for_all":"","_relevanssi_pin_keywords":"","_relevanssi_unpin_keywords":"","_relevanssi_related_keywords":"","_relevanssi_related_include_ids":"","_relevanssi_related_exclude_ids":"","_relevanssi_related_no_append":"","_relevanssi_related_not_related":"","_relevanssi_related_posts":"","_relevanssi_noindex_reason":"","footnotes":""},"class_list":["post-562","page","type-page","status-publish","hentry"],"acf":[],"_links":{"self":[{"href":"https:\/\/www.vivoil.com\/it\/wp-json\/wp\/v2\/pages\/562","targetHints":{"allow":["GET"]}}],"collection":[{"href":"https:\/\/www.vivoil.com\/it\/wp-json\/wp\/v2\/pages"}],"about":[{"href":"https:\/\/www.vivoil.com\/it\/wp-json\/wp\/v2\/types\/page"}],"author":[{"embeddable":true,"href":"https:\/\/www.vivoil.com\/it\/wp-json\/wp\/v2\/users\/6"}],"replies":[{"embeddable":true,"href":"https:\/\/www.vivoil.com\/it\/wp-json\/wp\/v2\/comments?post=562"}],"version-history":[{"count":2,"href":"https:\/\/www.vivoil.com\/it\/wp-json\/wp\/v2\/pages\/562\/revisions"}],"predecessor-version":[{"id":8967,"href":"https:\/\/www.vivoil.com\/it\/wp-json\/wp\/v2\/pages\/562\/revisions\/8967"}],"wp:attachment":[{"href":"https:\/\/www.vivoil.com\/it\/wp-json\/wp\/v2\/media?parent=562"}],"curies":[{"name":"wp","href":"https:\/\/api.w.org\/{rel}","templated":true}]}}