{"id":574,"date":"2018-03-26T19:38:18","date_gmt":"2018-03-26T17:38:18","guid":{"rendered":"https:\/\/www.vivoil.com\/es\/applicazioni\/"},"modified":"2025-10-22T16:49:10","modified_gmt":"2025-10-22T14:49:10","slug":"sectores-de-aplicacion","status":"publish","type":"page","link":"https:\/\/www.vivoil.com\/es\/sectores-de-aplicacion\/","title":{"rendered":"Sectores de aplicaci\u00f3n de nuestros componentes hidr\u00e1ulicos"},"content":{"rendered":"<h2>Una gama completa para cada sector y condici\u00f3n de trabajo<\/h2>\n<p>Los componentes hidr\u00e1ulicos Vivoil usados en las maquinarias agr\u00edcolas distribuyen el correcto flujo de aceite necesario para realizar las operaciones t\u00edpicas de trabajo en agricultura y la silvicultura sean precisas, fluidas y seguras: transporte y movimiento de grandes cargas, despuntadoras, recolecci\u00f3n de productos agr\u00edcolas y plantas.<\/p>\n<p>Los componentes para maquinaria industrial est\u00e1n dise\u00f1ados para durar en el tiempo, con el fin de reducir al m\u00ednimo las intervenciones de mantenimiento y los periodos de inactividad durante las operaciones de transporte y manejo de cargas pesadas, conversi\u00f3n de materiales, producci\u00f3n de semielaborados y generaci\u00f3n de energ\u00edas alternativas.<\/p>\n<p>Los componentes utilizados en las industrias automotriz y del transporte contribuyen al movimiento preciso y fluido de las m\u00e1quinas como de veh\u00edculos.<\/p>\n<p>Los componentes hidr\u00e1ulicos Vivoil para m\u00e1quinas de movimiento de tierras aportan a la seguridad de quienes conducen el veh\u00edculo y garantizan el funcionamiento continuo de las m\u00e1quinas empleadas en obras de construcci\u00f3n durante operaciones de excavaci\u00f3n, retirada, nivelaci\u00f3n y carga.<\/p>\n<h2>M\u00e1xima precisi\u00f3n y personalizaci\u00f3n incluso para peque\u00f1as cantidades<\/h2>\n<p>Los componentes Vivoil est\u00e1n disponibles en diferentes cilindradas para un rendimiento m\u00e1ximo en todas las condiciones, y son divididas en 4 grupos de tama\u00f1os (0,1,2,3 seg\u00fan nuestra clasificaci\u00f3n). Personalizamos la mayor\u00eda de nuestros productos con v\u00e1lvulas (anti-cavitaci\u00f3n, de m\u00e1xima presi\u00f3n, prioritarias, el\u00e9ctricas bypass), soportes para aplicaciones de cargas pesadas y una variedad de configuraciones de bridas y ejes.<\/p>\n<p>Nuestra gama de productos incluye:<\/p>\n<ul>\n<li><b>Bombas hidr\u00e1ulicas<\/b> con engranajes externos (unidireccionales y reversibles)<\/li>\n<li><b>Motores hidr\u00e1ulicos <\/b>con engranajes externos (unidireccionales y reversibles)<\/li>\n<li><b>Bombas hidr\u00e1ulicas<\/b> <b>m\u00faltiples<\/b> a engranajes externos ya ensamblados o en etapas por ensamblar.<\/li>\n<li><b>Divisores de caudal<\/b><\/li>\n<\/ul>\n<p>Todos nuestros componentes son fabricados en Italia y los productos que requieren una m\u00e1xima precisi\u00f3n son mecanizados con 5 ejes y una sola sujeci\u00f3n. Cada pieza se ensambla a mano y luego se prueba en nuestra f\u00e1brica en Budrio (Bolonia).<\/p>\n<p>La entrega es r\u00e1pida y no exigimos cantidades m\u00ednimas de compras para nuestros clientes.<\/p>\n<p>\u00bfTe gustar\u00eda conocer m\u00e1s sobre los productos Vivoil y las configuraciones disponibles?\u00a0Ponte en <a href=\"https:\/\/www.vivoil.com\/es\/contacto\/\">contacto con nuestro departamento comercial<\/a>.<\/p>\n","protected":false},"excerpt":{"rendered":"<p>Los divisores de caudal, los motores y bombas hidr\u00e1ulicas,junto a sus accesorios Vivoil son componentes muy importantes para la producci\u00f3n de maquinaria agr\u00edcola, de movimiento de tierra y de automoci\u00f3n.<\/p>\n","protected":false},"author":6,"featured_media":0,"parent":0,"menu_order":40,"comment_status":"open","ping_status":"closed","template":"page-parent.php","meta":{"_acf_changed":false,"_relevanssi_hide_post":"","_relevanssi_hide_content":"","_relevanssi_pin_for_all":"","_relevanssi_pin_keywords":"","_relevanssi_unpin_keywords":"","_relevanssi_related_keywords":"","_relevanssi_related_include_ids":"","_relevanssi_related_exclude_ids":"","_relevanssi_related_no_append":"","_relevanssi_related_not_related":"","_relevanssi_related_posts":"","_relevanssi_noindex_reason":"","footnotes":""},"class_list":["post-574","page","type-page","status-publish","hentry"],"acf":[],"_links":{"self":[{"href":"https:\/\/www.vivoil.com\/es\/wp-json\/wp\/v2\/pages\/574","targetHints":{"allow":["GET"]}}],"collection":[{"href":"https:\/\/www.vivoil.com\/es\/wp-json\/wp\/v2\/pages"}],"about":[{"href":"https:\/\/www.vivoil.com\/es\/wp-json\/wp\/v2\/types\/page"}],"author":[{"embeddable":true,"href":"https:\/\/www.vivoil.com\/es\/wp-json\/wp\/v2\/users\/6"}],"replies":[{"embeddable":true,"href":"https:\/\/www.vivoil.com\/es\/wp-json\/wp\/v2\/comments?post=574"}],"version-history":[{"count":2,"href":"https:\/\/www.vivoil.com\/es\/wp-json\/wp\/v2\/pages\/574\/revisions"}],"predecessor-version":[{"id":19332,"href":"https:\/\/www.vivoil.com\/es\/wp-json\/wp\/v2\/pages\/574\/revisions\/19332"}],"wp:attachment":[{"href":"https:\/\/www.vivoil.com\/es\/wp-json\/wp\/v2\/media?parent=574"}],"curies":[{"name":"wp","href":"https:\/\/api.w.org\/{rel}","templated":true}]}}