{"id":573,"date":"2018-03-26T19:38:18","date_gmt":"2018-03-26T17:38:18","guid":{"rendered":"https:\/\/www.vivoil.com\/es\/movimento-terra\/"},"modified":"2025-10-22T17:07:43","modified_gmt":"2025-10-22T15:07:43","slug":"movimiento-de-tierra","status":"publish","type":"page","link":"https:\/\/www.vivoil.com\/es\/sectores-de-aplicacion\/movimiento-de-tierra\/","title":{"rendered":"Movimiento de tierra"},"content":{"rendered":"<h2>Vivoil: bombas hidr\u00e1ulicas, motores y divisores de caudal para la fabricaci\u00f3n de m\u00e1quinas operadoras para movimiento de tierras.<\/h2>\n<p>La gama de maquinaria para movimiento de tierras Vivoil incluye bombas hidr\u00e1ulicas con engranajes externos (unidireccionales y reversibles), motores hidr\u00e1ulicos con engranajes externos (unidireccionales y reversibles), bombas m\u00faltiples hidr\u00e1ulicas con engranajes externos ya ensambladas o en etapas para ser ensambladas, divisores de caudal.<\/p>\n<p>Todos los componentes Vivoil son fabricados en Italia, y cada componente es ensamblado a mano y luego probado.<\/p>\n<p>Las bombas, motores y divisores de caudal est\u00e1n disponibles en diferentes cilindradas para un rendimiento m\u00e1ximo en todas las condiciones, y luego son divididas en 4 grupos de tama\u00f1os (0,1,2,3 seg\u00fan nuestra clasificaci\u00f3n), para que puedas escoger el producto que m\u00e1s se adapte a tus necesidades. A continuaci\u00f3n, se muestra un resumen de los rendimientos alcanzados:<\/p>\n<ul>\n<li>La cilindrada de las bombas unidireccionales y reversibles Vivoil var\u00eda entre 0,16 cm3\/rev y 86,87 cm3\/rev, la velocidad de rotaci\u00f3n alcanza hasta 9000 rpm, y las presiones m\u00e1ximas llegan a 320 bar.<\/li>\n<li>La cilindrada de los motores unidireccionales y reversibles Vivoil var\u00eda entre 0,45 cm3\/rev y 86,87 cm3\/rev la velocidad de rotaci\u00f3n alcanza hasta 9000 rpm, y las presiones m\u00e1ximas llegan a 320 bar.<\/li>\n<li>La cilindrada de los divisores de caudal Vivoil var\u00eda entre 0,16 cm3\/rev y 86,87 cm3\/rev, y las presiones m\u00e1ximas alcanzan los 300 bar.<\/li>\n<li>La cilindrada de las bombas m\u00faltiples y los elementos de bombas m\u00faltiples Vivoil var\u00eda entre 0,16 cm3\/rev y 86,87 cm3\/rev, y las presiones m\u00e1ximas alcanzan los 320 bar.<\/li>\n<\/ul>\n<p>Personalizamos la mayor\u00eda de nuestros productos con v\u00e1lvulas (anti-cavitaci\u00f3n, de m\u00e1xima presi\u00f3n, prioritarias, el\u00e9ctricas bypass), soportes para aplicaciones de trabajo pesado y diferentes configuraciones de bridas y ejes.<\/p>\n<p>Muchos de nuestros componentes pueden personalizarse; si tienes alguna duda, o necesitas m\u00e1s informaci\u00f3n sobre el tipo de accesorio que se puede aplicar, puedes contactar con nuestra oficina comercial, est\u00e1n a tu disposici\u00f3n para brindarte todas las respuestas que necesites.<\/p>\n<h2>Ejemplos de aplicaci\u00f3n<\/h2>\n<p>Algunos de nuestros componentes pueden ser muy \u00fatiles para hacer m\u00e1s eficaz el trabajo de las m\u00e1quinas de movimiento de tierras, que alcanzan niveles altos de presiones o que son utilizadas para transportar pesos elevados:<\/p>\n<p>1.El soporte de rodamiento exterior permite aplicar una carga axial o radial al eje.<br \/>\n2.La selecci\u00f3n de bombas y motores con brida de montaje y tapa de hierro fundido es especialmente adecuada para altas cargas y ciclos intensivos.<\/p>\n<p>La entrega es r\u00e1pida y no exigimos cantidades m\u00ednimas de compra para nuestros clientes.<\/p>\n<h2>Divisores, bombas y motores para m\u00e1quinas de movimiento de tierras: bulldozer, excavadoras, rastrojos, palas cargadoras, retroexcavadoras.<\/h2>\n<p>Nuestros productos son componentes clave de los intercambiadores de calor utilizados en aplicaciones hidr\u00e1ulicas m\u00f3viles para enfriar el aceite hidr\u00e1ulico o fluidos en m\u00e1quinas en operaci\u00f3n continua, que trabajan bajo condiciones exigentes, como las m\u00e1quinas operadoras para movimiento de tierras. Por lo tanto,son componentes de bulldozers, grandes veh\u00edculos mec\u00e1nicos que mueven tierra; de excavadoras, que retiran porciones de tierra para ser trituradas; de rastrojos, que sirven para nivelar el terreno; de la pala cargadora, que carga material suelto en camiones; y de la retroexcavadora, una m\u00e1quina de movimiento de tierras especialmente vers\u00e1til utilizada en obra civil.<\/p>\n<p>Tambi\u00e9n son componentes esenciales de los estabilizadores de estos veh\u00edculos, ya que ayudan a mantener el peso uniforme, controlan el movimiento y hacen que el trabajo de los que conducen las m\u00e1quinas autopropulsadas sea seguro y preciso.<\/p>\n","protected":false},"excerpt":{"rendered":"<p>Divisores de caudal, bombas hidr\u00e1ulicas y motores hidr\u00e1ulicos para intercambiadores de calor y estabilizadores utilizados en m\u00e1quinas operadoras para movimiento de tierras. Dise\u00f1amos y fabricamos bombas hidr\u00e1ulicas, divisores de caudal y motores hidr\u00e1ulicos para intercambiadores de calor y estabilizadores, empleados en m\u00e1quinas operadoras dedicadas al movimiento de tierras.<br \/>\nNuestros componentes contribuyen a la seguridad de quienes operan las m\u00e1quinas autopropulsadas, ya que permiten dividir el caudal de forma equilibrada y mantener el peso uniforme. <\/p>\n<p>En conjunto con otros sistemas de accionamiento, estos dispositivos aseguran el funcionamiento continuo durante operaciones de desmonte, nivelaci\u00f3n y carga en obra, incluso en condiciones exigentes. <\/p>\n","protected":false},"author":6,"featured_media":5743,"parent":574,"menu_order":0,"comment_status":"open","ping_status":"closed","template":"","meta":{"_acf_changed":false,"_relevanssi_hide_post":"","_relevanssi_hide_content":"","_relevanssi_pin_for_all":"","_relevanssi_pin_keywords":"","_relevanssi_unpin_keywords":"","_relevanssi_related_keywords":"","_relevanssi_related_include_ids":"","_relevanssi_related_exclude_ids":"","_relevanssi_related_no_append":"","_relevanssi_related_not_related":"","_relevanssi_related_posts":"","_relevanssi_noindex_reason":"","footnotes":""},"class_list":["post-573","page","type-page","status-publish","has-post-thumbnail","hentry"],"acf":[],"_links":{"self":[{"href":"https:\/\/www.vivoil.com\/es\/wp-json\/wp\/v2\/pages\/573","targetHints":{"allow":["GET"]}}],"collection":[{"href":"https:\/\/www.vivoil.com\/es\/wp-json\/wp\/v2\/pages"}],"about":[{"href":"https:\/\/www.vivoil.com\/es\/wp-json\/wp\/v2\/types\/page"}],"author":[{"embeddable":true,"href":"https:\/\/www.vivoil.com\/es\/wp-json\/wp\/v2\/users\/6"}],"replies":[{"embeddable":true,"href":"https:\/\/www.vivoil.com\/es\/wp-json\/wp\/v2\/comments?post=573"}],"version-history":[{"count":3,"href":"https:\/\/www.vivoil.com\/es\/wp-json\/wp\/v2\/pages\/573\/revisions"}],"predecessor-version":[{"id":19455,"href":"https:\/\/www.vivoil.com\/es\/wp-json\/wp\/v2\/pages\/573\/revisions\/19455"}],"up":[{"embeddable":true,"href":"https:\/\/www.vivoil.com\/es\/wp-json\/wp\/v2\/pages\/574"}],"wp:featuredmedia":[{"embeddable":true,"href":"https:\/\/www.vivoil.com\/es\/wp-json\/wp\/v2\/media\/5743"}],"wp:attachment":[{"href":"https:\/\/www.vivoil.com\/es\/wp-json\/wp\/v2\/media?parent=573"}],"curies":[{"name":"wp","href":"https:\/\/api.w.org\/{rel}","templated":true}]}}