{"id":5729,"date":"2018-06-28T16:46:36","date_gmt":"2018-06-28T14:46:36","guid":{"rendered":"https:\/\/www.vivoil.com\/es\/?page_id=5729"},"modified":"2026-01-16T13:20:53","modified_gmt":"2026-01-16T12:20:53","slug":"credits","status":"publish","type":"page","link":"https:\/\/www.vivoil.com\/es\/credits\/","title":{"rendered":"Cr\u00e9ditos"},"content":{"rendered":"<p>La estrategia de marketing en l\u00ednea es gestionada por <a href=\"https:\/\/www.lascribacchina.it\/\">La Scribacchina<\/a>.<\/p>\n<p>Su equipo:<\/p>\n<ul>\n<li>Dise\u00f1o web: Simone Montanari<\/li>\n<li>SEO y estructura de la informaci\u00f3n: Tatiana Schirinzi, Andrea Chiga<\/li>\n<li>Redacci\u00f3n: Sibilla Garulli<\/li>\n<li>Traducciones al ingl\u00e9s: Marilena Morini<\/li>\n<li>Traducciones al alem\u00e1n: Andreas Zimmer<\/li>\n<li>Traducciones al espa\u00f1ol: Romina Romano<\/li>\n<li>Traducciones al franc\u00e9s: Sean Harvey<\/li>\n<li>Bolet\u00edn de noticias: Daniela Scapoli<\/li>\n<\/ul>\n","protected":false},"excerpt":{"rendered":"<p>La estrategia de marketing en l\u00ednea es gestionada por La Scribacchina. Su equipo: Dise\u00f1o web: Simone Montanari SEO y estructura de la informaci\u00f3n: Tatiana Schirinzi, Andrea Chiga Redacci\u00f3n: Sibilla Garulli Traducciones al ingl\u00e9s: Marilena Morini Traducciones al alem\u00e1n: Andreas Zimmer Traducciones al espa\u00f1ol: Romina Romano Traducciones al franc\u00e9s: Sean Harvey Bolet\u00edn de noticias: Daniela Scapoli<\/p>\n","protected":false},"author":6,"featured_media":0,"parent":0,"menu_order":300,"comment_status":"closed","ping_status":"closed","template":"","meta":{"_acf_changed":false,"_relevanssi_hide_post":"","_relevanssi_hide_content":"","_relevanssi_pin_for_all":"","_relevanssi_pin_keywords":"","_relevanssi_unpin_keywords":"","_relevanssi_related_keywords":"","_relevanssi_related_include_ids":"","_relevanssi_related_exclude_ids":"","_relevanssi_related_no_append":"","_relevanssi_related_not_related":"","_relevanssi_related_posts":"","_relevanssi_noindex_reason":"","footnotes":""},"class_list":["post-5729","page","type-page","status-publish","hentry"],"acf":[],"_links":{"self":[{"href":"https:\/\/www.vivoil.com\/es\/wp-json\/wp\/v2\/pages\/5729","targetHints":{"allow":["GET"]}}],"collection":[{"href":"https:\/\/www.vivoil.com\/es\/wp-json\/wp\/v2\/pages"}],"about":[{"href":"https:\/\/www.vivoil.com\/es\/wp-json\/wp\/v2\/types\/page"}],"author":[{"embeddable":true,"href":"https:\/\/www.vivoil.com\/es\/wp-json\/wp\/v2\/users\/6"}],"replies":[{"embeddable":true,"href":"https:\/\/www.vivoil.com\/es\/wp-json\/wp\/v2\/comments?post=5729"}],"version-history":[{"count":4,"href":"https:\/\/www.vivoil.com\/es\/wp-json\/wp\/v2\/pages\/5729\/revisions"}],"predecessor-version":[{"id":19818,"href":"https:\/\/www.vivoil.com\/es\/wp-json\/wp\/v2\/pages\/5729\/revisions\/19818"}],"wp:attachment":[{"href":"https:\/\/www.vivoil.com\/es\/wp-json\/wp\/v2\/media?parent=5729"}],"curies":[{"name":"wp","href":"https:\/\/api.w.org\/{rel}","templated":true}]}}