{"id":572,"date":"2018-03-26T19:38:18","date_gmt":"2018-03-26T17:38:18","guid":{"rendered":"https:\/\/www.vivoil.com\/es\/automotive-e-trasporti\/"},"modified":"2025-10-22T17:01:09","modified_gmt":"2025-10-22T15:01:09","slug":"automocion-transporte","status":"publish","type":"page","link":"https:\/\/www.vivoil.com\/es\/sectores-de-aplicacion\/automocion-transporte\/","title":{"rendered":"Automoci\u00f3n y transporte"},"content":{"rendered":"<h2>Vivoil: bombas hidr\u00e1ulicas, motores y divisores de caudal para el sector de automoci\u00f3n y transporte.<\/h2>\n<p>La gama de Vivoil para las industrias de automoci\u00f3n y transporte incluyen bombas hidr\u00e1ulicas con engranajes externos (unidireccionales y reversibles), motores hidr\u00e1ulicos con engranajes externos (unidireccionales y reversibles), bombas hidr\u00e1ulicas m\u00faltiples con engranajes externos ya ensamblados o por ensamblar o en etapas por ensamblar, divisores de caudal.<\/p>\n<p>Todos los componentes Vivoil son fabricados en Italia, y cada componente es ensamblado a mano y luego probado.<\/p>\n<p>Las bombas, motores y divisores de caudal est\u00e1n disponibles en diferentes cilindradas para un rendimiento m\u00e1ximo en todas las condiciones, y luego son divididas en 4 grupos dimensionales (0,1,2,3 seg\u00fan nuestra clasificaci\u00f3n), para que puedas escoger el producto que m\u00e1s se adapte a tus necesidades. A continuaci\u00f3n, se muestra un resumen de los rendimientos alcanzados:<\/p>\n<ul>\n<li>La cilindrada de las bombas unidireccionales y reversibles Vivoil var\u00eda entre 0,16 cm3\/rev y 86,87 cm3\/rev, la velocidad de rotaci\u00f3n alcanza hasta 9000 rpm, y las presiones m\u00e1ximas llegan a 320 bar.<\/li>\n<li>La cilindrada de los motores unidireccionales y reversibles Vivoil var\u00eda entre 0,45 cm3\/rev y 86,87 cm3\/rev la velocidad de rotaci\u00f3n alcanza hasta 9000 rpm, y las presiones m\u00e1ximas llegan a 320 bar.<\/li>\n<li>La cilindrada de los divisores de caudal Vivoil var\u00eda entre 0,16 cm3\/rev y 86,87 cm3\/rev, y las presiones m\u00e1ximas alcanzan los 300 bar.<\/li>\n<li>La cilindrada de las bombas m\u00faltiples y los elementos de bombas m\u00faltiples Vivoil var\u00eda entre 0,16 cm3\/rev y 86,87 cm3\/rev, y las presiones m\u00e1ximas alcanzan los 320 bar.<\/li>\n<\/ul>\n<p>Personalizamos la mayor\u00eda de nuestros productos con v\u00e1lvulas (anti-cavitaci\u00f3n, de m\u00e1xima presi\u00f3n, prioritarias, el\u00e9ctricas bypass), soportes para aplicaciones de trabajo pesado y diferentes configuraciones de bridas y ejes.<\/p>\n<p>Muchos de nuestros componentes pueden personalizarse; si tienes alguna duda, o necesitas m\u00e1s informaci\u00f3n sobre el tipo de accesorio que se puede aplicar, puedes contactar con nuestra oficina comercial, est\u00e1n a tu disposici\u00f3n para brindarte todas las respuestas que necesites.<\/p>\n<h2>Divisores, bombas y motores para intercambiadores de calor y sistemas de accionamiento<\/h2>\n<p>Divisores de caudal, bombas hidr\u00e1ulicas y motores hidr\u00e1ulicos contribuyen a la precisi\u00f3n y fluidez de los movimientos de m\u00e1quinas y veh\u00edculos como remolques, que transportan costillas, cisternas, silos y contenedores.<\/p>\n","protected":false},"excerpt":{"rendered":"<p>Divisores de caudal, bombas hidr\u00e1ulicas y motores hidr\u00e1ulicos para remolques y sistemas de accionamiento. Fabricamos bombas hidr\u00e1ulicas, divisores de caudal, motores hidr\u00e1ulicos para remolques, sistemas de propulsi\u00f3n y otras aplicaciones en la industria de la automoci\u00f3n y transporte. Nuestros productos y accesorios contribuyen a que el movimiento de los veh\u00edculos sea preciso, seguro y fluido.<\/p>\n","protected":false},"author":6,"featured_media":5739,"parent":574,"menu_order":0,"comment_status":"open","ping_status":"closed","template":"","meta":{"_acf_changed":false,"_relevanssi_hide_post":"","_relevanssi_hide_content":"","_relevanssi_pin_for_all":"","_relevanssi_pin_keywords":"","_relevanssi_unpin_keywords":"","_relevanssi_related_keywords":"","_relevanssi_related_include_ids":"","_relevanssi_related_exclude_ids":"","_relevanssi_related_no_append":"","_relevanssi_related_not_related":"","_relevanssi_related_posts":"","_relevanssi_noindex_reason":"","footnotes":""},"class_list":["post-572","page","type-page","status-publish","has-post-thumbnail","hentry"],"acf":[],"_links":{"self":[{"href":"https:\/\/www.vivoil.com\/es\/wp-json\/wp\/v2\/pages\/572","targetHints":{"allow":["GET"]}}],"collection":[{"href":"https:\/\/www.vivoil.com\/es\/wp-json\/wp\/v2\/pages"}],"about":[{"href":"https:\/\/www.vivoil.com\/es\/wp-json\/wp\/v2\/types\/page"}],"author":[{"embeddable":true,"href":"https:\/\/www.vivoil.com\/es\/wp-json\/wp\/v2\/users\/6"}],"replies":[{"embeddable":true,"href":"https:\/\/www.vivoil.com\/es\/wp-json\/wp\/v2\/comments?post=572"}],"version-history":[{"count":2,"href":"https:\/\/www.vivoil.com\/es\/wp-json\/wp\/v2\/pages\/572\/revisions"}],"predecessor-version":[{"id":19673,"href":"https:\/\/www.vivoil.com\/es\/wp-json\/wp\/v2\/pages\/572\/revisions\/19673"}],"up":[{"embeddable":true,"href":"https:\/\/www.vivoil.com\/es\/wp-json\/wp\/v2\/pages\/574"}],"wp:featuredmedia":[{"embeddable":true,"href":"https:\/\/www.vivoil.com\/es\/wp-json\/wp\/v2\/media\/5739"}],"wp:attachment":[{"href":"https:\/\/www.vivoil.com\/es\/wp-json\/wp\/v2\/media?parent=572"}],"curies":[{"name":"wp","href":"https:\/\/api.w.org\/{rel}","templated":true}]}}