{"id":571,"date":"2018-03-26T19:38:18","date_gmt":"2018-03-26T17:38:18","guid":{"rendered":"https:\/\/www.vivoil.com\/es\/industriale\/"},"modified":"2025-10-22T17:16:22","modified_gmt":"2025-10-22T15:16:22","slug":"industrial","status":"publish","type":"page","link":"https:\/\/www.vivoil.com\/es\/sectores-de-aplicacion\/industrial\/","title":{"rendered":"Industrial"},"content":{"rendered":"<h2>Vivoil: bombas hidr\u00e1ulicas, motores y divisores de caudal para m\u00e1quinas industriales.<\/h2>\n<p>La gama Vivoil para maquinaria industrial incluye bombas hidr\u00e1ulicas con engranajes externos (unidireccionales y reversibles), motores hidr\u00e1ulicos con engranajes externos (unidireccionales y reversibles), bombas m\u00faltiples hidr\u00e1ulicas con engranajes externos ya ensambladas o en etapas para ser ensambladas, divisores de caudal.<\/p>\n<p>Todos los componentes Vivoil son fabricados en Italia, y cada componente es ensamblado a mano y luego probado.<\/p>\n<p>Las bombas, motores y divisores de caudal est\u00e1n disponibles en diferentes cilindradas para un rendimiento m\u00e1ximo en todas las condiciones, y luego son divididas en 4 grupos de tama\u00f1os (0,1,2,3 seg\u00fan nuestra clasificaci\u00f3n), para que puedas escoger el producto que m\u00e1s se adapte a tus necesidades. A continuaci\u00f3n, se muestra un resumen de los rendimientos alcanzados:<\/p>\n<ul>\n<li>La cilindrada de las bombas unidireccionales y reversibles Vivoil var\u00eda entre 0,16 cm3\/rev y 86,87 cm3\/rev, la velocidad de rotaci\u00f3n alcanza hasta 9000 rpm, y las presiones m\u00e1ximas llegan a 320 bar.<\/li>\n<li>La cilindrada de los motores unidireccionales y reversibles Vivoil var\u00eda entre 0,45 cm3\/rev y 86,87 cm3\/rev la velocidad de rotaci\u00f3n alcanza hasta 9000 rpm, y las presiones m\u00e1ximas llegan a 320 bar.<\/li>\n<li>La cilindrada de los divisores de caudal Vivoil var\u00eda entre 0,16 cm3\/rev y 86,87 cm3\/rev, y las presiones m\u00e1ximas alcanzan los 300 bar.<\/li>\n<li>La cilindrada de las bombas m\u00faltiples y los elementos de bombas m\u00faltiples Vivoil var\u00eda entre 0,16 cm3\/rev y 86,87 cm3\/rev, y las presiones m\u00e1ximas alcanzan los 320 bar.<\/li>\n<\/ul>\n<p>Personalizamos la mayor\u00eda de nuestros productos con v\u00e1lvulas (anti-cavitaci\u00f3n, de presi\u00f3n m\u00e1xima, prioritarias, el\u00e9ctricas bypass), soportes para aplicaciones de trabajo pesado y diferentes configuraciones de bridas y ejes.<\/p>\n<p>Muchos de nuestros componentes pueden personalizarse; si tienes alguna duda, o necesitas m\u00e1s informaci\u00f3n sobre el tipo de accesorio que se puede aplicar, puedes contactar con nuestra oficina comercial, est\u00e1n a tu disposici\u00f3n para brindarte todas las respuestas que necesites.<\/p>\n<h2>Ejemplos de aplicaci\u00f3n<\/h2>\n<p>Algunos de nuestros componentes pueden ser muy \u00fatiles para las m\u00e1quinas industriales que alcanzan niveles altos de presiones o que son utilizadas para transportar pesos elevados:<\/p>\n<ol>\n<li>Los motores con v\u00e1lvulas de presi\u00f3n m\u00e1xima y\/o v\u00e1lvulas anti-cavitaci\u00f3n son \u00fatiles para ventiladores de refrigeraci\u00f3n, ya que ofrecen una doble protecci\u00f3n contra la sobrepresi\u00f3n y los problemas causados por la inercia.<\/li>\n<li>El soporte de rodamiento exterior permite aplicar una carga axial o radial al eje.<\/li>\n<li>La selecci\u00f3n de bombas y motores con brida de montaje y tapa de hierro fundido es especialmente adecuada para altas cargas y ciclos intensivos.<\/li>\n<li>Nuestro divisor de caudal en bloque colector con realineaci\u00f3n instant\u00e1nea MIA-FD es capaz de levantar objetos con diferentes pesos manteni\u00e9ndolos alineados, como en el caso de camiones, por ejemplo, donde el peso se concreta m\u00e1s en la parte delantera del veh\u00edculo.<\/li>\n<\/ol>\n<p>La entrega es r\u00e1pida y no exigimos cantidades m\u00ednimas de compra para nuestros clientes.<\/p>\n<h2>Divisores, bombas y motores para m\u00e1quinas industriales: carpinter\u00eda, pl\u00e1stico, calzado, textil, cer\u00e1mica, transporte y manipulaci\u00f3n de materiales pesados<\/h2>\n<p>Las bombas hidr\u00e1ulicas, los motores y los divisores de caudal son componentes esenciales de muchas m\u00e1quinas industriales utilizadas en diversos sectores. Est\u00e1n presentes en m\u00e1quinas para el trabajo de la madera en l\u00edneas de producci\u00f3n de gran escala, como prensas y partidores de troncos; en m\u00e1quinas para el procesamiento de pl\u00e1sticos, como compactadores; y en el sector del calzado, por ejemplo, en m\u00e1quinas para la producci\u00f3n de suelas.<\/p>\n<p>Tambi\u00e9n se emplean en maquinaria del sector cer\u00e1mico, as\u00ed como en m\u00e1quinas de embalaje, soldadura y textiles. Est\u00e1n presentes incluso en m\u00e1quinas de lavado, como las utilizadas para el lavado exterior de veh\u00edculos ferroviarios.<\/p>\n<p>Los componentes hidr\u00e1ulicos distribuyen el caudal de aceite adecuado para que el trabajo de las m\u00e1quinas sea fluido y preciso, como en el caso de los martinetes, que introducen estacas en el suelo para construir barreras de seguridad, guardarra\u00edles, cercas, vi\u00f1edos, entre otros. Tambi\u00e9n se encuentran en las calandras y en m\u00e1quinas de las industrias papelera, textil y metal\u00fargica. Son piezas clave en compresores, cajas de engranajes, turbinas, pulverizadores, e incluso en bancos de prueba para productos hidr\u00e1ulicos.<\/p>\n<p>Las bombas, motores y divisores de caudal se utilizan para accionar prensas de residuos y compactadoras, y est\u00e1n integrados en las unidades de potencia hidr\u00e1ulica de muchas m\u00e1quinas.<\/p>\n<p>Los productos Vivoil son fundamentales para el funcionamiento de maquinaria autopropulsada, carretillas elevadoras y gr\u00faas, que se encargan de elevar y manipular mercanc\u00edas: tambi\u00e9n est\u00e1n presentes en pilonas autom\u00e1ticas para el control de acceso a zona de tr\u00e1fico limitado y \u00e1reas privadas; as\u00ed como en plataformas elevadoras. Finalmente, se utilizan tambi\u00e9n en instalaciones de energ\u00edas renovables, como aerogeneradores y paneles solares.<\/p>\n","protected":false},"excerpt":{"rendered":"<p>Divisores de caudal, bombas hidr\u00e1ulicas y motores hidr\u00e1ulicos para carretillas elevadoras, prensas, compresores, paneles solares y otras m\u00e1quinas industriales.<\/p>\n<p>Fabricamos bombas hidr\u00e1ulicas, divisores de caudal y motores hidr\u00e1ulicos que pueden ser utilizados en carretillas elevadoras, prensas, compresores, turbinas de aire y otras m\u00e1quinas industriales. Todos nuestros productos est\u00e1n dise\u00f1ados para perdurar en el tiempo, con el fin de reducir al m\u00ednimo las intervenciones de mantenimiento y los tiempos de inactividad de las m\u00e1quinas. Contribuyen a que el trabajo de las m\u00e1quinas industriales utilizadas para transportar y mover cargas pesadas, transformar materiales, producir productos semielaborados y generar energ\u00eda alternativa, sea preciso, fluido y seguro. <\/p>\n","protected":false},"author":6,"featured_media":5741,"parent":574,"menu_order":0,"comment_status":"open","ping_status":"open","template":"","meta":{"_acf_changed":false,"_relevanssi_hide_post":"","_relevanssi_hide_content":"","_relevanssi_pin_for_all":"","_relevanssi_pin_keywords":"","_relevanssi_unpin_keywords":"","_relevanssi_related_keywords":"","_relevanssi_related_include_ids":"","_relevanssi_related_exclude_ids":"","_relevanssi_related_no_append":"","_relevanssi_related_not_related":"","_relevanssi_related_posts":"","_relevanssi_noindex_reason":"","footnotes":""},"class_list":["post-571","page","type-page","status-publish","has-post-thumbnail","hentry"],"acf":[],"_links":{"self":[{"href":"https:\/\/www.vivoil.com\/es\/wp-json\/wp\/v2\/pages\/571","targetHints":{"allow":["GET"]}}],"collection":[{"href":"https:\/\/www.vivoil.com\/es\/wp-json\/wp\/v2\/pages"}],"about":[{"href":"https:\/\/www.vivoil.com\/es\/wp-json\/wp\/v2\/types\/page"}],"author":[{"embeddable":true,"href":"https:\/\/www.vivoil.com\/es\/wp-json\/wp\/v2\/users\/6"}],"replies":[{"embeddable":true,"href":"https:\/\/www.vivoil.com\/es\/wp-json\/wp\/v2\/comments?post=571"}],"version-history":[{"count":3,"href":"https:\/\/www.vivoil.com\/es\/wp-json\/wp\/v2\/pages\/571\/revisions"}],"predecessor-version":[{"id":19677,"href":"https:\/\/www.vivoil.com\/es\/wp-json\/wp\/v2\/pages\/571\/revisions\/19677"}],"up":[{"embeddable":true,"href":"https:\/\/www.vivoil.com\/es\/wp-json\/wp\/v2\/pages\/574"}],"wp:featuredmedia":[{"embeddable":true,"href":"https:\/\/www.vivoil.com\/es\/wp-json\/wp\/v2\/media\/5741"}],"wp:attachment":[{"href":"https:\/\/www.vivoil.com\/es\/wp-json\/wp\/v2\/media?parent=571"}],"curies":[{"name":"wp","href":"https:\/\/api.w.org\/{rel}","templated":true}]}}