{"id":570,"date":"2018-03-26T19:38:18","date_gmt":"2018-03-26T17:38:18","guid":{"rendered":"https:\/\/www.vivoil.com\/es\/agricolo\/"},"modified":"2025-10-22T15:33:03","modified_gmt":"2025-10-22T13:33:03","slug":"agricultura","status":"publish","type":"page","link":"https:\/\/www.vivoil.com\/es\/sectores-de-aplicacion\/agricultura\/","title":{"rendered":"Agricultura"},"content":{"rendered":"<h2>Vivoil: bombas hidr\u00e1ulicas, motores y divisores de caudal para maquinaria agr\u00edcola.<\/h2>\n<p>La gama de maquinaria agr\u00edcola de Vivoil incluye bombas hidr\u00e1ulicas con engranajes externos (unidireccionales y reversibles), motores hidr\u00e1ulicos con engranajes externos (unidireccionales y reversibles), bombas hidr\u00e1ulicas m\u00faltiples con engranajes externos ya ensambladas o en etapas por ensamblar, y divisores de caudal.<\/p>\n<p>Todos los componentes Vivoil son fabricados en Italia, y cada componente es ensamblado a mano y luego probado.<\/p>\n<p>Las bombas, motores y divisores de caudal est\u00e1n disponibles en diferentes cilindradas para un rendimiento m\u00e1ximo en todas las condiciones, y luego son divididas en 4 grupos de tama\u00f1os (0,1,2,3 seg\u00fan nuestra clasificaci\u00f3n) para que puedas escoger el producto que m\u00e1s se adapte a tus necesidades. A continuaci\u00f3n, se muestra un resumen de los rendimientos alcanzados:<\/p>\n<ul>\n<li aria-level=\"1\">La cilindrada de las bombas unidireccionales y reversibles Vivoil var\u00eda entre 0,16 cm3\/rev y 86,87 cm3\/rev, la velocidad de rotaci\u00f3n alcanza hasta 9000 rpm, y las presiones m\u00e1ximas llegan a 320 bar.<\/li>\n<li aria-level=\"1\">La cilindrada de los motores unidireccionales y reversibles Vivoil var\u00eda entre 0,45 cm3\/rev y 86,87 cm3\/rev la velocidad de rotaci\u00f3n alcanza hasta 9000 rpm, y las presiones m\u00e1ximas llegan a 320 bar.<\/li>\n<li aria-level=\"1\">La cilindrada de los divisores de caudal Vivoil var\u00eda entre 0,16 cm3\/rev y 86,87 cm3\/rev, y las presiones m\u00e1ximas alcanzan los 300 bar.<\/li>\n<li aria-level=\"1\">La cilindrada de las bombas m\u00faltiples y los elementos de bombas m\u00faltiples Vivoil var\u00eda entre 0,16 cm3\/rev y 86,87 cm3\/rev, y las presiones m\u00e1ximas alcanzan los 320 bar.<\/li>\n<\/ul>\n<p>Personalizamos la mayor\u00eda de nuestros productos con v\u00e1lvulas (anti-cavitaci\u00f3n, de m\u00e1xima presi\u00f3n, prioritarias, el\u00e9ctricas bypass), soportes para aplicaciones de trabajo pesado y diferentes configuraciones de bridas y ejes.<\/p>\n<p>Muchos de nuestros componentes pueden personalizarse; si tienes alguna duda, o necesitas m\u00e1s informaci\u00f3n sobre el tipo de accesorio que se puede aplicar, puedes contactar con nuestra oficina comercial, Est\u00e1n a tu disposici\u00f3n para brindarte todas las respuestas que necesites.<\/p>\n<h2>Ejemplos de aplicaci\u00f3n<\/h2>\n<p>Algunos de nuestros componentes pueden ser muy \u00fatiles para aquellos que trabajan con el ganado y deben controlar el crecimiento de la vegetaci\u00f3n. Entre ellos se encuentran el divisor de caudal con bloque colector y realineaci\u00f3n instant\u00e1nea (MIA-FD) y ret\u00e9n de eje para alta presi\u00f3n.<\/p>\n<ol>\n<li aria-level=\"1\">MIA-FD es capaz de levantar objetos con pesos diferentes, manteni\u00e9ndolos alineados. Por ejemplo, ayuda a mantener plataformas con animales niveladas, lo cual sin este divisor se levantar\u00edan de forma desequilibrada.<\/li>\n<li aria-level=\"1\">El ret\u00e9n de eje para alta presi\u00f3n es un accesorio para motores muy \u00fatil en cortac\u00e9spedes, ya que sin refuerzos especiales, cuando el cortac\u00e9sped golpea una piedra, la presi\u00f3n tiende a aumentar y puede hacer que el ret\u00e9n se desplace o se salga.<\/li>\n<\/ol>\n<p>La entrega es r\u00e1pida y no exigimos cantidades m\u00ednimas de compra para nuestros clientes.<\/p>\n<h2>Divisores, bombas y motores para m\u00e1quinas agr\u00edcolas motrices y m\u00e1quinas operadoras<\/h2>\n<p>Nuestras bombas, motores y divisores de caudal, que utilizan los principios de la hidr\u00e1ulica, son componentes esenciales para muchas m\u00e1quinas utilizadas en agricultura, jardiner\u00eda y silvicultura. Como astilladoras de madera, que reducen ramas y troncos en astillas; las desbrozadoras, para cortar arbustos y malezas; o tambi\u00e9n se emplean en la fabricaci\u00f3n de cortac\u00e9spedes y m\u00e1quinas para cortar madera.<\/p>\n<p>Son componentes fundamentales en los tractores, ya que contribuyen a las funciones de la tracci\u00f3n, empuje y accionamiento.<\/p>\n<p>Nuestros componentes se utilizan en m\u00e1quinas motrices para la recolecci\u00f3n de productos agr\u00edcolas, como hileradoras; en equipos para la distribuci\u00f3n de fertilizantes y pesticidas, como atomizadores; o incluso, en equipos para la poda de vi\u00f1edos como las m\u00e1quinas despuntadoras; o para el triturado mec\u00e1nico de rastrojos, residuos de poda y maleza, como las trituradoras o desmenuzadoras.<\/p>\n<p>&nbsp;<\/p>\n<p>Tambi\u00e9n permiten el funcionamiento de carretillas elevadoras, que deben mover cargas pesadas, como frutas en cajas y cajones, palets y fardos de heno.<\/p>\n","protected":false},"excerpt":{"rendered":"<p>Divisores de caudal, motores hidr\u00e1ulicos y bombas para tractores, cortac\u00e9spedes, desbrozadoras y otras maquinarias agr\u00edcolas.<\/p>\n<p>Fabricamos divisores de caudal, motores hidr\u00e1ulicos y bombas hidr\u00e1ulicas para tractores y otras maquinarias agr\u00edcolas. Nuestros productos distribuyen el caudal adecuado de aceite, y junto con los accesorios que los complementan, ayudan a que las operaciones t\u00edpicas del trabajo agr\u00edcola y forestal sean precisas, fluidas y seguras: como el transporte y movimiento de grandes cargas, despuntadoras, cosecha de productos agr\u00edcolas y plantas.<\/p>\n","protected":false},"author":6,"featured_media":1000,"parent":574,"menu_order":0,"comment_status":"open","ping_status":"open","template":"","meta":{"_acf_changed":false,"_relevanssi_hide_post":"","_relevanssi_hide_content":"","_relevanssi_pin_for_all":"","_relevanssi_pin_keywords":"","_relevanssi_unpin_keywords":"","_relevanssi_related_keywords":"","_relevanssi_related_include_ids":"","_relevanssi_related_exclude_ids":"","_relevanssi_related_no_append":"","_relevanssi_related_not_related":"","_relevanssi_related_posts":"","_relevanssi_noindex_reason":"","footnotes":""},"class_list":["post-570","page","type-page","status-publish","has-post-thumbnail","hentry"],"acf":[],"_links":{"self":[{"href":"https:\/\/www.vivoil.com\/es\/wp-json\/wp\/v2\/pages\/570","targetHints":{"allow":["GET"]}}],"collection":[{"href":"https:\/\/www.vivoil.com\/es\/wp-json\/wp\/v2\/pages"}],"about":[{"href":"https:\/\/www.vivoil.com\/es\/wp-json\/wp\/v2\/types\/page"}],"author":[{"embeddable":true,"href":"https:\/\/www.vivoil.com\/es\/wp-json\/wp\/v2\/users\/6"}],"replies":[{"embeddable":true,"href":"https:\/\/www.vivoil.com\/es\/wp-json\/wp\/v2\/comments?post=570"}],"version-history":[{"count":3,"href":"https:\/\/www.vivoil.com\/es\/wp-json\/wp\/v2\/pages\/570\/revisions"}],"predecessor-version":[{"id":19327,"href":"https:\/\/www.vivoil.com\/es\/wp-json\/wp\/v2\/pages\/570\/revisions\/19327"}],"up":[{"embeddable":true,"href":"https:\/\/www.vivoil.com\/es\/wp-json\/wp\/v2\/pages\/574"}],"wp:featuredmedia":[{"embeddable":true,"href":"https:\/\/www.vivoil.com\/es\/wp-json\/wp\/v2\/media\/1000"}],"wp:attachment":[{"href":"https:\/\/www.vivoil.com\/es\/wp-json\/wp\/v2\/media?parent=570"}],"curies":[{"name":"wp","href":"https:\/\/api.w.org\/{rel}","templated":true}]}}