{"id":569,"date":"2018-03-26T19:38:18","date_gmt":"2018-03-26T17:38:18","guid":{"rendered":"https:\/\/www.vivoil.com\/es\/cataloghi\/"},"modified":"2025-10-21T17:21:56","modified_gmt":"2025-10-21T15:21:56","slug":"catalogos","status":"publish","type":"page","link":"https:\/\/www.vivoil.com\/es\/catalogos\/","title":{"rendered":"Cat\u00e1logos"},"content":{"rendered":"<p>En esta p\u00e1gina encontrar\u00e1s los cat\u00e1logos en PDF de todas las <b>bombas hidr\u00e1ulicas, motores y divisores de caudal<\/b>, y otros documentos que necesitar\u00e1s para ensamblar nuestros productos o estudiar sus caracter\u00edsticas.<\/p>\n<p>Los cat\u00e1logos est\u00e1n clasificados por idiomas y categor\u00edas.<\/p>\n<p>Si no encuentras lo que est\u00e1s buscando o necesitas m\u00e1s informaci\u00f3n, <a href=\"https:\/\/www.vivoil.com\/es\/contacto\/\">contacta nuestro departamento comercial<\/a>.<\/p>\n<h2>Cat\u00e1logos en Espa\u00f1ol<\/h2>\n<p class=\"icon-link\"><a href=\"https:\/\/www.vivoil.com\/es\/files\/vivoil_p_sp.pdf\" target=\"_blank\"><i class=\"fas fa-file-pdf\"><\/i> Bombas Unidireccionales<\/a><\/p>\n<p class=\"icon-link\"><a href=\"https:\/\/www.vivoil.com\/es\/files\/vivoil_r_sp.pdf\" target=\"_blank\"><i class=\"fas fa-file-pdf\"><\/i> Bombas Reversibles<\/a><\/p>\n<p class=\"icon-link\"><a href=\"https:\/\/www.vivoil.com\/es\/files\/vivoil_u_sp.pdf\" target=\"_blank\"><i class=\"fas fa-file-pdf\"><\/i> Motores Unidireccionales<\/a><\/p>\n<p class=\"icon-link\"><a href=\"https:\/\/www.vivoil.com\/es\/files\/vivoil_m_sp.pdf\" target=\"_blank\"><i class=\"fas fa-file-pdf\"><\/i> Motores Reversibles<\/a><\/p>\n<div class=\"catalogues\">\n<div class=\"catalogues-block\">\n<h2>Cat\u00e1logos en Ingl\u00e9s<\/h2>\n<p class=\"icon-link\"><a href=\"https:\/\/www.vivoil.com\/es\/files\/pumps-hi-lo-vivoil.pdf\" target=\"_blank\"><i class=\"fas fa-file-pdf\"><\/i> HI-LO Pumps<\/a> <strong>Nuevo<\/strong><\/p>\n<p class=\"icon-link\"><a href=\"https:\/\/www.vivoil.com\/es\/files\/vivoil_p_en.pdf\" target=\"_blank\"><i class=\"fas fa-file-pdf\"><\/i> Unidirectional pumps<\/a><\/p>\n<p class=\"icon-link\"><a href=\"https:\/\/www.vivoil.com\/es\/files\/vivoil_r_en.pdf\" target=\"_blank\"><i class=\"fas fa-file-pdf\"><\/i> Reversible pumps<\/a><\/p>\n<p class=\"icon-link\"><a href=\"https:\/\/www.vivoil.com\/es\/files\/vivoil_u_en.pdf\" target=\"_blank\"><i class=\"fas fa-file-pdf\"><\/i> Unidirectional motors<\/a><\/p>\n<p class=\"icon-link\"><a href=\"https:\/\/www.vivoil.com\/es\/files\/vivoil_m_en.pdf\" target=\"_blank\"><i class=\"fas fa-file-pdf\"><\/i> Reversible motors<\/a><\/p>\n<p class=\"icon-link\"><a href=\"https:\/\/www.vivoil.com\/es\/files\/vivoil_rv_en-R1.pdf\" target=\"_blank\"><i class=\"fas fa-file-pdf\"><\/i> Flow Dividers RV0 &#8211; RV1<\/a><\/p>\n<p class=\"icon-link\"><a href=\"https:\/\/www.vivoil.com\/es\/files\/vivoil_rv2_en.pdf\" target=\"_blank\"><i class=\"fas fa-file-pdf\"><\/i> Flow Dividers RV2<\/a><\/p>\n<p class=\"icon-link\"><a href=\"https:\/\/www.vivoil.com\/es\/files\/vivoil_xv3d_en.pdf\" target=\"_blank\"><i class=\"fas fa-file-pdf\"><\/i> Flow Dividers XV3<\/a><\/p>\n<p class=\"icon-link\"><a href=\"https:\/\/www.vivoil.com\/es\/files\/vivoil_9m_en.pdf\" target=\"_blank\"><i class=\"fas fa-file-pdf\"><\/i> Multiple pumps<\/a><\/p>\n<p class=\"icon-link\"><a href=\"https:\/\/www.vivoil.com\/es\/files\/vivoil_gv2_en.pdf\" target=\"_blank\"><i class=\"fas fa-file-pdf\"><\/i> Gr. 2 Cast Iron Pumps<\/a><\/p>\n<p class=\"icon-link\"><a href=\"https:\/\/www.vivoil.com\/es\/en\/wp-content\/uploads\/sites\/9\/Sealing.pdf\" target=\"_blank\"><i class=\"fas fa-file-pdf\"><\/i> Sealings Kits &#8211; Summary Table<\/a><\/p>\n<p class=\"icon-link\"><a href=\"https:\/\/www.vivoil.com\/es\/files\/Flow_Divider_Weight_Peso_Divisori.pdf\" target=\"_blank\"><i class=\"fas fa-file-pdf\"><\/i> Flow Divider Weight Table<\/a><\/p>\n<p class=\"icon-link\"><a href=\"https:\/\/www.vivoil.com\/es\/files\/MIA-FD_en.pdf\" target=\"_blank\"><i class=\"fas fa-file-pdf\"><\/i> MIA-FD Flow Divider <\/a><\/p>\n<\/div>\n<div class=\"catalogues-block\">\n<h2>Cat\u00e1logos en Italiano<\/h2>\n<p class=\"icon-link\"><a href=\"https:\/\/www.vivoil.com\/es\/files\/pompe-alta-bassa-pressione-vivoil.pdf\" target=\"_blank\"><i class=\"fas fa-file-pdf\"><\/i> Pompe doppie HI-LO<\/a> <strong>Nuevo<\/strong><\/p>\n<p class=\"icon-link\"><a href=\"https:\/\/www.vivoil.com\/es\/files\/vivoil_p_it.pdf\" target=\"_blank\"><i class=\"fas fa-file-pdf\"><\/i> Pompe Unidirezionali<\/a><\/p>\n<p class=\"icon-link\"><a href=\"https:\/\/www.vivoil.com\/es\/files\/vivoil_r_it.pdf\" target=\"_blank\"><i class=\"fas fa-file-pdf\"><\/i> Pompe Reversibili<\/a><\/p>\n<p class=\"icon-link\"><a href=\"https:\/\/www.vivoil.com\/es\/files\/vivoil_u_it.pdf\" target=\"_blank\"><i class=\"fas fa-file-pdf\"><\/i> Motori Unidirezionali<\/a><\/p>\n<p class=\"icon-link\"><a href=\"https:\/\/www.vivoil.com\/es\/files\/vivoil_m_it.pdf\" target=\"_blank\"><i class=\"fas fa-file-pdf\"><\/i> Motori Reversibili<\/a><\/p>\n<p class=\"icon-link\"><a href=\"https:\/\/www.vivoil.com\/es\/files\/vivoil_rv_it-R1.pdf\" target=\"_blank\"><i class=\"fas fa-file-pdf\"><\/i> Divisori RV0 &#8211; RV1<\/a><\/p>\n<p class=\"icon-link\"><a href=\"https:\/\/www.vivoil.com\/es\/files\/vivoil_rv2_it.pdf\" target=\"_blank\"><i class=\"fas fa-file-pdf\"><\/i> Divisori RV2<\/a><\/p>\n<p class=\"icon-link\"><a href=\"https:\/\/www.vivoil.com\/es\/files\/vivoil_xv3d_it.pdf\" target=\"_blank\"><i class=\"fas fa-file-pdf\"><\/i> Divisori XV3<\/a><\/p>\n<p class=\"icon-link\"><a href=\"https:\/\/www.vivoil.com\/es\/files\/vivoil_9m_it.pdf\" target=\"_blank\"><i class=\"fas fa-file-pdf\"><\/i> Pompe Multiple<\/a><\/p>\n<p class=\"icon-link\"><a href=\"https:\/\/www.vivoil.com\/es\/files\/vivoil_gv2_it.pdf\" target=\"_blank\"><i class=\"fas fa-file-pdf\"><\/i> Pompe Ghisa Gr.2<\/a><\/p>\n<p class=\"icon-link\"><a href=\"https:\/\/www.vivoil.com\/es\/wp-content\/uploads\/sites\/9\/Guarnizioni_web.pdf\" target=\"_blank\"><i class=\"fas fa-file-pdf\"><\/i> Kit Guarnizioni &#8211; Schema riassuntivo<\/a><\/p>\n<p class=\"icon-link\"><a href=\"https:\/\/www.vivoil.com\/es\/files\/Flow_Divider_Weight_Peso_Divisori.pdf\" target=\"_blank\"><i class=\"fas fa-file-pdf\"><\/i> Pesi Divisori &#8211; Schema riassuntivo<\/a><\/p>\n<p class=\"icon-link\"><a href=\"https:\/\/www.vivoil.com\/es\/files\/MIA-FD_it.pdf\" target=\"_blank\"><i class=\"fas fa-file-pdf\"><\/i> Divisore MIA-FD <\/a><\/p>\n<\/div>\n<div class=\"catalogues-block\">\n<h2>Cat\u00e1logos en Alem\u00e1n<\/h2>\n<p class=\"icon-link\"><a href=\"https:\/\/www.vivoil.com\/es\/files\/vivoil_p_de.pdf\" target=\"_blank\"><i class=\"fas fa-file-pdf\"><\/i> Einseitig Drehende Pumpen<\/a><\/p>\n<p class=\"icon-link\"><a href=\"https:\/\/www.vivoil.com\/es\/files\/vivoil_r_de.pdf\" target=\"_blank\"><i class=\"fas fa-file-pdf\"><\/i> Umkehrpumpen<\/a><\/p>\n<p class=\"icon-link\"><a href=\"https:\/\/www.vivoil.com\/es\/files\/vivoil_u_de.pdf\" target=\"_blank\"><i class=\"fas fa-file-pdf\"><\/i> Einseitig Drehende Motoren<\/a><\/p>\n<p class=\"icon-link\"><a href=\"https:\/\/www.vivoil.com\/es\/files\/vivoil_m_de.pdf\" target=\"_blank\"><i class=\"fas fa-file-pdf\"><\/i> Umkehrmotoren<\/a><\/p>\n<\/div>\n<div class=\"catalogues-block\">\n<h2>Cat\u00e1logos en Franc\u00e9s<\/h2>\n<p class=\"icon-link\"><a href=\"https:\/\/www.vivoil.com\/es\/files\/vivoil_p_fr.pdf\" target=\"_blank\"><i class=\"fas fa-file-pdf\"><\/i> Pompes Unidirectionnelles<\/a><\/p>\n<p class=\"icon-link\"><a href=\"https:\/\/www.vivoil.com\/es\/files\/vivoil_r_fr.pdf\" target=\"_blank\"><i class=\"fas fa-file-pdf\"><\/i> Pompes R\u00e9versibles<\/a><\/p>\n<p class=\"icon-link\"><a href=\"https:\/\/www.vivoil.com\/es\/files\/vivoil_u_fr.pdf\" target=\"_blank\"><i class=\"fas fa-file-pdf\"><\/i> Moteurs Unidirectionnels<\/a><\/p>\n<p class=\"icon-link\"><a href=\"https:\/\/www.vivoil.com\/es\/files\/vivoil_m_fr.pdf\" target=\"_blank\"><i class=\"fas fa-file-pdf\"><\/i> Moteurs R\u00e9versibles<\/a><\/p>\n<\/div>\n<div class=\"catalogues-block\">\n<h2>Cat\u00e1logos en Portugues<\/h2>\n<p class=\"icon-link\"><a href=\"https:\/\/www.vivoil.com\/es\/files\/vivoil_p_pr.pdf\" target=\"_blank\"><i class=\"fas fa-file-pdf\"><\/i> Bombas Unidirecionais<\/a><\/p>\n<p class=\"icon-link\"><a href=\"https:\/\/www.vivoil.com\/es\/files\/vivoil_r_pr.pdf\" target=\"_blank\"><i class=\"fas fa-file-pdf\"><\/i> Bombas Revers\u00edveis<\/a><\/p>\n<p class=\"icon-link\"><a href=\"https:\/\/www.vivoil.com\/es\/files\/vivoil_u_pr.pdf\" target=\"_blank\"><i class=\"fas fa-file-pdf\"><\/i> Motores Unidirecionais<\/a><\/p>\n<p class=\"icon-link\"><a href=\"https:\/\/www.vivoil.com\/es\/files\/vivoil_m_pr.pdf\" target=\"_blank\"><i class=\"fas fa-file-pdf\"><\/i> Motores Revers\u00edveis<\/a><\/p>\n<\/div>\n<\/div>\n","protected":false},"excerpt":{"rendered":"<p>En esta p\u00e1gina encontrar\u00e1s los cat\u00e1logos en PDF de todas las bombas hidr\u00e1ulicas, motores y divisores de caudal, y otros documentos que necesitar\u00e1s para ensamblar nuestros productos o estudiar sus caracter\u00edsticas. Los cat\u00e1logos est\u00e1n clasificados por idiomas y categor\u00edas. Si no encuentras lo que est\u00e1s buscando o necesitas m\u00e1s informaci\u00f3n, contacta nuestro departamento comercial. Cat\u00e1logos [&hellip;]<\/p>\n","protected":false},"author":6,"featured_media":0,"parent":0,"menu_order":50,"comment_status":"closed","ping_status":"closed","template":"","meta":{"_acf_changed":false,"_relevanssi_hide_post":"","_relevanssi_hide_content":"","_relevanssi_pin_for_all":"","_relevanssi_pin_keywords":"","_relevanssi_unpin_keywords":"","_relevanssi_related_keywords":"","_relevanssi_related_include_ids":"","_relevanssi_related_exclude_ids":"","_relevanssi_related_no_append":"","_relevanssi_related_not_related":"","_relevanssi_related_posts":"","_relevanssi_noindex_reason":"","footnotes":""},"class_list":["post-569","page","type-page","status-publish","hentry"],"acf":[],"_links":{"self":[{"href":"https:\/\/www.vivoil.com\/es\/wp-json\/wp\/v2\/pages\/569","targetHints":{"allow":["GET"]}}],"collection":[{"href":"https:\/\/www.vivoil.com\/es\/wp-json\/wp\/v2\/pages"}],"about":[{"href":"https:\/\/www.vivoil.com\/es\/wp-json\/wp\/v2\/types\/page"}],"author":[{"embeddable":true,"href":"https:\/\/www.vivoil.com\/es\/wp-json\/wp\/v2\/users\/6"}],"replies":[{"embeddable":true,"href":"https:\/\/www.vivoil.com\/es\/wp-json\/wp\/v2\/comments?post=569"}],"version-history":[{"count":2,"href":"https:\/\/www.vivoil.com\/es\/wp-json\/wp\/v2\/pages\/569\/revisions"}],"predecessor-version":[{"id":19346,"href":"https:\/\/www.vivoil.com\/es\/wp-json\/wp\/v2\/pages\/569\/revisions\/19346"}],"wp:attachment":[{"href":"https:\/\/www.vivoil.com\/es\/wp-json\/wp\/v2\/media?parent=569"}],"curies":[{"name":"wp","href":"https:\/\/api.w.org\/{rel}","templated":true}]}}