{"id":565,"date":"2018-03-26T19:38:18","date_gmt":"2018-03-26T17:38:18","guid":{"rendered":"https:\/\/www.vivoil.com\/es\/newsletter\/"},"modified":"2025-10-21T17:14:40","modified_gmt":"2025-10-21T15:14:40","slug":"newsletter","status":"publish","type":"page","link":"https:\/\/www.vivoil.com\/es\/newsletter\/","title":{"rendered":"Boletin"},"content":{"rendered":"<p><b>En nuestro bolet\u00edn encontrar\u00e1s: noticias, ofertas e informaci\u00f3n \u00fatil<\/b><\/p>\n<p>Recibir\u00e1s un correo electr\u00f3nico aproximadamente una vez al mes, en el que te enviaremos consejos sobre nuestros productos, adelantos de nuevos modelos de bombas hidr\u00e1ulicas, motores y divisores de caudal, as\u00ed como ofertas que reservamos exclusivamente para los clientes Vivoil.<\/p>\n<script>(function() {\n\twindow.mc4wp = window.mc4wp || {\n\t\tlisteners: [],\n\t\tforms: {\n\t\t\ton: function(evt, cb) {\n\t\t\t\twindow.mc4wp.listeners.push(\n\t\t\t\t\t{\n\t\t\t\t\t\tevent   : evt,\n\t\t\t\t\t\tcallback: cb\n\t\t\t\t\t}\n\t\t\t\t);\n\t\t\t}\n\t\t}\n\t}\n})();\n<\/script><!-- Mailchimp for WordPress v4.12.0 - https:\/\/wordpress.org\/plugins\/mailchimp-for-wp\/ --><form id=\"mc4wp-form-1\" class=\"mc4wp-form mc4wp-form-960\" method=\"post\" data-id=\"960\" data-name=\"Form newsletter\" ><div class=\"mc4wp-form-fields\"><h2>Suscr\u00edbete a nuestro bolet\u00edn<\/h2>\r\n<p>Recibe un correo electr\u00f3nico mensual con m\u00e1s informaci\u00f3n sobre nuestros productos, con actualizaciones, noticias y ofertas.<\/p>\r\n<label class=\"screen-reader-text\">Nombre<\/label>\r\n<input type=\"text\" name=\"FNAME\" placeholder=\"Escribe tu nombre\" required \/>\r\n<label class=\"screen-reader-text\">Correo electr\u00f3nico<\/label>\r\n<input type=\"email\" name=\"EMAIL\" placeholder=\"Escribe tu correo electr\u00f3nico\" required \/>\r\n<p>Al hacer clic en \u201csuscribirse\u201d aceptas recibir nuestro bolet\u00edn: lee nuestra <a href=\"https:\/\/www.vivoil.com\/es\/privacy-policy\/\">pol\u00edtica de privacidad<\/a> para conocer m\u00e1s sobre el tratamiento de tus datos.<\/p>\r\n<input type=\"submit\" value=\"Subscribirse\" \/>\r\n<p>Puedes darte de baja en cualquier momento: cada bolet\u00edn incluir\u00e1 un enlace para dejar de recibir nuestras comunicaciones.<\/p><\/div><label style=\"display: none !important;\">Deja vac\u00edo este campo si eres humano: <input type=\"text\" name=\"_mc4wp_honeypot\" value=\"\" tabindex=\"-1\" autocomplete=\"off\" \/><\/label><input type=\"hidden\" name=\"_mc4wp_timestamp\" value=\"1775712222\" \/><input type=\"hidden\" name=\"_mc4wp_form_id\" value=\"960\" \/><input type=\"hidden\" name=\"_mc4wp_form_element_id\" value=\"mc4wp-form-1\" \/><div class=\"mc4wp-response\"><\/div><\/form><!-- \/ Mailchimp for WordPress Plugin -->\n","protected":false},"excerpt":{"rendered":"<p>En nuestro bolet\u00edn encontrar\u00e1s: noticias, ofertas e informaci\u00f3n \u00fatil Recibir\u00e1s un correo electr\u00f3nico aproximadamente una vez al mes, en el que te enviaremos consejos sobre nuestros productos, adelantos de nuevos modelos de bombas hidr\u00e1ulicas, motores y divisores de caudal, as\u00ed como ofertas que reservamos exclusivamente para los clientes Vivoil.<\/p>\n","protected":false},"author":6,"featured_media":0,"parent":0,"menu_order":90,"comment_status":"open","ping_status":"open","template":"","meta":{"_acf_changed":false,"_relevanssi_hide_post":"","_relevanssi_hide_content":"","_relevanssi_pin_for_all":"","_relevanssi_pin_keywords":"","_relevanssi_unpin_keywords":"","_relevanssi_related_keywords":"","_relevanssi_related_include_ids":"","_relevanssi_related_exclude_ids":"","_relevanssi_related_no_append":"","_relevanssi_related_not_related":"","_relevanssi_related_posts":"","_relevanssi_noindex_reason":"","footnotes":""},"class_list":["post-565","page","type-page","status-publish","hentry"],"acf":[],"_links":{"self":[{"href":"https:\/\/www.vivoil.com\/es\/wp-json\/wp\/v2\/pages\/565","targetHints":{"allow":["GET"]}}],"collection":[{"href":"https:\/\/www.vivoil.com\/es\/wp-json\/wp\/v2\/pages"}],"about":[{"href":"https:\/\/www.vivoil.com\/es\/wp-json\/wp\/v2\/types\/page"}],"author":[{"embeddable":true,"href":"https:\/\/www.vivoil.com\/es\/wp-json\/wp\/v2\/users\/6"}],"replies":[{"embeddable":true,"href":"https:\/\/www.vivoil.com\/es\/wp-json\/wp\/v2\/comments?post=565"}],"version-history":[{"count":1,"href":"https:\/\/www.vivoil.com\/es\/wp-json\/wp\/v2\/pages\/565\/revisions"}],"predecessor-version":[{"id":19330,"href":"https:\/\/www.vivoil.com\/es\/wp-json\/wp\/v2\/pages\/565\/revisions\/19330"}],"wp:attachment":[{"href":"https:\/\/www.vivoil.com\/es\/wp-json\/wp\/v2\/media?parent=565"}],"curies":[{"name":"wp","href":"https:\/\/api.w.org\/{rel}","templated":true}]}}