{"id":562,"date":"2018-03-26T19:38:18","date_gmt":"2018-03-26T17:38:18","guid":{"rendered":"https:\/\/www.vivoil.com\/es\/chi-siamo\/"},"modified":"2025-10-21T18:23:46","modified_gmt":"2025-10-21T16:23:46","slug":"sobre-nosotros","status":"publish","type":"page","link":"https:\/\/www.vivoil.com\/es\/sobre-nosotros\/","title":{"rendered":"Sobre nosotros"},"content":{"rendered":"<h2>Vivoil, componentes hidr\u00e1ulicos desde 1985<\/h2>\n<p>Nuestra compa\u00f1\u00eda,<b> Vivoil Oleodinamica Vivolo Srl,<\/b> fue fundada en 1985, cuando el Sr. Domenico Vivolo, despu\u00e9s de 25 a\u00f1os en Turolla, una de las compa\u00f1\u00edas m\u00e1s importantes en la industria, decide abrir su propia compa\u00f1\u00eda para <b>ensamblar y vender componentes hidr\u00e1ulicos. <\/b><\/p>\n<p><img loading=\"lazy\" decoding=\"async\" class=\"alignnone wp-image-5721 size-full\" src=\"https:\/\/www.vivoil.com\/es\/wp-content\/uploads\/sites\/9\/2018\/06\/area-montaggio-motori-pompe-oleodinamiche-vivoil.jpg\" alt=\"The factory hall of Vivoil Hydraulics\" width=\"1440\" height=\"810\" srcset=\"https:\/\/www.vivoil.com\/es\/wp-content\/uploads\/sites\/9\/2018\/06\/area-montaggio-motori-pompe-oleodinamiche-vivoil.jpg 1440w, https:\/\/www.vivoil.com\/es\/wp-content\/uploads\/sites\/9\/2018\/06\/area-montaggio-motori-pompe-oleodinamiche-vivoil-300x169.jpg 300w, https:\/\/www.vivoil.com\/es\/wp-content\/uploads\/sites\/9\/2018\/06\/area-montaggio-motori-pompe-oleodinamiche-vivoil-768x432.jpg 768w, https:\/\/www.vivoil.com\/es\/wp-content\/uploads\/sites\/9\/2018\/06\/area-montaggio-motori-pompe-oleodinamiche-vivoil-1024x576.jpg 1024w\" sizes=\"auto, (max-width: 1440px) 100vw, 1440px\" \/><\/p>\n<p>Nuestro negocio empieza a crecer tanto que, en 2005, comenzamos a realizar algunos procesos de fabricaci\u00f3n internamente; esto nos proporciona la flexibilidad necesaria para <b>personalizar nuestros productos<\/b> al m\u00e1ximo y garantizar<b> entregas r\u00e1pidas<\/b>, tanto en Italia como en el extranjero. De una peque\u00f1a empresa, Oleodinamica Vivoil se convirti\u00f3 en una marca internacional. Ese mismo a\u00f1o, nos trasladamos a la planta en Budrio (Bolonia), que tambi\u00e8n es la sede de la empresa, donde trabajan 30 personas y <b>donde fabricamos<\/b>:<\/p>\n<ul>\n<li><b>Bombas hidr\u00e1ulicas<\/b> con engranajes externos (unidireccionales y reversibles)<\/li>\n<li><b>Motores hidr\u00e1ulicos<\/b> con engranajes externos (unidireccionales y reversibles)<\/li>\n<li><b>Bombas hidr\u00e1ulicas m\u00faltiples <\/b>a engranajes externos ya ensamblados o en etapas por ensamblar.<\/li>\n<li><b>Divisores de caudal<\/b><\/li>\n<\/ul>\n<p>Hoy en d\u00eda, vendemos componentes hidr\u00e1ulicos en <b>m\u00e1s de 60 pa\u00edses<\/b>, y hemos ganado la confianza de importantes clientes y distribuidores europeos, quienes valoran nuestra fiabilidad, flexibilidad y r\u00e1pida respuesta.<\/p>\n<p>Aqu\u00ec algunos <b>testimonios<\/b>:<\/p>\n<style id=\"sp_testimonial_dynamic_css3202\">#sp-testimonial-free-wrapper-3202 .sp-testimonial-free-section .testimonial-pagination span.swiper-pagination-bullet{background: #cccccc;}#sp-testimonial-free-wrapper-3202 .sp-testimonial-free-section .testimonial-pagination span.swiper-pagination-bullet.swiper-pagination-bullet-active{background: #52b3d9;} #sp-testimonial-free-wrapper-3202 .sp-testimonial-free-section .testimonial-nav-arrow{background: transparent;border: 0px solid #777777;color: #444444;}#sp-testimonial-free-wrapper-3202 .sp-testimonial-free-section .testimonial-nav-arrow:hover {background: transparent;border-color: #52b3d9;color: #52b3d9;}#sp-testimonial-free-wrapper-3202 .sp-testimonial-free-section{margin: 0 50px;}#sp-testimonial-free-wrapper-3202 .sp-testimonial-free-section{margin-bottom: 50px;}#sp-testimonial-free-wrapper-3202 .sp-testimonial-free-section .sp-testimonial-client-designation{color: #444444;}#sp-testimonial-free-wrapper-3202 .sp-testimonial-free-section .sp-testimonial-client-name{color: #35a835;}#sp-testimonial-free-wrapper-3202 .sp-testimonial-free-section .sp-testimonial-client-testimonial{color: #333333;}#sp-testimonial-free-wrapper-3202 .sp-testimonial-free {background : transparent;border: 1px solid transparent;border-radius: 0px;}<\/style><div id=\"sp-testimonial-free-wrapper-3202\" class=\"sp-testimonial-free-wrapper\"><div id=\"sp-testimonial-free-3202\" class=\"sp-testimonial-free-section tfree-style-theme-one\" dir=\"ltr\" data-preloader=\"\" data-swiper='{&quot;dots&quot;: 1,&quot;pagination_type&quot;: &quot;dots&quot;, &quot;spaceBetween&quot;: 20, &quot;adaptiveHeight&quot;: false, &quot;pauseOnHover&quot;: true, &quot;slidesToShow&quot;: 1, &quot;speed&quot;: 600, &quot;arrows&quot;: &quot;1&quot;, &quot;autoplay&quot;: true, &quot;autoplaySpeed&quot;: 3000, &quot;swipe&quot;: true, &quot;swipeToSlide&quot;: false, &quot;draggable&quot;: true, &quot;freeMode&quot;: false, &quot;rtl&quot;: false, &quot;infinite&quot;: true,&quot;slidesPerView&quot;: {&quot;lg_desktop&quot;:1 , &quot;desktop&quot;: 1, &quot;laptop&quot;:1 , &quot;tablet&quot;: 1, &quot;mobile&quot;: 1},&quot;navigation_mobile&quot;: true, &quot;pagination_mobile&quot;:true, &quot;autoplay_mobile&quot;:true}' ><div class=\"swiper-wrapper\"><div class=\"sp-testimonial-item swiper-slide\"><div class=\"sp-testimonial-free\"><div class=\"sp-testimonial-client-testimonial\"><div class=\"sp-testimonial-content\"><p>VIVOIL\u2019s products and customer service are impressive, and we are proud to be associated with this supplier.<\/p><\/div><\/div><h4 class=\"sp-testimonial-client-name\">Robert Chambers<\/h4> <div class=\"sp-testimonial-client-designation\">Sales manager, M A Hydraulics Ltd \u2013 England<\/div><\/div> <\/div> <div class=\"sp-testimonial-item swiper-slide\"><div class=\"sp-testimonial-free\"><div class=\"sp-testimonial-client-testimonial\"><div class=\"sp-testimonial-content\"><p>We warmly welcome the cooperation that all the staff of Oleodinamica Vivolo offers us every day.<\/p><p>Thank you for your ability to meet our needs, in this way we can satisfy our customers.<\/p><\/div><\/div><h4 class=\"sp-testimonial-client-name\">Jos\u00e9 Lu\u00eds y Pilar L\u00f3pez<\/h4> <div class=\"sp-testimonial-client-designation\">Behidr\u00e0ulica (Spain)<\/div><\/div> <\/div> <div class=\"sp-testimonial-item swiper-slide\"><div class=\"sp-testimonial-free\"><div class=\"sp-testimonial-client-testimonial\"><div class=\"sp-testimonial-content\"><p>It is a pleasure to witness changes and take part in the development of VIVOIL.<\/p><\/div><\/div><h4 class=\"sp-testimonial-client-name\">in\u017c. Mateusz Sromek<\/h4> <div class=\"sp-testimonial-client-designation\">Product Manager at HYDRO ZNPHS Sp. z o. o. (Poland)<\/div><\/div> <\/div> <div class=\"sp-testimonial-item swiper-slide\"><div class=\"sp-testimonial-free\"><div class=\"sp-testimonial-client-testimonial\"><div class=\"sp-testimonial-content\"><p>Nous entretenons de tr\u00e8s bonnes relations avec VIVOIL depuis plus de 20 ans et travaillons ensemble pour que cela continue. Un grand merci \u00e0 Mr Vivolo pour la qualit\u00e9 de sa production.<\/p><\/div><\/div><h4 class=\"sp-testimonial-client-name\">Mr Benoit Cabanis<\/h4> <div class=\"sp-testimonial-client-designation\">Managing Director from SOCAH HYDRAULIQUE - France<\/div><\/div> <\/div> <div class=\"sp-testimonial-item swiper-slide\"><div class=\"sp-testimonial-free\"><div class=\"sp-testimonial-client-testimonial\"><div class=\"sp-testimonial-content\"><p>Seit \u00fcber 20 Jahren handeln wir mit VIVOIL produkten. Au\u00dfer einem sehr guten Preis-Leistungsverh\u00e4ltnis, ist VIVOIL eine sehr innovative Firma mit immer neuen technischen L\u00f6sungen. Auch der technische-und kommerzielle Support ist hervorragend. Dank dieser Vorteile konnten wir im Laufe der Jahre immer gr\u00f6\u00dfere Ums\u00e4tze generieren.<\/p><\/div><\/div><h4 class=\"sp-testimonial-client-name\">Rolf Eichler<\/h4> <div class=\"sp-testimonial-client-designation\">Betriebsleiter - Dauner Antriebstechnik GmbH - Germany<\/div><\/div> <\/div> <\/div><div class=\"swiper-pagination testimonial-pagination\"><\/div><div class=\"swiper-button-prev testimonial-nav-arrow vertical_center\"><i class=\"fa fa-angle-left\"><\/i><\/div><div class=\"swiper-button-next testimonial-nav-arrow vertical_center\"><i class=\"fa fa-angle-right\"><\/i><\/div><\/div><\/div>\n<h2>Fiabilidad: cuidamos cada producto hasta el m\u00e1s m\u00ednimo detalle<\/h2>\n<p>Cada componente Vivoil se fabrica, prueba y ensambla a mano en nuestra f\u00e1brica en Italia, y los productos que requieren la mayor precisi\u00f3n se mecanizan en m\u00e1quinas de 5 ejes con una sola sujeci\u00f3n. Estudiamos cada detalle t\u00e9cnico y est\u00e9tico con el m\u00e1ximo cuidado; de hecho, nuestros dise\u00f1adores tienen muchos a\u00f1os de experiencia en la industria. Gracias a su experiencia y a la elecci\u00f3n de materiales de alta calidad, como el aluminio de la serie 7000, solo salen de nuestra f\u00e1brica componentes hidr\u00e1ulicos extremadamente fiables, d\u00e1ndote la certeza de poder contar con productos robustos y duraderos.<\/p>\n<h2>Flexibilidad: personalizamos nuestros componentes incluso para pedidos peque\u00f1os<\/h2>\n<p>Hemos dividido nuestros componentes en cuatro grupos de tama\u00f1os (0,1,2,3) que corresponden a diferentes cilindradas, para obtener el m\u00e1ximo rendimiento en cada condici\u00f3n de trabajo. Adem\u00e1s, la mayor\u00eda de nuestros productos son personalizables con v\u00e1lvulas, soportes para aplicaciones de trabajo pesado y diferentes configuraciones de bridas y ejes. La flexibilidad en Vivoil es una misi\u00f3n compartida: cada uno de nosotros, desde producci\u00f3n hasta ventas, se compromete a asegurar que tengas bombas, motores y divisores de caudal que se ajusten perfectamente a tus necesidades de producci\u00f3n. Para nuestros clientes no existen lotes m\u00ednimos de compra, y desde el momento en que recibimos el pedido, nos esforzamos por garantizar que la producci\u00f3n y entrega sean lo m\u00e1s r\u00e1pidas posible.<\/p>\n<h2>Calidad: creemos que el servicio es igual de importante que el producto<\/h2>\n<p>Tomamos cada solicitud muy en serio porque sabemos que el producto por s\u00ed solo no basta: a veces, es necesario entregar con gran rapidez; en otras ocasiones, lo m\u00e1s importante es interpretar una necesidad y encontrar el componente hidr\u00e1ulico m\u00e1s adecuado para satisfacerla. Para nosotros, la calidad no consiste \u00fanicamente en fabricar bombas, motores y divisores de caudal de alto nivel. Tambi\u00e9n significa comprender lo que necesitas, encontrar la soluci\u00f3n m\u00e1s adecuada &#8211; involucrando a todo nuestro equipo de dise\u00f1adores, t\u00e9cnicos, personal comercial y administrativo -, crearla en el menor tiempo posible, con la m\u00e1xima atenci\u00f3n, y entregarla lo antes posible, exactamente en las cantidades y con las caracter\u00edsticas que buscabas.<\/p>\n","protected":false},"excerpt":{"rendered":"<p>Vivoil, componentes hidr\u00e1ulicos desde 1985 Nuestra compa\u00f1\u00eda, Vivoil Oleodinamica Vivolo Srl, fue fundada en 1985, cuando el Sr. Domenico Vivolo, despu\u00e9s de 25 a\u00f1os en Turolla, una de las compa\u00f1\u00edas m\u00e1s importantes en la industria, decide abrir su propia compa\u00f1\u00eda para ensamblar y vender componentes hidr\u00e1ulicos. Nuestro negocio empieza a crecer tanto que, en 2005, [&hellip;]<\/p>\n","protected":false},"author":6,"featured_media":0,"parent":0,"menu_order":20,"comment_status":"open","ping_status":"closed","template":"","meta":{"_acf_changed":false,"_relevanssi_hide_post":"","_relevanssi_hide_content":"","_relevanssi_pin_for_all":"","_relevanssi_pin_keywords":"","_relevanssi_unpin_keywords":"","_relevanssi_related_keywords":"","_relevanssi_related_include_ids":"","_relevanssi_related_exclude_ids":"","_relevanssi_related_no_append":"","_relevanssi_related_not_related":"","_relevanssi_related_posts":"","_relevanssi_noindex_reason":"","footnotes":""},"class_list":["post-562","page","type-page","status-publish","hentry"],"acf":[],"_links":{"self":[{"href":"https:\/\/www.vivoil.com\/es\/wp-json\/wp\/v2\/pages\/562","targetHints":{"allow":["GET"]}}],"collection":[{"href":"https:\/\/www.vivoil.com\/es\/wp-json\/wp\/v2\/pages"}],"about":[{"href":"https:\/\/www.vivoil.com\/es\/wp-json\/wp\/v2\/types\/page"}],"author":[{"embeddable":true,"href":"https:\/\/www.vivoil.com\/es\/wp-json\/wp\/v2\/users\/6"}],"replies":[{"embeddable":true,"href":"https:\/\/www.vivoil.com\/es\/wp-json\/wp\/v2\/comments?post=562"}],"version-history":[{"count":3,"href":"https:\/\/www.vivoil.com\/es\/wp-json\/wp\/v2\/pages\/562\/revisions"}],"predecessor-version":[{"id":19671,"href":"https:\/\/www.vivoil.com\/es\/wp-json\/wp\/v2\/pages\/562\/revisions\/19671"}],"wp:attachment":[{"href":"https:\/\/www.vivoil.com\/es\/wp-json\/wp\/v2\/media?parent=562"}],"curies":[{"name":"wp","href":"https:\/\/api.w.org\/{rel}","templated":true}]}}