{"id":561,"date":"2018-03-26T19:38:18","date_gmt":"2018-03-26T17:38:18","guid":{"rendered":"https:\/\/www.vivoil.com\/es\/home\/"},"modified":"2025-10-20T12:11:27","modified_gmt":"2025-10-20T10:11:27","slug":"home","status":"publish","type":"page","link":"https:\/\/www.vivoil.com\/es\/","title":{"rendered":"Home"},"content":{"rendered":"<div class=\"content\">\n<h2>Componentes personalizables y m\u00e1ximo rendimiento en cualquier condici\u00f3n de trabajo<\/h2>\n<p>Las bombas hidr\u00e1ulicas, los motores hidr\u00e1ulicos y los divisores de caudal Vivoil son <b>fabricados en Italia<\/b>, ensamblados y probados manualmente, y los componentes que requieren la m\u00e1xima precisi\u00f3n se mecanizan con m\u00e1quinas de 5 ejes y una sola sujeci\u00f3n. Fabricamos productos confiables y cuidamos hasta el m\u00e1s m\u00ednimo detalle, para que sus m\u00e1quinas sean m\u00e1s duraderas y alcancen un alto rendimiento en todas las condiciones de trabajo.<\/p>\n<p>Desde el departamento de producci\u00f3n hasta las oficinas, nuestra organizaci\u00f3n es flexible, lo que <b>nos permite fabricar componentes personalizables incluso para pedidos peque\u00f1os<\/b>. Los productos Vivoil est\u00e1n disponibles en grupos de 4 tama\u00f1os, para ayudarte a seleccionar la cilindrada m\u00e1s adecuada para tus necesidades. La mayor\u00eda de nuestras bombas, motores y divisores de caudal pueden complementarse con <b>accesorios, v\u00e1lvulas, soporte para aplicaciones pesadas y diversas configuraciones de bridas y ejes<\/b>. Nuestros t\u00e9cnicos y personal de ventas est\u00e1n a tu disposici\u00f3n para asesorarte sobre el producto que mejor se adapte a tus necesidades, y garantizar un env\u00edo r\u00e1pido tanto en Italia como en el extranjero.<\/p>\n<\/div>\n<div class=\"image\">\n<div class=\"responsive-video\">\n<p><iframe loading=\"lazy\" title=\"Vivoil Company overview | Oleodinamica Vivolo - High-end hydraulic components\" width=\"1300\" height=\"731\" src=\"https:\/\/www.youtube.com\/embed\/QigTlD8jnGI?feature=oembed&#038;enablejsapi=1&#038;origin=https:\/\/www.vivoil.com\" frameborder=\"0\" allow=\"accelerometer; autoplay; clipboard-write; encrypted-media; gyroscope; picture-in-picture; web-share\" referrerpolicy=\"strict-origin-when-cross-origin\" allowfullscreen><\/iframe><\/p>\n<\/div>\n<\/div>\n","protected":false},"excerpt":{"rendered":"<p>Componentes personalizables y m\u00e1ximo rendimiento en cualquier condici\u00f3n de trabajo Las bombas hidr\u00e1ulicas, los motores hidr\u00e1ulicos y los divisores de caudal Vivoil son fabricados en Italia, ensamblados y probados manualmente, y los componentes que requieren la m\u00e1xima precisi\u00f3n se mecanizan con m\u00e1quinas de 5 ejes y una sola sujeci\u00f3n. Fabricamos productos confiables y cuidamos hasta [&hellip;]<\/p>\n","protected":false},"author":6,"featured_media":17065,"parent":0,"menu_order":10,"comment_status":"open","ping_status":"open","template":"","meta":{"_acf_changed":false,"_relevanssi_hide_post":"","_relevanssi_hide_content":"","_relevanssi_pin_for_all":"","_relevanssi_pin_keywords":"","_relevanssi_unpin_keywords":"","_relevanssi_related_keywords":"","_relevanssi_related_include_ids":"","_relevanssi_related_exclude_ids":"","_relevanssi_related_no_append":"","_relevanssi_related_not_related":"","_relevanssi_related_posts":"","_relevanssi_noindex_reason":"","footnotes":""},"class_list":["post-561","page","type-page","status-publish","has-post-thumbnail","hentry"],"acf":[],"_links":{"self":[{"href":"https:\/\/www.vivoil.com\/es\/wp-json\/wp\/v2\/pages\/561","targetHints":{"allow":["GET"]}}],"collection":[{"href":"https:\/\/www.vivoil.com\/es\/wp-json\/wp\/v2\/pages"}],"about":[{"href":"https:\/\/www.vivoil.com\/es\/wp-json\/wp\/v2\/types\/page"}],"author":[{"embeddable":true,"href":"https:\/\/www.vivoil.com\/es\/wp-json\/wp\/v2\/users\/6"}],"replies":[{"embeddable":true,"href":"https:\/\/www.vivoil.com\/es\/wp-json\/wp\/v2\/comments?post=561"}],"version-history":[{"count":2,"href":"https:\/\/www.vivoil.com\/es\/wp-json\/wp\/v2\/pages\/561\/revisions"}],"predecessor-version":[{"id":19320,"href":"https:\/\/www.vivoil.com\/es\/wp-json\/wp\/v2\/pages\/561\/revisions\/19320"}],"wp:featuredmedia":[{"embeddable":true,"href":"https:\/\/www.vivoil.com\/es\/wp-json\/wp\/v2\/media\/17065"}],"wp:attachment":[{"href":"https:\/\/www.vivoil.com\/es\/wp-json\/wp\/v2\/media?parent=561"}],"curies":[{"name":"wp","href":"https:\/\/api.w.org\/{rel}","templated":true}]}}