{"id":19690,"date":"2025-11-18T16:20:59","date_gmt":"2025-11-18T15:20:59","guid":{"rendered":"https:\/\/www.vivoil.com\/es\/?page_id=19690"},"modified":"2025-11-27T13:18:33","modified_gmt":"2025-11-27T12:18:33","slug":"configurador-en-linea","status":"publish","type":"page","link":"https:\/\/www.vivoil.com\/es\/configurador-en-linea\/","title":{"rendered":"Configurador en l\u00ednea"},"content":{"rendered":"<p>Encuentra y configura el componente Vivoil m\u00e1s adecuado para tu proyecto en solo unos clics. Gracias a nuestra colaboraci\u00f3n con <b>3Dfindit.com de CADENAS<\/b>, puedes utilizar gratuitamente el<b> configurador en l\u00ednea de nuestros productos <\/b>en el sitio Vivoil PARTcommunity. As\u00ed es como funciona:<\/p>\n<ol>\n<li>Entra en el sitio <a href=\"https:\/\/vivoil.partcommunity.com\/3d-cad-models\/vivoil?info=vivoil&amp;cwid=7271\" target=\"_blank\" rel=\"noopener\"><b>Vivoil PARTcommunity<\/b><\/a><\/li>\n<li>Reg\u00edstrate y crea tu cuenta personal (es gratis) o accede con tu cuenta PARTcommunity si ya tienes una<\/li>\n<li>Elige los componentes para tu proyecto a partir de una de estas opciones:\n<ul>\n<li><b>c\u00f3digo de producto<\/b>, si ya sabes qu\u00e9 componente Vivoil necesitas<\/li>\n<li><b>tipo de componente<\/b>, si sabes qu\u00e9 producto necesitas y quieres encontrar la versi\u00f3n correspondiente de Vivoil<\/li>\n<li><b>caracter\u00edsticas t\u00e9cnicas<\/b>, si conoces los par\u00e1metros que debe tener el producto que buscas<\/li>\n<\/ul>\n<\/li>\n<li>Una vez identificado el componente, puedes:\n<ul>\n<li>visualizar las vistas <b>previas en 3D<\/b> y las<b> fichas t\u00e9cnicas interactivas (dibujos 2D y PDF 3D)<\/b><\/li>\n<li><b>generar y descargar modelos CAD, CAE y BIM <\/b>en m\u00e1s de <b>100 formatos<\/b><\/li>\n<li><b>enviarnos una solicitud de presupuesto<\/b> directamente en l\u00ednea<\/li>\n<\/ul>\n<\/li>\n<\/ol>\n<p>El servicio es <b>completamente gratuito<\/b> y te permite acceder f\u00e1cilmente a los modelos y datos t\u00e9cnicos de nuestros componentes.<\/p>\n<p>Actualmente est\u00e1n disponibles<b> las bombas de los grupos 0 y 1 y los motores del grupo 1<\/b>, pero pronto ser\u00e1 posible configurar toda la gama de productos Vivoil.<\/p>\n<p><a href=\"https:\/\/vivoil.partcommunity.com\/3d-cad-models\/vivoil?info=vivoil&amp;cwid=7271\" target=\"_blank\" rel=\"noopener\"><strong>Empezar a configurar \u00bb<\/strong><\/a><\/p>\n","protected":false},"excerpt":{"rendered":"<p>Encuentra y configura el componente Vivoil m\u00e1s adecuado para tu proyecto en solo unos clics. Gracias a nuestra colaboraci\u00f3n con 3Dfindit.com de CADENAS, puedes utilizar gratuitamente el configurador en l\u00ednea de nuestros productos en el sitio Vivoil PARTcommunity. As\u00ed es como funciona: Entra en el sitio Vivoil PARTcommunity Reg\u00edstrate y crea tu cuenta personal (es [&hellip;]<\/p>\n","protected":false},"author":1,"featured_media":0,"parent":0,"menu_order":0,"comment_status":"closed","ping_status":"closed","template":"","meta":{"_acf_changed":false,"_relevanssi_hide_post":"","_relevanssi_hide_content":"","_relevanssi_pin_for_all":"","_relevanssi_pin_keywords":"","_relevanssi_unpin_keywords":"","_relevanssi_related_keywords":"","_relevanssi_related_include_ids":"","_relevanssi_related_exclude_ids":"","_relevanssi_related_no_append":"","_relevanssi_related_not_related":"","_relevanssi_related_posts":"","_relevanssi_noindex_reason":"","footnotes":""},"class_list":["post-19690","page","type-page","status-publish","hentry"],"acf":[],"_links":{"self":[{"href":"https:\/\/www.vivoil.com\/es\/wp-json\/wp\/v2\/pages\/19690","targetHints":{"allow":["GET"]}}],"collection":[{"href":"https:\/\/www.vivoil.com\/es\/wp-json\/wp\/v2\/pages"}],"about":[{"href":"https:\/\/www.vivoil.com\/es\/wp-json\/wp\/v2\/types\/page"}],"author":[{"embeddable":true,"href":"https:\/\/www.vivoil.com\/es\/wp-json\/wp\/v2\/users\/1"}],"replies":[{"embeddable":true,"href":"https:\/\/www.vivoil.com\/es\/wp-json\/wp\/v2\/comments?post=19690"}],"version-history":[{"count":2,"href":"https:\/\/www.vivoil.com\/es\/wp-json\/wp\/v2\/pages\/19690\/revisions"}],"predecessor-version":[{"id":19694,"href":"https:\/\/www.vivoil.com\/es\/wp-json\/wp\/v2\/pages\/19690\/revisions\/19694"}],"wp:attachment":[{"href":"https:\/\/www.vivoil.com\/es\/wp-json\/wp\/v2\/media?parent=19690"}],"curies":[{"name":"wp","href":"https:\/\/api.w.org\/{rel}","templated":true}]}}