{"id":18508,"date":"2024-08-01T11:15:40","date_gmt":"2024-08-01T09:15:40","guid":{"rendered":"https:\/\/www.vivoil.com\/es\/?page_id=18508"},"modified":"2026-03-17T11:50:47","modified_gmt":"2026-03-17T10:50:47","slug":"divisores-de-caudal","status":"publish","type":"page","link":"https:\/\/www.vivoil.com\/es\/guias\/divisores-de-caudal\/","title":{"rendered":"Divisores de caudal: gu\u00eda de selecci\u00f3n y uso"},"content":{"rendered":"<p>\u00bfEst\u00e1s buscando un divisor de caudal Vivoil para tu proyecto y quieres saber c\u00f3mo seleccionarlo? Aqu\u00ed encuentras una <b>gu\u00eda<\/b> para ayudarte a identificar el componente adecuado y las caracter\u00edsticas que te permitir\u00e1n obtener un divisor de caudal \u00f3ptimo para tu proyecto.<\/p>\n<p>En la gu\u00eda tambi\u00e9n encontrar\u00e1s nuestras sugerencias para que el componente funcione correctamente, <b>configuraciones personalizadas<\/b> que ya hemos realizado para otros clientes, c\u00f3mo instalarlo y aplicaciones especiales.<\/p>\n<div id=\"ez-toc-container\" class=\"ez-toc-v2_0_81 counter-hierarchy ez-toc-counter ez-toc-custom ez-toc-container-direction\">\n<div class=\"ez-toc-title-container\">\n<p class=\"ez-toc-title\" style=\"cursor:inherit\">Tabla de contenidos<\/p>\n<span class=\"ez-toc-title-toggle\"><\/span><\/div>\n<nav><ul class='ez-toc-list ez-toc-list-level-1 ' ><li class='ez-toc-page-1 ez-toc-heading-level-2'><a class=\"ez-toc-link ez-toc-heading-1\" href=\"https:\/\/www.vivoil.com\/es\/guias\/divisores-de-caudal\/#que-es-un-divisor-de-caudal-y-para-que-se-utiliza\" >Qu\u00e9 es un divisor de caudal y para qu\u00e9 se utiliza<\/a><\/li><li class='ez-toc-page-1 ez-toc-heading-level-2'><a class=\"ez-toc-link ez-toc-heading-2\" href=\"https:\/\/www.vivoil.com\/es\/guias\/divisores-de-caudal\/#la-gama-vivoil-incluye-4-modelos-de-divisores\" >La gama Vivoil incluye 4 modelos de divisores<\/a><\/li><li class='ez-toc-page-1 ez-toc-heading-level-2'><a class=\"ez-toc-link ez-toc-heading-3\" href=\"https:\/\/www.vivoil.com\/es\/guias\/divisores-de-caudal\/#como-elegir-el-mejor-divisor-de-caudal-vivoil-para-tu-proyecto\" >C\u00f3mo elegir el mejor divisor de caudal Vivoil para tu proyecto<\/a><\/li><li class='ez-toc-page-1 ez-toc-heading-level-2'><a class=\"ez-toc-link ez-toc-heading-4\" href=\"https:\/\/www.vivoil.com\/es\/guias\/divisores-de-caudal\/#personalizar-tu-divisor-de-caudal-vivoil\" >Personalizar tu divisor de caudal Vivoil<\/a><\/li><li class='ez-toc-page-1 ez-toc-heading-level-2'><a class=\"ez-toc-link ez-toc-heading-5\" href=\"https:\/\/www.vivoil.com\/es\/guias\/divisores-de-caudal\/#como-instalar-el-divisor-de-caudal-vivoil-e-instrucciones-de-uso\" >C\u00f3mo instalar el divisor de caudal Vivoil e instrucciones de uso<\/a><\/li><li class='ez-toc-page-1 ez-toc-heading-level-2'><a class=\"ez-toc-link ez-toc-heading-6\" href=\"https:\/\/www.vivoil.com\/es\/guias\/divisores-de-caudal\/#mantenimiento-y-reparacion-del-divisor-de-caudal\" >Mantenimiento y reparaci\u00f3n del divisor de caudal<\/a><\/li><li class='ez-toc-page-1 ez-toc-heading-level-2'><a class=\"ez-toc-link ez-toc-heading-7\" href=\"https:\/\/www.vivoil.com\/es\/guias\/divisores-de-caudal\/#errores-comunes-en-el-uso-del-divisor\" >Errores comunes en el uso del divisor<\/a><\/li><li class='ez-toc-page-1 ez-toc-heading-level-2'><a class=\"ez-toc-link ez-toc-heading-8\" href=\"https:\/\/www.vivoil.com\/es\/guias\/divisores-de-caudal\/#aplicaciones-especiales-de-nuestros-divisores-fuera-del-uso-comun\" >Aplicaciones especiales de nuestros divisores (fuera del uso com\u00fan)<\/a><\/li><li class='ez-toc-page-1 ez-toc-heading-level-2'><a class=\"ez-toc-link ez-toc-heading-9\" href=\"https:\/\/www.vivoil.com\/es\/guias\/divisores-de-caudal\/#%c2%bfnecesitas-ayuda\" >\u00bfNecesitas ayuda?<\/a><\/li><\/ul><\/nav><\/div>\n\n<h2><span class=\"ez-toc-section\" id=\"que-es-un-divisor-de-caudal-y-para-que-se-utiliza\"><\/span>Qu\u00e9 es un divisor de caudal y para qu\u00e9 se utiliza<span class=\"ez-toc-section-end\"><\/span><\/h2>\n<p>Un divisor de caudal es un componente dise\u00f1ado para <b>dividir o reunificar el flujo de aceite en proporciones predeterminadas<\/b>, que pueden ser iguales o diferentes.<\/p>\n<p>Las tres funciones principales de un divisor son:<\/p>\n<ul>\n<li aria-level=\"1\">Dividir el flujo de aceite<\/li>\n<li aria-level=\"1\">Unir flujos para regularizar diferentes caudales de aceite (combinar flujos)<\/li>\n<li aria-level=\"1\">Multiplicar la presi\u00f3n<\/li>\n<\/ul>\n<h2><span class=\"ez-toc-section\" id=\"la-gama-vivoil-incluye-4-modelos-de-divisores\"><\/span>La gama Vivoil incluye 4 modelos de divisores<span class=\"ez-toc-section-end\"><\/span><\/h2>\n<p>Distintos tipos de divisores de caudal est\u00e1n disponibles en el mercado. Nuestra gama de divisores de caudal, en particular, incluye 4 modelos: 3 de ellos son los divisores de caudal tradicionales (sin v\u00e1lvulas, con una sola v\u00e1lvula, con m\u00faltiples v\u00e1lvulas), el cuarto es nuestro divisor de caudal autocompensado MIA-FD.<\/p>\n<div class=\"vv-card\"><span class=\"vv-card-number\">1<\/span>\n<h3>Divisores de caudal sin v\u00e1lvulas<\/h3>\n<p><strong><b>\u00bfPara qu\u00e9 sirven?<\/b><br \/>\n<\/strong>Los divisores sin v\u00e1lvulas pueden utilizarse para dividir o unificar el caudal y para multiplicar la presi\u00f3n.<\/p>\n<p><strong>Recomendados cuando:<br \/>\n<\/strong>El dise\u00f1o contempla movimientos de baja frecuencia (pocos ciclos).<br \/>\n<\/div><div class=\"vv-card\"><span class=\"vv-card-number\">2<\/span>\n<h3>Divisores de caudal con una sola v\u00e1lvula de correcci\u00f3n de fase<\/h3>\n<p><strong>\u00bfPara qu\u00e9 sirven?<br \/>\n<\/strong>Los divisores con una sola v\u00e1lvula pueden utilizarse para dividir o unificar el caudal y para multiplicar la presi\u00f3n.<\/p>\n<p><b>Recomendados cuando\u00a0<\/b><strong><br \/>\n<\/strong><\/p>\n<p>El dise\u00f1o requiere la correcci\u00f3n del error, dada la frecuencia de los ciclos, para evitar un efecto acumulativo, pero al mismo tiempo buscas un componente que sea f\u00e1cil de ajustar.<\/p>\n<p>En esta versi\u00f3n, basta con accionar la v\u00e1lvula del divisor para permitir la reprogramaci\u00f3n del error a final de carrera de todos los elementos.<br \/>\n<\/div><div class=\"vv-card\"><span class=\"vv-card-number\">3<\/span>\n<h3>Divisores de caudal con m\u00faltiples v\u00e1lvulas de descarga y anticavitaci\u00f3n<\/h3>\n<p><b>\u00bfPara qu\u00e9 sirven?<\/b><strong><br \/>\n<\/strong>Los divisores de caudal con m\u00faltiples v\u00e1lvulas de descarga y anticavitaci\u00f3n pueden utilizarse para dividir el caudal o unificarlo y para multiplicar la presi\u00f3n.<\/p>\n<p><strong>Recommended when<\/strong><strong><br \/>\n<\/strong>The design requires the error to be zeroed in both directions (both in splitting and reunification ). In fact, this model has both a relief valve and an anti-cavitation valve for each element.<br \/>\n<\/div><div class=\"vv-card\"><span class=\"vv-card-number\">4<\/span>\n<h3>Divisores de Caudal con Colector Instant\u00e1neo Autocompensados (MIA-FD)<\/h3>\n<p><b>\u00bfPara qu\u00e9 sirven?<br \/>\n<\/b>Los MIA-FD distribuyen y alimentan las distintas secciones de los circuitos con caudales constantes. Solo pueden utilizarse para dividir o combinar el caudal, no como multiplicadores de presi\u00f3n.<\/p>\n<p><b>Recomendados cuando<br \/>\n<\/b>El proyecto incluye condiciones altamente desequilibradas.<\/p>\n<p>Este modelo gestiona las distintas cargas de los actuadores manteniendo una divisi\u00f3n \u00f3ptima incluso en estas condiciones.<\/p>\n<p>Adem\u00e1s, funciona como un colector equipado con conexiones CETOP 3 en cada elemento, lo que lo convierte en una soluci\u00f3n compacta y expandible.<\/p>\n<p><b>Reajuste al final de la carrera<br \/>\n<\/b>El MIA-FD est\u00e1 dise\u00f1ado para funcionar sin reajuste, pero cuando el movimiento del aceite es frecuente y hay un error acumulativo, puede ser \u00fatil instalar v\u00e1lvulas de refase para eliminar el error al final de la carrera. <a href=\"https:\/\/www.vivoil.com\/es\/blog\/como-instalar-y-calibrar-las-valvulas-de-refase-en-un-divisor-de-caudal-mia-fd\/\">Aqu\u00ed te explicamos c\u00f3mo instalarlas y calibrarlas<\/a>.<\/p>\n<p>\u00bfQuieres saber m\u00e1s sobre las caracter\u00edsticas y posibilidades de este modelo? Lee nuestro art\u00edculo en profundidad sobre el <a href=\"https:\/\/www.vivoil.com\/es\/blog\/mia-fd-auto-compensating-flow-divider\/\">divisor de caudal MIA-FD<\/a>.<\/p>\n<\/div>\n<h3><b>\u00a1Cuidado con la imitaci\u00f3n!<\/b><\/h3>\n<p>En el mercado se venden divisores de caudal que imitan nuestros productos, fabricados por empresas con las que no tenemos ninguna relaci\u00f3n. Para reconocer nuestros productos originales y diferenciarlos de los falsificados, verifica lo siguiente:<\/p>\n<ul>\n<li>La etiqueta (todos los productos Vivoil fabricados desde 2010 llevan una etiqueta muy dif\u00edcil de remover.)<\/li>\n<li>La marca registrada (todos nuestros componentes est\u00e1n grabados con la marca VIVOIL)<\/li>\n<\/ul>\n<p>Puedes saber m\u00e1s sobre las caracter\u00edsticas de nuestros componentes en el art\u00edculo<\/p>\n<p><a href=\"https:\/\/www.vivoil.com\/es\/blog\/how-to-recognize-original-vivoil-flow-dividers-from-imitations\/\">how to recognize original Vivoil flow dividers<\/a> from imitations.<\/p>\n<h3>4 grupos dimensionales<\/h3>\n<p><b>4 grupos dimensionales<\/b><\/p>\n<p>Los divisores Vivoil pueden tener diferentes cilindradas y rangos de presi\u00f3n, y se dividen en 4 grupos dimensionales:<\/p>\n<ul>\n<li aria-level=\"1\"><b>Grupo 0<\/b> (cilindrada de 0.16 cm3\/giro a 2,28 cm3\/giro, presiones m\u00e1ximas de hasta 210 bar)<\/li>\n<li aria-level=\"1\"><b>Grupo 1<\/b> (Cilindrada de 0.91 cm3\/giro a 9.88 cm3\/giro, presiones m\u00e1ximas de hasta 220 bar)<\/li>\n<li aria-level=\"1\"><b>Grupo 2<\/b> (Cilindrada de 4.2 cm3\/giro a 39.6 cm3\/giro, presiones m\u00e1ximas de hasta 210 bar)<\/li>\n<li aria-level=\"1\"><b>Grupo 3<\/b> (Cilindrada de 14.86 cm3\/giro a 86.87 cm3\/giro, presiones m\u00e1ximas de hasta 300 bar)<\/li>\n<\/ul>\n<p>Dependiendo de tu proyecto, puedes elegir el grupo m\u00e1s adecuado o, en muchos casos, incluso combinar varios grupos dimensionales.<\/p>\n<h2><span class=\"ez-toc-section\" id=\"como-elegir-el-mejor-divisor-de-caudal-vivoil-para-tu-proyecto\"><\/span>C\u00f3mo elegir el mejor divisor de caudal Vivoil para tu proyecto<span class=\"ez-toc-section-end\"><\/span><\/h2>\n<p>Sin v\u00e1lvulas, con una sola v\u00e1lvula, con m\u00faltiples v\u00e1lvulas o MIA-FD: \u00bfqu\u00e9 tipo de divisor de caudal Vivoil debes elegir para tu proyecto? Para identificar el m\u00e1s adecuado, sigue estos pasos:<\/p>\n<ol>\n<li><b>Definir el caudal<\/b> de cada elemento y calcular la cilindrada (aqu\u00ed te explicamos <a href=\"https:\/\/www.vivoil.com\/es\/blog\/how-to-calculate-the-displacement-of-a-flow-divider-knowing-the-flow-rates\/\">c\u00f3mo calcular la cilindrada de un divisor conociendo los caudales<\/a>)<\/li>\n<li>Choose the <strong>size group<\/strong> based on the displacement and pressures (0, 1, 2, 3)<\/li>\n<li>Evaluate the model based on the <strong>application<\/strong><\/li>\n<\/ol>\n<p>Para aprender m\u00e1s sobre todos estos aspectos y evaluar el grupo dimensional que mejor se adapta a tus necesidades, lee nuestro art\u00edculo detallado sobre c\u00f3mo <a href=\"https:\/\/www.vivoil.com\/es\/blog\/how-to-choose-a-flow-divider\/\">elegir un divisor de caudal<\/a>, donde encontrar\u00e1s f\u00f3rmulas, tablas y otros consejos \u00fatiles.<\/p>\n<h2><span class=\"ez-toc-section\" id=\"personalizar-tu-divisor-de-caudal-vivoil\"><\/span>Personalizar tu divisor de caudal Vivoil<span class=\"ez-toc-section-end\"><\/span><\/h2>\n<p>Una vez que hayas identificado el modelo adecuado para ti, puedes personalizarlo eligiendo entre muchas opciones disponibles, combinando diferentes grupos dimensionales o seleccionando una de las configuraciones que ya hemos preparado.<\/p>\n<h3>Opcionales para divisores de caudal<\/h3>\n<div class=\"vv-card\"><span class=\"vv-card-number\">1<\/span>\n<p><b>Sensor de velocidad o eje de salida<\/b><\/p>\n<p>Puedes elegir uno u otro, ya que son alternativas. Estas dos opciones <b>s\u00f3lo pueden integrarse en divisores sin v\u00e1lvulas.\u00a0<\/b><\/p>\n<ul>\n<li>El<b> sensor de velocidad <\/b>es uno de los accesorios m\u00e1s recientes que hemos incorporado y que podemos suministrar junto con el divisor para que lo instales. Es un sensor integrado en el divisor que detecta el paso del engranaje y emite un pulso. Se puede usar, por ejemplo, para verificar que el sistema de lubricaci\u00f3n est\u00e1 en funcionamiento.<\/li>\n<li>El<b> eje de salida<\/b> es la soluci\u00f3n alternativa. En el exterior del divisor, se puede acoplar una rueda f\u00f3nica al eje que permite leer la rotaci\u00f3n, o utilizarse como una peque\u00f1a toma de fuerza (obviamente sin cargas axiales o radiales).<\/li>\n<\/ul>\n<\/div><div class=\"vv-card\"><span class=\"vv-card-number\">2<\/span>\n<p><strong>Motor<\/strong><\/p>\n<p>Podr\u00edas encontrarte con esta configuraci\u00f3n si tienes cilindros de efecto simple en tu dise\u00f1o, cuando, en el descenso, no se aplica una carga suficiente. El motor, de hecho, anula la presi\u00f3n de arranque requerida para mover el divisor. Para saber cu\u00e1ndo aplicarlo y c\u00f3mo dimensionar el motor, lee nuestro art\u00edculo en profundidad sobre <a href=\"https:\/\/www.vivoil.com\/blog\/flow-dividers-with-motor\/\">divisores de caudal con motor<\/a>.<\/p>\n<\/div><div class=\"vv-card\"><span class=\"vv-card-number\">3<\/span>\n<p><b>V\u00e1lvulas operadas el\u00e9ctricamente (o v\u00e1lvulas solenoides)<\/b><\/p>\n<p>Esta opci\u00f3n permite detener o enviar el flujo de aceite al drenaje en cualquier momento, mediante un pulso el\u00e9ctrico, sin necesidad de esperar cambios de presi\u00f3n o que los cilindros lleguen al final de su carrera. Por lo tanto, permite <b>activar la resincronizaci\u00f3n cuando se desee.<\/b> Para conocer todas sus caracter\u00edsticas y posibilidades de esta opci\u00f3n, consulta nuestro <a href=\"https:\/\/www.vivoil.com\/blog\/flow-divider-with-electrically-operated-valves\/\">art\u00edculo sobre divisores de caudal con v\u00e1lvulas el\u00e9ctricas<\/a>.<\/p>\n<\/div><div class=\"vv-card\"><span class=\"vv-card-number\">4<\/span>\n<p><b>Viton<\/b><\/p>\n<p>Es una opci\u00f3n que permite gestionar condiciones especiales de temperatura y compatibilidad con el aceite.<\/p>\n<\/div><div class=\"vv-card\"><span class=\"vv-card-number\">5<\/span>\n<p><b>Drenaje interno<\/b><\/p>\n<p>Simplifica el circuito removiendo la l\u00ednea de descarga al tanque, pero no es recomendable debido a que somete al sistema a mayor esfuerzo y hace que la calibraci\u00f3n de la v\u00e1lvula sea m\u00e1s complicada.<\/p>\n<p>Tambi\u00e9n, inhibe la funci\u00f3n de resincronizaci\u00f3n durante la reunificaci\u00f3n en los modelos equipados con v\u00e1lvulas anticavitaci\u00f3n.<\/p>\n<\/div>\n<h3><b>Otra opci\u00f3n: elegir entre diferentes combinaciones de grupos dimensionales<\/b><\/h3>\n<p>Tambi\u00e9n tienes la opci\u00f3n de combinar divisores de diferentes dimensiones \u2013 por ejemplo, un divisor con elementos del grupo 0 y grupo 1, o un divisor con elementos del grupo 1 y del grupo 2 \u2013, lo que te permite manejar caudales de salida muy diferentes.<\/p>\n<p>Para estas condiciones especiales, cont\u00e1ctenos y encontraremos una \u00f3ptima soluci\u00f3n .<\/p>\n<h3><b>Nuestras configuraciones personalizadas<\/b><\/h3>\n<p>Adem\u00e1s de las personalizaciones mencionadas anteriormente, tambi\u00e9n puedes evaluar alguna de las configuraciones que ya hemos desarrollado para nuestros clientes:<\/p>\n<ul>\n<li aria-level=\"1\">Ausencia de soportes de fijaci\u00f3n<\/li>\n<li aria-level=\"1\">Soportes en posiciones no est\u00e1ndar<\/li>\n<li aria-level=\"1\">Entrada lateral de aceite<\/li>\n<li aria-level=\"1\">N\u00famero de puertos de entrada diferente al est\u00e1ndar<\/li>\n<li aria-level=\"1\">Versi\u00f3n con igual n\u00famero de entradas y salidas para re-equilibrar caudales<\/li>\n<li aria-level=\"1\">Divisor de caudal preparado para que lo completes con v\u00e1lvulas, pero suministrado sin ellas (\u00fatil si deseas aplicar una v\u00e1lvula que no est\u00e9 en nuestro cat\u00e1logo)<\/li>\n<li aria-level=\"1\">Personalizaci\u00f3n del color (para lotes grandes)<\/li>\n<li aria-level=\"1\">Etiquetado personalizado y marcajes especiales, como logotipos y textos (para lotes grandes)<\/li>\n<\/ul>\n<h2><span class=\"ez-toc-section\" id=\"como-instalar-el-divisor-de-caudal-vivoil-e-instrucciones-de-uso\"><\/span>C\u00f3mo instalar el divisor de caudal Vivoil e instrucciones de uso<span class=\"ez-toc-section-end\"><\/span><\/h2>\n<div class=\"vv-card\"><span class=\"vv-card-number\">1<\/span>\n<h3>Instalando el divisor de caudal Vivoil<\/h3>\n<p><strong>1) Limpieza y preparaci\u00f3n<br \/>\n<\/strong><\/p>\n<ul>\n<li>Limpiar cuidadosamente las tuber\u00edas y el componente<\/li>\n<li>Verificar que las tuber\u00edas tengan la longitud adecuada seg\u00fan el sistema<\/li>\n<li>Comprobar que el fluido utilizado sea compatible con el divisor<\/li>\n<\/ul>\n<p><strong>2)<\/strong> <b>Conexi\u00f3n y puesta en marcha<\/b><\/p>\n<ul>\n<li>Conectar las tuber\u00edas al divisor<\/li>\n<li>Poner en funcionamiento el divisor de caudal<\/li>\n<\/ul>\n<p><strong>3) <b>Calibraci\u00f3n de las v\u00e1lvulas de correcci\u00f3n de caudal<\/b><\/strong><\/p>\n<ul>\n<li>Verificar que el drenaje est\u00e9 instalado correctamente (en la parte inferior del cabezal de aceite para la versi\u00f3n multiv\u00e1lvula).<\/li>\n<li>Realizar la calibraci\u00f3n de las v\u00e1lvulas<\/li>\n<\/ul>\n<p>La calibraci\u00f3n de v\u00e1lvulas es un <b>paso fundamenta<\/b>l para que el divisor funcione correctamente. Si no se hace bien, pueden producirse errores de funcionamiento e incluso fallos en los componentes.<\/p>\n<p>Las v\u00e1lvulas del divisor act\u00faan al final del recorrido para corregir el error y deben abrirse en el momento preciso.<\/p>\n<p><b>La calibraci\u00f3n var\u00eda seg\u00fan el tipo de v\u00e1lvulas<\/b>, por lo que recomendamos seguir los procedimientos descritos en nuestros art\u00edculos detallados sobre <b>c\u00f3mo ajustar las v\u00e1lvulas<\/b> <a href=\"https:\/\/www.vivoil.com\/blog\/change-valves-adjustment-range\/\">en divisores de una sola v\u00e1lvula<\/a> y\u00a0<a href=\"https:\/\/www.vivoil.com\/blog\/adjust-valves-multivalve-flow-dividers\/\">c\u00f3mo ajustarlas en divisores multiv\u00e1lvula<\/a>.<\/p>\n<p><strong>4)\u00a0<\/strong><b>Verificaci\u00f3n del funcionamiento de los actuadores, <\/b>los cuales deben moverse como indica el dise\u00f1o<\/p>\n<p>Para conocer m\u00e1s sobre cada paso, c\u00f3mo configurar el drenaje y c\u00f3mo calibrar las v\u00e1lvulas de correcci\u00f3n, consulta nuestro art\u00edculo completo sobre <a href=\"https:\/\/www.vivoil.com\/es\/blog\/how-to-install-flow-dividers\/\">c\u00f3mo instalar los divisores de caudal<\/a>.<\/p>\n<\/div><div class=\"vv-card\"><span class=\"vv-card-number\">2<\/span>\n<h3><b>Ajuste del rango de la v\u00e1lvula<\/b><\/h3>\n<p>El ajuste del rango de una v\u00e1lvula depende de la resistencia del resorte en su interior. Para modificarlo, <b>basta con sustituir el resorte<\/b> por uno de diferente tama\u00f1o. Sin embargo, el procedimiento var\u00eda seg\u00fan el componente.<\/p>\n<p>En nuestro art\u00edculo detallado sobre <a href=\"https:\/\/www.vivoil.com\/blog\/change-valves-adjustment-range\/\">c\u00f3mo cambiar el rango de las v\u00e1lvulas Vivoil<\/a> encontrar\u00e1s instrucciones especificas para las siguientes v\u00e1lvulas:<\/p>\n<ul>\n<li>LPA 10 y LPB 10 en componentes Vivoil del grupo 0<\/li>\n<li>LPB 20 y LPS 20\/20 en componentes Vivoil de los grupos 1<\/li>\n<li>LPA 30 en componentes Vivoil de los grupos 2<\/li>\n<li>LPB 30 en componentes Vivoil del grupo 3<\/li>\n<\/ul>\n<\/div><div class=\"vv-card\"><span class=\"vv-card-number\">3<\/span>\n<h3><b>Limpieza y filtrado del aceite <\/b><\/h3>\n<p>Durante la instalaci\u00f3n, aseg\u00farate de utilizar fluidos hidr\u00e1ulicos compatibles, con una viscosidad adecuada como se indica en nuestros <a href=\"https:\/\/www.vivoil.com\/es\/catalogos\/\">cat\u00e1logos<\/a>. El uso de aceites no compatibles puede da\u00f1ar el divisor. Tambi\u00e9n te recomendamos verificar que los filtros est\u00e9n instalados conforme a esta tabla:<\/p>\n<table>\n<tbody>\n<tr>\n<td>Presi\u00f3n de trabajo<\/td>\n<td>\u0394p inferior a 140<\/td>\n<td>\u0394p entre a 140 y 210<\/td>\n<td>\u0394p superior a 210<\/td>\n<\/tr>\n<tr>\n<td>Clase de contaminaci\u00f3n NAS 1638<\/td>\n<td>10<\/td>\n<td>9<\/td>\n<td>8<\/td>\n<\/tr>\n<tr>\n<td>Clase de contaminaci\u00f3n ISO 4406:1999<\/td>\n<td>21\/19\/16<\/td>\n<td>20\/18\/15<\/td>\n<td>19\/17\/14<\/td>\n<\/tr>\n<tr>\n<td>Para obtenerse con filtro \u00df10 \u2265 200 seg\u00fan ISO 16889<\/td>\n<td>&#8211;<\/td>\n<td>10 \u03bcm<\/td>\n<td>10 \u03bcm<\/td>\n<\/tr>\n<tr>\n<td>Para obtenerse con filtro \u00df25 \u2265 200 seg\u00fan ISO 16889<\/td>\n<td>25 \u03bcm<\/td>\n<td>&#8211;<\/td>\n<td>&#8211;<\/td>\n<\/tr>\n<\/tbody>\n<\/table>\n<\/div>\n<h2><span class=\"ez-toc-section\" id=\"mantenimiento-y-reparacion-del-divisor-de-caudal\"><\/span>Mantenimiento y reparaci\u00f3n del divisor de caudal<span class=\"ez-toc-section-end\"><\/span><\/h2>\n<p>Para asegurar el correcto funcionamiento de tu divisor, realiza estas revisiones peri\u00f3dicas:<\/p>\n<ul>\n<li>Que los tornillos est\u00e9n bien apretados<\/li>\n<li>Que no haya fugas entre los elementos<\/li>\n<li>Que el error de funcionamiento est\u00e9 dentro de los valores indicados en el dise\u00f1o del sistema<\/li>\n<\/ul>\n<p>Si el error aumenta con el tiempo, puede deberse al desgaste del producto, y posiblemente debas reemplazarlo.<\/p>\n<h3><b>C\u00f3mo reemplazar un componente Vivoil<\/b><\/h3>\n<p>Todos los divisores Vivoil tienen una etiqueta identificativa, que facilita la solicitud de repuestos.<\/p>\n<p>Si tienes un producto Vivoil de la antigua versi\u00f3n KV que ha llegado a su vida final y necesitas reemplazarlo, por uno nuevo de la actual serie RV, ten en cuenta que los <a href=\"https:\/\/www.vivoil.com\/blog\/vivoil-kv-and-rv-series-flow-dividers\/\">divisores serie KV y RV son diferentes<\/a>. Para saber qu\u00e9 componente elegir, hay que tener en cuenta varios factores:<\/p>\n<ul>\n<li>Si el divisor tiene o no v\u00e1lvulas<\/li>\n<li>Si hay espacio suficiente para el nuevo modelo<\/li>\n<li>La ubicaci\u00f3n de las entradas<\/li>\n<\/ul>\n<p>Consulta nuestro art\u00edculo espec\u00edfico sobre <a href=\"https:\/\/www.vivoil.com\/blog\/replace-kw-rv-flow-divider\/\">c\u00f3mo reemplazar un divisor de caudal KV por un RV<\/a>.<\/p>\n<h2><span class=\"ez-toc-section\" id=\"errores-comunes-en-el-uso-del-divisor\"><\/span>Errores comunes en el uso del divisor<span class=\"ez-toc-section-end\"><\/span><\/h2>\n<p>Uno de los errores m\u00e1s comunes es el<b> desalineamiento de cilindros<\/b>. Si el error es inferior al 3%, se trata de una condici\u00f3n fisiol\u00f3gica: independientemente de la precisi\u00f3n, siempre existe un error en todos los divisores de caudal. Si el error es mayor, puede ser debido a diversos factores, como las <b>diferencias de cargas.<\/b><\/p>\n<p>\u00bfHas comprobado si la diferencia de carga es inferior a 30 bar y la calibraci\u00f3n de la v\u00e1lvula es correcta? Entonces, es posible que la desalineaci\u00f3n de los cilindros se deba a problemas con el sistema.<\/p>\n<ul>\n<li aria-level=\"1\">Aire en el sistema<\/li>\n<li aria-level=\"1\">Error en la conexi\u00f3n del escape<\/li>\n<li aria-level=\"1\">Falta de resintonizaci\u00f3n (rephasing)<\/li>\n<li aria-level=\"1\">Dimensionamiento incorrecto del divisor<\/li>\n<li aria-level=\"1\">Da\u00f1o en los sellos<\/li>\n<\/ul>\n<p>Para saber m\u00e1s, consulta nuestro art\u00edculo sobre las <a href=\"https:\/\/www.vivoil.com\/blog\/misalignment-cylinders-flow-divider\/\">causas principales del desalineamiento de cilindros para soluciones detalladas<\/a>.<\/p>\n<h2><span class=\"ez-toc-section\" id=\"aplicaciones-especiales-de-nuestros-divisores-fuera-del-uso-comun\"><\/span>Aplicaciones especiales de nuestros divisores (fuera del uso com\u00fan)<span class=\"ez-toc-section-end\"><\/span><\/h2>\n<p>Un divisor de caudal tambi\u00e9n puede utilizarse:<\/p>\n<ul>\n<li>Para equilibrar caudales<\/li>\n<\/ul>\n<p>Como <a href=\"https:\/\/www.vivoil.com\/es\/blog\/use-a-vivoil-flow-divider-as-pressure-multipliers\/\">multiplicador de presi\u00f3n<\/a>, (una aplicaci\u00f3n \u00fatil para optimizar el consumo de energ\u00eda y reducir desperdicios, aprovechando la potencia hidr\u00e1ulica residual desviando parte del flujo al drenaje.)<\/p>\n<hr \/>\n<h2><span class=\"ez-toc-section\" id=\"%c2%bfnecesitas-ayuda\"><\/span>\u00bfNecesitas ayuda?<span class=\"ez-toc-section-end\"><\/span><\/h2>\n<p>Si necesitas m\u00e1s informaci\u00f3n, <a href=\"https:\/\/www.vivoil.com\/es\/contacto\/\">cont\u00e1ctanos<\/a>. \u00a1Estamos aqu\u00ed para ayudarte!<\/p>\n<p>Y si deseas una asistencia m\u00e1s detallada durante la instalaci\u00f3n, no dudes en llamar a nuestro departamento t\u00e9cnico. Te brindaremos todo el soporte necesario y resolveremos cualquier duda que tengas.<\/p>\n","protected":false},"excerpt":{"rendered":"<p>\u00bfEst\u00e1s buscando un divisor de caudal Vivoil para tu proyecto y quieres saber c\u00f3mo seleccionarlo? Aqu\u00ed encuentras una gu\u00eda para ayudarte a identificar el componente adecuado y las caracter\u00edsticas que te permitir\u00e1n obtener un divisor de caudal \u00f3ptimo para tu proyecto. En la gu\u00eda tambi\u00e9n encontrar\u00e1s nuestras sugerencias para que el componente funcione correctamente, configuraciones [&hellip;]<\/p>\n","protected":false},"author":6,"featured_media":16154,"parent":18506,"menu_order":0,"comment_status":"closed","ping_status":"closed","template":"","meta":{"_acf_changed":false,"_relevanssi_hide_post":"","_relevanssi_hide_content":"","_relevanssi_pin_for_all":"","_relevanssi_pin_keywords":"","_relevanssi_unpin_keywords":"","_relevanssi_related_keywords":"","_relevanssi_related_include_ids":"","_relevanssi_related_exclude_ids":"","_relevanssi_related_no_append":"","_relevanssi_related_not_related":"","_relevanssi_related_posts":"","_relevanssi_noindex_reason":"","footnotes":""},"class_list":["post-18508","page","type-page","status-publish","has-post-thumbnail","hentry"],"acf":[],"_links":{"self":[{"href":"https:\/\/www.vivoil.com\/es\/wp-json\/wp\/v2\/pages\/18508","targetHints":{"allow":["GET"]}}],"collection":[{"href":"https:\/\/www.vivoil.com\/es\/wp-json\/wp\/v2\/pages"}],"about":[{"href":"https:\/\/www.vivoil.com\/es\/wp-json\/wp\/v2\/types\/page"}],"author":[{"embeddable":true,"href":"https:\/\/www.vivoil.com\/es\/wp-json\/wp\/v2\/users\/6"}],"replies":[{"embeddable":true,"href":"https:\/\/www.vivoil.com\/es\/wp-json\/wp\/v2\/comments?post=18508"}],"version-history":[{"count":5,"href":"https:\/\/www.vivoil.com\/es\/wp-json\/wp\/v2\/pages\/18508\/revisions"}],"predecessor-version":[{"id":19831,"href":"https:\/\/www.vivoil.com\/es\/wp-json\/wp\/v2\/pages\/18508\/revisions\/19831"}],"up":[{"embeddable":true,"href":"https:\/\/www.vivoil.com\/es\/wp-json\/wp\/v2\/pages\/18506"}],"wp:featuredmedia":[{"embeddable":true,"href":"https:\/\/www.vivoil.com\/es\/wp-json\/wp\/v2\/media\/16154"}],"wp:attachment":[{"href":"https:\/\/www.vivoil.com\/es\/wp-json\/wp\/v2\/media?parent=18508"}],"curies":[{"name":"wp","href":"https:\/\/api.w.org\/{rel}","templated":true}]}}