{"id":572,"date":"2021-04-26T00:00:00","date_gmt":"2021-04-25T22:00:00","guid":{"rendered":"https:\/\/www.vivoil.com\/de\/automotive-e-trasporti\/"},"modified":"2025-10-07T17:13:33","modified_gmt":"2025-10-07T15:13:33","slug":"anhaenger-antriebssysteme","status":"publish","type":"page","link":"https:\/\/www.vivoil.com\/de\/sektoren\/anhaenger-antriebssysteme\/","title":{"rendered":"Hydraulikpumpen und Motoren f\u00fcr Anh\u00e4nger und Antriebssysteme"},"content":{"rendered":"<h2>Vivoil: Hydraulikpumpen, Motoren und Zahnradmengenteiler f\u00fcr den Automotive- und Transportsektor<\/h2>\n<p>Das Vivoil-Sortiment f\u00fcr den Automotive- und Transportsektor umfasst Hydraulikpumpen mit au\u00dfenverzahnten Zahnr\u00e4dern (unidirektional und bidirektional), Hydraulikmotoren mit au\u00dfenverzahnten Zahnr\u00e4dern (unidirektional und bidirektional), Mehrfach-\u00d6lpumpen mit bereits montierten au\u00dfenverzahnten Zahnr\u00e4dern oder in noch zu montierenden Teilen, Zahnradmengenteiler.<\/p>\n<h3>Merkmale<\/h3>\n<p>Alle Vivoil-Komponenten werden in Italien hergestellt. Jedes Produkt wird von Hand zusammengebaut und anschlie\u00dfend getestet. Pumpen, Motoren und Teiler sind in verschiedenen Hubr\u00e4umen erh\u00e4ltlich, um unter allen Bedingungen maximale Leistung zu erzielen. Sie sind in vier Ma\u00dfgruppen unterteilt (0, 1, 2, 3 gem\u00e4\u00df unserer Klassifizierung), damit Sie das f\u00fcr Sie n\u00fctzlichste Produkt ausw\u00e4hlen k\u00f6nnen. Hier ein \u00dcberblick \u00fcber die erzielten Leistungen:<\/p>\n<ul>\n<li aria-level=\"1\">Der Hubraum der unidirektionalen und bidirektionalen Vivoil-Pumpen variiert zwischen 0,16 cm<sup>3<\/sup>\/U und 86,87 cm<sup>3<\/sup>\/U, die Drehzahl erreicht bis zu 9000 U\/min, der maximale Druck liegt bei 320 bar<\/li>\n<li aria-level=\"1\">Der Hubraum der unidirektionalen und bidirektionalen Vivoil-Motoren variiert zwischen 0,45 cm<sup>3<\/sup>\/U und 86,87 cm<sup>3<\/sup>\/U, die Drehzahl erreicht bis zu 9000 U\/min, der maximale Druck liegt bei 320 bar<\/li>\n<li aria-level=\"1\">Der Hubraum der Vivoil-Teiler variiert zwischen 0,16 cm<sup>3<\/sup>\/U und 86,87 cm<sup>3<\/sup>\/U, der maximale Druck liegt bei 300 bar<\/li>\n<li aria-level=\"1\">Der Hubraum der Vivoil-Mehrfachpumpen und der Mehrfachpumpenelemente variiert zwischen 0,16 cm<sup>3<\/sup>\/U und 86,87 cm<sup>3<\/sup>\/Umdrehung, der maximale Druck liegt bei 320 bar.<\/li>\n<\/ul>\n<p>Wir k\u00f6nnen die meisten unserer Produkte mit Ventilen (Anti-Kavitation, \u00dcberdruck, Priorit\u00e4t, elektrischer Bypass), Hochleistungsst\u00fctzen und mit verschiedenen Flanschen- und Wellenkonfigurationen anpassen. F\u00fcr viele unserer Komponenten ist diese Anpassung m\u00f6glich, wenn Sie Zweifel haben oder weitere Informationen zur Art des Zubeh\u00f6rs ben\u00f6tigen, wenden Sie sich an unsere Verkaufsabteilung. Sie wird Ihnen alle gew\u00fcnschten Antworten geben. So werden beispielsweise unsere Zahnradmengenteiler zur Stabilisierung von Anh\u00e4ngern benutzt. Eine schnelle Lieferung ist gew\u00e4hrleistet, f\u00fcr unsere Kunden gibt es keine Mindestbestellmengen.<\/p>\n<h2>Zahnradmengenteiler, Pumpen und Motoren f\u00fcr W\u00e4rmetauscher und Antriebssysteme<\/h2>\n<p>Zahnradmengenteiler, Hydraulikpumpen und -motoren tragen zur Pr\u00e4zision und zur Fluidit\u00e4t der Bewegung von Maschinen und Fahrzeugen bei, wie z. B. Anh\u00e4nger f\u00fcr Lastkraftwagen, di Tanks, Silos oder Container transportieren.<\/p>\n","protected":false},"excerpt":{"rendered":"<p>Zahnradmengenteiler, Hydraulikpumpen und -motoren f\u00fcr Anh\u00e4nger und Antriebssysteme. Wir produzieren Hydraulikpumpen, Zahnradmengenteiler, Hydraulikmotoren f\u00fcr Anh\u00e4nger, Antriebssysteme und andere Anwendungen im Automotive- und Transportsektor. Unsere Produkte und deren Zubeh\u00f6r tragen dazu bei, die Bewegung von Transportmitteln pr\u00e4zise, \u200b\u200bsicher und fl\u00fcssig zu gestalten.<\/p>\n","protected":false},"author":1,"featured_media":5739,"parent":574,"menu_order":0,"comment_status":"open","ping_status":"closed","template":"","meta":{"_acf_changed":false,"_relevanssi_hide_post":"","_relevanssi_hide_content":"","_relevanssi_pin_for_all":"","_relevanssi_pin_keywords":"","_relevanssi_unpin_keywords":"","_relevanssi_related_keywords":"","_relevanssi_related_include_ids":"","_relevanssi_related_exclude_ids":"","_relevanssi_related_no_append":"","_relevanssi_related_not_related":"","_relevanssi_related_posts":"","_relevanssi_noindex_reason":"","footnotes":""},"class_list":["post-572","page","type-page","status-publish","has-post-thumbnail","hentry"],"acf":[],"_links":{"self":[{"href":"https:\/\/www.vivoil.com\/de\/wp-json\/wp\/v2\/pages\/572","targetHints":{"allow":["GET"]}}],"collection":[{"href":"https:\/\/www.vivoil.com\/de\/wp-json\/wp\/v2\/pages"}],"about":[{"href":"https:\/\/www.vivoil.com\/de\/wp-json\/wp\/v2\/types\/page"}],"author":[{"embeddable":true,"href":"https:\/\/www.vivoil.com\/de\/wp-json\/wp\/v2\/users\/1"}],"replies":[{"embeddable":true,"href":"https:\/\/www.vivoil.com\/de\/wp-json\/wp\/v2\/comments?post=572"}],"version-history":[{"count":2,"href":"https:\/\/www.vivoil.com\/de\/wp-json\/wp\/v2\/pages\/572\/revisions"}],"predecessor-version":[{"id":16040,"href":"https:\/\/www.vivoil.com\/de\/wp-json\/wp\/v2\/pages\/572\/revisions\/16040"}],"up":[{"embeddable":true,"href":"https:\/\/www.vivoil.com\/de\/wp-json\/wp\/v2\/pages\/574"}],"wp:featuredmedia":[{"embeddable":true,"href":"https:\/\/www.vivoil.com\/de\/wp-json\/wp\/v2\/media\/5739"}],"wp:attachment":[{"href":"https:\/\/www.vivoil.com\/de\/wp-json\/wp\/v2\/media?parent=572"}],"curies":[{"name":"wp","href":"https:\/\/api.w.org\/{rel}","templated":true}]}}