{"id":565,"date":"2021-04-26T00:00:00","date_gmt":"2021-04-25T22:00:00","guid":{"rendered":"https:\/\/www.vivoil.com\/de\/newsletter\/"},"modified":"2021-05-05T17:29:48","modified_gmt":"2021-05-05T15:29:48","slug":"newsletter","status":"publish","type":"page","link":"https:\/\/www.vivoil.com\/de\/newsletter\/","title":{"rendered":"Newsletter"},"content":{"rendered":"<script>(function() {\n\twindow.mc4wp = window.mc4wp || {\n\t\tlisteners: [],\n\t\tforms: {\n\t\t\ton: function(evt, cb) {\n\t\t\t\twindow.mc4wp.listeners.push(\n\t\t\t\t\t{\n\t\t\t\t\t\tevent   : evt,\n\t\t\t\t\t\tcallback: cb\n\t\t\t\t\t}\n\t\t\t\t);\n\t\t\t}\n\t\t}\n\t}\n})();\n<\/script><!-- Mailchimp for WordPress v4.12.0 - https:\/\/wordpress.org\/plugins\/mailchimp-for-wp\/ --><form id=\"mc4wp-form-1\" class=\"mc4wp-form mc4wp-form-960\" method=\"post\" data-id=\"960\" data-name=\"Form newsletter\" ><div class=\"mc4wp-form-fields\"><h2>Abonnieren Sie unseren Newsletter<\/h2>\r\n<p>Tragen Sie sich f\u00fcr unsere Newsletter ein und erhalten Sie dadurch unsere aktuellsten Informationen, Neuigkeiten und Updates zu unseren Produkten und unserer Arbeit.<\/p>\r\n<p>Wir werden Ihnen h\u00f6chstens einmal pro Monat Informationen zu unseren Produkten, Vorschauen zu unseren neuen Pumpen-, Motoren- und Zahnradmengenteiler-Typen und Angebote, die f\u00fcr Vivoil-Kunden reserviert sind, zustellen. Die Newsletter ist in englischer Sprache.<\/p>\r\n<label class=\"screen-reader-text\">Ihr Name<\/label>\r\n<input type=\"text\" name=\"FNAME\" placeholder=\"Ihr Name\" required \/>\r\n<label class=\"screen-reader-text\">Ihre E-Mail-Adresse<\/label>\r\n<input type=\"email\" name=\"EMAIL\" placeholder=\"Ihre E-Mail-Adresse\" required \/>\r\n<p>Wenn Sie auf \"Abonnieren\" klicken, stimmen Sie dem Erhalt unseres Newsletters zu: <a href=\"https:\/\/www.vivoil.com\/de\/privacy-policy\/\">Lesen Sie hier<\/a>, wie wir Ihre Daten bearbeiten.<\/p>\r\n<input type=\"submit\" value=\"Abonnieren\" \/>\r\n<p>Sie k\u00f6nnen sich jederzeit abmelden: Jeder Newsletter enth\u00e4lt einen Link, \u00fcber den Sie den Empfang unserer Nachrichten beenden k\u00f6nnen.<\/p><\/div><label style=\"display: none !important;\">Wenn du ein Mensch bist, lasse das Feld leer: <input type=\"text\" name=\"_mc4wp_honeypot\" value=\"\" tabindex=\"-1\" autocomplete=\"off\" \/><\/label><input type=\"hidden\" name=\"_mc4wp_timestamp\" value=\"1776292694\" \/><input type=\"hidden\" name=\"_mc4wp_form_id\" value=\"960\" \/><input type=\"hidden\" name=\"_mc4wp_form_element_id\" value=\"mc4wp-form-1\" \/><div class=\"mc4wp-response\"><\/div><\/form><!-- \/ Mailchimp for WordPress Plugin -->\n","protected":false},"excerpt":{"rendered":"","protected":false},"author":1,"featured_media":0,"parent":0,"menu_order":90,"comment_status":"open","ping_status":"open","template":"","meta":{"_acf_changed":false,"_relevanssi_hide_post":"","_relevanssi_hide_content":"","_relevanssi_pin_for_all":"","_relevanssi_pin_keywords":"","_relevanssi_unpin_keywords":"","_relevanssi_related_keywords":"","_relevanssi_related_include_ids":"","_relevanssi_related_exclude_ids":"","_relevanssi_related_no_append":"","_relevanssi_related_not_related":"","_relevanssi_related_posts":"","_relevanssi_noindex_reason":"","footnotes":""},"class_list":["post-565","page","type-page","status-publish","hentry"],"acf":[],"_links":{"self":[{"href":"https:\/\/www.vivoil.com\/de\/wp-json\/wp\/v2\/pages\/565","targetHints":{"allow":["GET"]}}],"collection":[{"href":"https:\/\/www.vivoil.com\/de\/wp-json\/wp\/v2\/pages"}],"about":[{"href":"https:\/\/www.vivoil.com\/de\/wp-json\/wp\/v2\/types\/page"}],"author":[{"embeddable":true,"href":"https:\/\/www.vivoil.com\/de\/wp-json\/wp\/v2\/users\/1"}],"replies":[{"embeddable":true,"href":"https:\/\/www.vivoil.com\/de\/wp-json\/wp\/v2\/comments?post=565"}],"version-history":[{"count":3,"href":"https:\/\/www.vivoil.com\/de\/wp-json\/wp\/v2\/pages\/565\/revisions"}],"predecessor-version":[{"id":16435,"href":"https:\/\/www.vivoil.com\/de\/wp-json\/wp\/v2\/pages\/565\/revisions\/16435"}],"wp:attachment":[{"href":"https:\/\/www.vivoil.com\/de\/wp-json\/wp\/v2\/media?parent=565"}],"curies":[{"name":"wp","href":"https:\/\/api.w.org\/{rel}","templated":true}]}}