{"id":562,"date":"2021-04-26T00:00:00","date_gmt":"2021-04-25T22:00:00","guid":{"rendered":"https:\/\/www.vivoil.com\/de\/chi-siamo\/"},"modified":"2025-10-07T17:39:25","modified_gmt":"2025-10-07T15:39:25","slug":"wer-wir-sind","status":"publish","type":"page","link":"https:\/\/www.vivoil.com\/de\/wer-wir-sind\/","title":{"rendered":"Wer wir sind"},"content":{"rendered":"<h2>Vivoil, Hydraulikkomponenten seit 1985<\/h2>\n<p>Unsere Firma <b>Vivoil Oleodinamica Vivolo srl<\/b> wurde 1985 gegr\u00fcndet, als Herr Domenico Vivolo -nach 25 Jahren Erfahrung in Turolla, eines der wichtigsten Unternehmen der Branche- beschlie\u00dft, ein eigenes Unternehmen f\u00fcr die <b>Montage und den Verkauf von Hydraulikkomponenten<\/b> zu er\u00f6ffnen.<\/p>\n<p><img loading=\"lazy\" decoding=\"async\" class=\"aligncenter size-large wp-image-5721\" src=\"https:\/\/www.vivoil.com\/de\/wp-content\/uploads\/sites\/4\/2018\/06\/area-montaggio-motori-pompe-oleodinamiche-vivoil-1024x576.jpg\" alt=\"Die Produktionsanlage von Vivoil\" width=\"1024\" height=\"576\" srcset=\"https:\/\/www.vivoil.com\/de\/wp-content\/uploads\/sites\/4\/2018\/06\/area-montaggio-motori-pompe-oleodinamiche-vivoil-1024x576.jpg 1024w, https:\/\/www.vivoil.com\/de\/wp-content\/uploads\/sites\/4\/2018\/06\/area-montaggio-motori-pompe-oleodinamiche-vivoil-300x169.jpg 300w, https:\/\/www.vivoil.com\/de\/wp-content\/uploads\/sites\/4\/2018\/06\/area-montaggio-motori-pompe-oleodinamiche-vivoil-768x432.jpg 768w, https:\/\/www.vivoil.com\/de\/wp-content\/uploads\/sites\/4\/2018\/06\/area-montaggio-motori-pompe-oleodinamiche-vivoil.jpg 1440w\" sizes=\"auto, (max-width: 1024px) 100vw, 1024px\" \/><\/p>\n<p>&nbsp;<\/p>\n<p>Unser Gesch\u00e4ft w\u00e4chst, so dass wir 2005 beginnen, einige <b>Bearbeitungsprozesse intern durchzuf\u00fchren<\/b>. Dies gibt uns die Flexibilit\u00e4t, unsere Produkte <b>maximal anzupassen<\/b> und <b>schnelle Lieferungen<\/b> innerhalb Italiens und ins Ausland sicherzustellen. Aus einem kleinen Unternehmen entwickelt sich Oleodinamica Vivoil zu einer internationalen Marke. Im selben Jahr ziehen wir in das Werk in Budrio (Bologna) um, der gleichzeitig der Firmensitz ist und in dem heute 30 Mitarbeiter Folgendes <b>herstellen<\/b>:<\/p>\n<ul>\n<li aria-level=\"1\"><b>Hydraulikpumpen<\/b> mit au\u00dfenverzahnten Zahnr\u00e4dern (<a href=\"https:\/\/www.vivoil.com\/de\/produkte\/unidirektionale-hydraulikpumpen\/\">uni-<\/a> und <a href=\"https:\/\/www.vivoil.com\/de\/produkte\/reversible-hydraulikpumpen\/\">bidirektional<\/a>)<\/li>\n<li aria-level=\"1\"><b>Hydraulikmotoren<\/b> mit au\u00dfenverzahnten Zahnr\u00e4dern (<a href=\"https:\/\/www.vivoil.com\/de\/produkte\/unidirektionale-hydraulikmotoren\/\">uni-<\/a> und <a href=\"https:\/\/www.vivoil.com\/de\/produkte\/reversible-hydraulikmotoren\/\">bidirektional<\/a>)<\/li>\n<li aria-level=\"1\"><a href=\"https:\/\/www.vivoil.com\/de\/produkte\/mehrfach-hydraulikpumpen\/\"><b>Mehrfach-Hydraulikpumpen<\/b><\/a> mit au\u00dfenverzahnten Zahnr\u00e4dern, wahlweise bereits montiert oder zu montieren<\/li>\n<li aria-level=\"1\"><a href=\"https:\/\/www.vivoil.com\/de\/produkte\/hydraulische-zahnradmengenteiler\/\"><b>Zahnradmengenteiler<\/b><\/a><\/li>\n<\/ul>\n<p>Heute verkaufen wir Hydraulikkomponenten in \u00fcber <b>60 L\u00e4ndern<\/b> und haben das Vertrauen wichtiger europ\u00e4ischer Kunden und H\u00e4ndler gewonnen, die uns f\u00fcr unsere Zuverl\u00e4ssigkeit, Flexibilit\u00e4t und Reaktionsgeschwindigkeit sch\u00e4tzen. Hier einige ihrer Aussagen:<\/p>\n<style id=\"sp_testimonial_dynamic_css3202\">#sp-testimonial-free-wrapper-3202 .sp-testimonial-free-section .testimonial-pagination span.swiper-pagination-bullet{background: #cccccc;}#sp-testimonial-free-wrapper-3202 .sp-testimonial-free-section .testimonial-pagination span.swiper-pagination-bullet.swiper-pagination-bullet-active{background: #52b3d9;} #sp-testimonial-free-wrapper-3202 .sp-testimonial-free-section .testimonial-nav-arrow{background: transparent;border: 0px solid #777777;color: #444444;}#sp-testimonial-free-wrapper-3202 .sp-testimonial-free-section .testimonial-nav-arrow:hover {background: transparent;border-color: #52b3d9;color: #52b3d9;}#sp-testimonial-free-wrapper-3202 .sp-testimonial-free-section{margin: 0 50px;}#sp-testimonial-free-wrapper-3202 .sp-testimonial-free-section{margin-bottom: 50px;}#sp-testimonial-free-wrapper-3202 .sp-testimonial-free-section .sp-testimonial-client-designation{color: #444444;}#sp-testimonial-free-wrapper-3202 .sp-testimonial-free-section .sp-testimonial-client-name{color: #35a835;}#sp-testimonial-free-wrapper-3202 .sp-testimonial-free-section .sp-testimonial-client-testimonial{color: #333333;}#sp-testimonial-free-wrapper-3202 .sp-testimonial-free {background : transparent;border: 1px solid transparent;border-radius: 0px;}<\/style><div id=\"sp-testimonial-free-wrapper-3202\" class=\"sp-testimonial-free-wrapper\"><div id=\"sp-testimonial-free-3202\" class=\"sp-testimonial-free-section tfree-style-theme-one\" dir=\"ltr\" data-preloader=\"\" data-swiper='{&quot;dots&quot;: 1,&quot;pagination_type&quot;: &quot;dots&quot;, &quot;spaceBetween&quot;: 20, &quot;adaptiveHeight&quot;: false, &quot;pauseOnHover&quot;: true, &quot;slidesToShow&quot;: 1, &quot;speed&quot;: 600, &quot;arrows&quot;: &quot;1&quot;, &quot;autoplay&quot;: true, &quot;autoplaySpeed&quot;: 3000, &quot;swipe&quot;: true, &quot;swipeToSlide&quot;: false, &quot;draggable&quot;: true, &quot;freeMode&quot;: false, &quot;rtl&quot;: false, &quot;infinite&quot;: true,&quot;slidesPerView&quot;: {&quot;lg_desktop&quot;:1 , &quot;desktop&quot;: 1, &quot;laptop&quot;:1 , &quot;tablet&quot;: 1, &quot;mobile&quot;: 1},&quot;navigation_mobile&quot;: true, &quot;pagination_mobile&quot;:true, &quot;autoplay_mobile&quot;:true}' ><div class=\"swiper-wrapper\"><div class=\"sp-testimonial-item swiper-slide\"><div class=\"sp-testimonial-free\"><div class=\"sp-testimonial-client-testimonial\"><div class=\"sp-testimonial-content\"><p>VIVOIL\u2019s products and customer service are impressive, and we are proud to be associated with this supplier.<\/p><\/div><\/div><h4 class=\"sp-testimonial-client-name\">Robert Chambers<\/h4> <div class=\"sp-testimonial-client-designation\">Sales manager, M A Hydraulics Ltd \u2013 England<\/div><\/div> <\/div> <div class=\"sp-testimonial-item swiper-slide\"><div class=\"sp-testimonial-free\"><div class=\"sp-testimonial-client-testimonial\"><div class=\"sp-testimonial-content\"><p>We warmly welcome the cooperation that all the staff of Oleodinamica Vivolo offers us every day.<\/p><p>Thank you for your ability to meet our needs, in this way we can satisfy our customers.<\/p><\/div><\/div><h4 class=\"sp-testimonial-client-name\">Jos\u00e9 Lu\u00eds y Pilar L\u00f3pez<\/h4> <div class=\"sp-testimonial-client-designation\">Behidr\u00e0ulica (Spain)<\/div><\/div> <\/div> <div class=\"sp-testimonial-item swiper-slide\"><div class=\"sp-testimonial-free\"><div class=\"sp-testimonial-client-testimonial\"><div class=\"sp-testimonial-content\"><p>It is a pleasure to witness changes and take part in the development of VIVOIL.<\/p><\/div><\/div><h4 class=\"sp-testimonial-client-name\">in\u017c. Mateusz Sromek<\/h4> <div class=\"sp-testimonial-client-designation\">Product Manager at HYDRO ZNPHS Sp. z o. o. (Poland)<\/div><\/div> <\/div> <div class=\"sp-testimonial-item swiper-slide\"><div class=\"sp-testimonial-free\"><div class=\"sp-testimonial-client-testimonial\"><div class=\"sp-testimonial-content\"><p>Nous entretenons de tr\u00e8s bonnes relations avec VIVOIL depuis plus de 20 ans et travaillons ensemble pour que cela continue. Un grand merci \u00e0 Mr Vivolo pour la qualit\u00e9 de sa production.<\/p><\/div><\/div><h4 class=\"sp-testimonial-client-name\">Mr Benoit Cabanis<\/h4> <div class=\"sp-testimonial-client-designation\">Managing Director from SOCAH HYDRAULIQUE - France<\/div><\/div> <\/div> <div class=\"sp-testimonial-item swiper-slide\"><div class=\"sp-testimonial-free\"><div class=\"sp-testimonial-client-testimonial\"><div class=\"sp-testimonial-content\"><p>Seit \u00fcber 20 Jahren handeln wir mit VIVOIL Produkten. Abgesehen von dem sehr guten Preis-Leistungsverh\u00e4ltnis, ist VIVOIL eine sehr innovative Firma mit immer neuen technischen L\u00f6sungen. Auch der technische und kaufm\u00e4nnische Support ist hervorragend. Dank dieser Vorteile konnten wir im Laufe der Jahre immer gr\u00f6\u00dfere Ums\u00e4tze generieren.<\/p><\/div><\/div><h4 class=\"sp-testimonial-client-name\">Rolf Eichler<\/h4> <div class=\"sp-testimonial-client-designation\">Betriebsleiter - Dauner Antriebstechnik GmbH - Germany<\/div><\/div> <\/div> <\/div><div class=\"swiper-pagination testimonial-pagination\"><\/div><div class=\"swiper-button-prev testimonial-nav-arrow vertical_center\"><i class=\"fa fa-angle-left\"><\/i><\/div><div class=\"swiper-button-next testimonial-nav-arrow vertical_center\"><i class=\"fa fa-angle-right\"><\/i><\/div><\/div><\/div>\n<h2>Zuverl\u00e4ssigkeit: Wir k\u00fcmmern uns bis ins kleinste Detail um jedes Produkt.<\/h2>\n<p>Jede Vivoil-Komponente wird in Italien hergestellt, in unserer Fabrik getestet und von Hand montiert. Produkte, die maximale Pr\u00e4zision erfordern, werden auf 5-achsigen Maschinen mit einem einzigen Griff bearbeitet. Wir pr\u00fcfen jedes technische und \u00e4sthetische Detail mit gr\u00f6\u00dfter Sorgfalt. Dank dem Fachwissen unserer Konstrukteure, die seit vielen Jahren in der Branche t\u00e4tig sind, und der Auswahl hochwertiger Materialien wie Aluminium Serie 7000, kommen nur \u00e4u\u00dferst zuverl\u00e4ssige Hydraulikkomponenten aus unserem Werk, die Ihnen die Sicherheit geben, sich auf robuste und langlebige Produkte verlassen zu k\u00f6nnen.<\/p>\n<h2>Flexibilit\u00e4t: Wir passen unsere Komponenten auch kleinen Auftr\u00e4gen an.<\/h2>\n<p>Wir haben unsere Komponenten in vier dimensionale Gruppen (0,1,2,3) unterteilt, die jeweils unterschiedlichen Hubr\u00e4umen entsprechen, um eine maximale Leistung unter allen Arbeitsbedingungen zu gew\u00e4hrleisten. Die meisten unserer Produkte k\u00f6nnen mit Ventilen, Hochleistungsst\u00fctzen und mit verschiedenen Flansch- und Wellenkonfigurationen ausger\u00fcstet werden. Flexibilit\u00e4t ist bei Vivoil eine gemeinsam gelebte Mission. Deshalb setzen wir alle, von der Produktion bis zum Verkauf, auf Pumpen, Motoren und Zahnradmengenteiler, die sich Ihren Produktionsanforderungen perfekt anpassen. F\u00fcr unsere Kunden gibt es keine Mindestbestellmengen und ab dem Moment, in dem wir die Bestellung erhalten, tun wir alles, um sicherzustellen, dass Produktion und Lieferung so schnell wie m\u00f6glich erfolgen.<\/p>\n<h2>Qualit\u00e4t: Wir glauben, dass Service genauso wichtig ist wie das Produkt.<\/h2>\n<p>Wir nehmen jede Anfrage sehr ernst, weil wir wissen, dass das Produkt allein nicht ausreicht. Manchmal ist es notwendig, sehr schnell zu liefern, in anderen F\u00e4llen ist es jedoch wichtiger, einen Produktionsbedarf zu verstehen und die am besten geeignete Hydraulikkomponente zu finden, um diesen zu befriedigen. Qualit\u00e4t bedeutet f\u00fcr uns nicht nur, hochwertige Pumpen, Motoren und Zahnradmengenteiler herzustellen, sondern auch zu verstehen, was Sie brauchen, um dann &#8211; unter Einbindung unsere Mitarbeiter aus Konstruktion, Technik, Vertrieb und Verwaltung &#8211; die beste L\u00f6sung zu finden und diese dann in der k\u00fcrzest m\u00f6glichen Zeit mit gr\u00f6\u00dfter Sorgfalt zu produzieren, um die Produkte so schnell wie m\u00f6glich genau in den Mengen und mit den Eigenschaften zu liefern, die Sie ben\u00f6tigen.<\/p>\n","protected":false},"excerpt":{"rendered":"<p>Vivoil, Hydraulikkomponenten seit 1985 Unsere Firma Vivoil Oleodinamica Vivolo srl wurde 1985 gegr\u00fcndet, als Herr Domenico Vivolo -nach 25 Jahren Erfahrung in Turolla, eines der wichtigsten Unternehmen der Branche- beschlie\u00dft, ein eigenes Unternehmen f\u00fcr die Montage und den Verkauf von Hydraulikkomponenten zu er\u00f6ffnen. &nbsp; Unser Gesch\u00e4ft w\u00e4chst, so dass wir 2005 beginnen, einige Bearbeitungsprozesse intern [&hellip;]<\/p>\n","protected":false},"author":1,"featured_media":0,"parent":0,"menu_order":20,"comment_status":"open","ping_status":"closed","template":"","meta":{"_acf_changed":false,"_relevanssi_hide_post":"","_relevanssi_hide_content":"","_relevanssi_pin_for_all":"","_relevanssi_pin_keywords":"","_relevanssi_unpin_keywords":"","_relevanssi_related_keywords":"","_relevanssi_related_include_ids":"","_relevanssi_related_exclude_ids":"","_relevanssi_related_no_append":"","_relevanssi_related_not_related":"","_relevanssi_related_posts":"","_relevanssi_noindex_reason":"","footnotes":""},"class_list":["post-562","page","type-page","status-publish","hentry"],"acf":[],"_links":{"self":[{"href":"https:\/\/www.vivoil.com\/de\/wp-json\/wp\/v2\/pages\/562","targetHints":{"allow":["GET"]}}],"collection":[{"href":"https:\/\/www.vivoil.com\/de\/wp-json\/wp\/v2\/pages"}],"about":[{"href":"https:\/\/www.vivoil.com\/de\/wp-json\/wp\/v2\/types\/page"}],"author":[{"embeddable":true,"href":"https:\/\/www.vivoil.com\/de\/wp-json\/wp\/v2\/users\/1"}],"replies":[{"embeddable":true,"href":"https:\/\/www.vivoil.com\/de\/wp-json\/wp\/v2\/comments?post=562"}],"version-history":[{"count":5,"href":"https:\/\/www.vivoil.com\/de\/wp-json\/wp\/v2\/pages\/562\/revisions"}],"predecessor-version":[{"id":16445,"href":"https:\/\/www.vivoil.com\/de\/wp-json\/wp\/v2\/pages\/562\/revisions\/16445"}],"wp:attachment":[{"href":"https:\/\/www.vivoil.com\/de\/wp-json\/wp\/v2\/media?parent=562"}],"curies":[{"name":"wp","href":"https:\/\/api.w.org\/{rel}","templated":true}]}}