{"id":561,"date":"2021-04-26T00:00:00","date_gmt":"2021-04-25T22:00:00","guid":{"rendered":"https:\/\/www.vivoil.com\/de\/home\/"},"modified":"2023-09-29T10:50:02","modified_gmt":"2023-09-29T08:50:02","slug":"home","status":"publish","type":"page","link":"https:\/\/www.vivoil.com\/de\/","title":{"rendered":"Home"},"content":{"rendered":"<div class=\"content\">\n<h2>Anpassbare Komponenten und maximale Leistung unter allen Arbeitsbedingungen<\/h2>\n<p>Vivoil-Hydraulikpumpen, Hydraulikmotoren und Zahnradmengenteiler werden <strong>in Italien hergestellt<\/strong>, von Hand zusammengebaut und getestet. Die Komponenten, die eine maximale Pr\u00e4zision erfordern, werden auf 5-achsigen Maschinen mit einem einzigen Griff bearbeitet. Wir erstellen zuverl\u00e4ssige Produkte, die wir bis ins kleinste Detail pflegen damit Ihre Maschinen eine m\u00f6glichst lange Laufzeit erreichen und unter allen Arbeitsbedingungen hohe Leistungen erzielen.<\/p>\n<p>Unsere Organisation, von der Produktion bis zur Verwaltung, ist flexibel, so dass wir auch f\u00fcr <strong>kleine Bestellmengen kundenspezifische Komponenten herstellen k\u00f6nnen<\/strong>. Vivoil-Produkte sind in vier Ma\u00dfgruppen erh\u00e4ltlich, damit Sie den f\u00fcr Ihre Anforderungen am besten geeigneten Hubraum ausw\u00e4hlen k\u00f6nnen. Die meisten unserer Pumpen, Motoren und Zahnradmengenteiler k\u00f6nnen mit <strong>Zubeh\u00f6r, Ventilen, Hochleistungsst\u00fctzen und verschiedenen Flansch- und Wellenkonfigurationen<\/strong> ausgestattet werden. Unsere Techniker und Vertriebsmitarbeiter stehen Ihnen zur Verf\u00fcgung, um Sie dahingehend zu beraten, welches Produkt Ihren Anforderungen am besten entspricht, und um schnelle Lieferungen in Italien und im Ausland zu gew\u00e4hrleisten.<\/p>\n<\/div>\n<div class=\"image\">\n<div class=\"responsive-video\">\n<p><iframe loading=\"lazy\" hcb-fetch-image-from=\"https:\/\/youtu.be\/QigTlD8jnGI\" title=\"Vivoil Company overview | Oleodinamica Vivolo - High-end hydraulic components\" width=\"1300\" height=\"731\" src=\"https:\/\/www.youtube.com\/embed\/QigTlD8jnGI?feature=oembed\" frameborder=\"0\" allow=\"accelerometer; autoplay; clipboard-write; encrypted-media; gyroscope; picture-in-picture; web-share\" allowfullscreen><\/iframe><\/p>\n<\/div>\n<\/div>\n","protected":false},"excerpt":{"rendered":"<p>Anpassbare Komponenten und maximale Leistung unter allen Arbeitsbedingungen Vivoil-Hydraulikpumpen, Hydraulikmotoren und Zahnradmengenteiler werden in Italien hergestellt, von Hand zusammengebaut und getestet. Die Komponenten, die eine maximale Pr\u00e4zision erfordern, werden auf 5-achsigen Maschinen mit einem einzigen Griff bearbeitet. Wir erstellen zuverl\u00e4ssige Produkte, die wir bis ins kleinste Detail pflegen damit Ihre Maschinen eine m\u00f6glichst lange Laufzeit [&hellip;]<\/p>\n","protected":false},"author":1,"featured_media":16597,"parent":0,"menu_order":10,"comment_status":"open","ping_status":"open","template":"","meta":{"_acf_changed":false,"_relevanssi_hide_post":"","_relevanssi_hide_content":"","_relevanssi_pin_for_all":"","_relevanssi_pin_keywords":"","_relevanssi_unpin_keywords":"","_relevanssi_related_keywords":"","_relevanssi_related_include_ids":"","_relevanssi_related_exclude_ids":"","_relevanssi_related_no_append":"","_relevanssi_related_not_related":"","_relevanssi_related_posts":"","_relevanssi_noindex_reason":"","footnotes":""},"class_list":["post-561","page","type-page","status-publish","has-post-thumbnail","hentry"],"acf":[],"_links":{"self":[{"href":"https:\/\/www.vivoil.com\/de\/wp-json\/wp\/v2\/pages\/561","targetHints":{"allow":["GET"]}}],"collection":[{"href":"https:\/\/www.vivoil.com\/de\/wp-json\/wp\/v2\/pages"}],"about":[{"href":"https:\/\/www.vivoil.com\/de\/wp-json\/wp\/v2\/types\/page"}],"author":[{"embeddable":true,"href":"https:\/\/www.vivoil.com\/de\/wp-json\/wp\/v2\/users\/1"}],"replies":[{"embeddable":true,"href":"https:\/\/www.vivoil.com\/de\/wp-json\/wp\/v2\/comments?post=561"}],"version-history":[{"count":6,"href":"https:\/\/www.vivoil.com\/de\/wp-json\/wp\/v2\/pages\/561\/revisions"}],"predecessor-version":[{"id":16674,"href":"https:\/\/www.vivoil.com\/de\/wp-json\/wp\/v2\/pages\/561\/revisions\/16674"}],"wp:featuredmedia":[{"embeddable":true,"href":"https:\/\/www.vivoil.com\/de\/wp-json\/wp\/v2\/media\/16597"}],"wp:attachment":[{"href":"https:\/\/www.vivoil.com\/de\/wp-json\/wp\/v2\/media?parent=561"}],"curies":[{"name":"wp","href":"https:\/\/api.w.org\/{rel}","templated":true}]}}