{"id":17232,"date":"2025-11-18T16:01:52","date_gmt":"2025-11-18T15:01:52","guid":{"rendered":"https:\/\/www.vivoil.com\/de\/?page_id=17232"},"modified":"2025-11-27T13:19:30","modified_gmt":"2025-11-27T12:19:30","slug":"online-hydraulik-konfigurator","status":"publish","type":"page","link":"https:\/\/www.vivoil.com\/de\/online-hydraulik-konfigurator\/","title":{"rendered":"Online-Konfigurator"},"content":{"rendered":"<p>Finde und konfiguriere die Vivoil-Komponente, die am besten zu deinem Projekt passt \u2013 mit nur wenigen Klicks. Dank unserer Partnerschaft mit <b>3Dfindit.com von CADENAS <\/b>kannst du den <b>kostenlosen Online-Konfigurator<\/b> f\u00fcr unsere Produkte auf der Website Vivoil PARTcommunity nutzen. So funktioniert es:<\/p>\n<ol>\n<li>Gehe auf die Website <a href=\"https:\/\/vivoil.partcommunity.com\/3d-cad-models\/vivoil-oleodinamica-vivolo?info=vivoil&amp;cwid=7271\"><b>Vivoil PARTcommunity<\/b><\/a><\/li>\n<li>Registriere dich und erstelle dein pers\u00f6nliches Konto (kostenlos) oder melde dich mit deinem bestehenden PARTcommunity-Konto an<\/li>\n<li>W\u00e4hle die Komponenten f\u00fcr dein Projekt anhand einer dieser Optionen:\n<ul>\n<li><b>Produktcode<\/b>, wenn du bereits wei\u00dft, welche Vivoil-Komponente du ben\u00f6tigst<\/li>\n<li><b>Komponententyp<\/b>, wenn du wei\u00dft, welchen Produkttyp du brauchst, und die entsprechende Vivoil-Version finden m\u00f6chtest<\/li>\n<li><b>Technische Merkmale<\/b>, wenn du die erforderlichen Parameter deines Produkts kennst<\/li>\n<\/ul>\n<\/li>\n<li>Sobald du die Komponente ausgew\u00e4hlt hast, kannst du:\n<ul>\n<li><b>3D-Vorschauen und interaktive technische Datenbl\u00e4tter <\/b>(2D-Zeichnungen und 3D-PDFs) ansehen<\/li>\n<li><b>CAD-, CAE- und BIM-Modelle i<\/b>n \u00fcber 100 Formaten generieren und herunterladen<\/li>\n<li>Eine <b>Angebotsanfrage<\/b> direkt online senden<\/li>\n<\/ul>\n<\/li>\n<\/ol>\n<p>Der Service ist <b>v\u00f6llig kostenlos<\/b> und erm\u00f6glicht dir einfachen und schnellen Zugriff auf die <b>Modelle und technischen Daten<\/b> unserer Komponenten.<\/p>\n<p>Derzeit verf\u00fcgbar: <b>Pumpen der Baugr\u00f6\u00dfen 0 und 1<\/b> sowie <b>Motoren der Baugr\u00f6\u00dfe 1<\/b>.<br \/>\nBald wird es m\u00f6glich sein, die <b>gesamte Vivoil-Produktpalette<\/b> zu konfigurieren.<\/p>\n<p><a href=\"https:\/\/vivoil.partcommunity.com\/3d-cad-models\/vivoil-oleodinamica-vivolo?info=vivoil&amp;cwid=7271\">Konfiguration starten <\/a><a href=\"https:\/\/vivoil.partcommunity.com\/3d-cad-models\/vivoil-oleodinamica-vivolo?info=vivoil&amp;cwid=7271\">\u00bb<\/a><\/p>\n","protected":false},"excerpt":{"rendered":"<p>Finde und konfiguriere die Vivoil-Komponente, die am besten zu deinem Projekt passt \u2013 mit nur wenigen Klicks. Dank unserer Partnerschaft mit 3Dfindit.com von CADENAS kannst du den kostenlosen Online-Konfigurator f\u00fcr unsere Produkte auf der Website Vivoil PARTcommunity nutzen. So funktioniert es: Gehe auf die Website Vivoil PARTcommunity Registriere dich und erstelle dein pers\u00f6nliches Konto (kostenlos) [&hellip;]<\/p>\n","protected":false},"author":1,"featured_media":0,"parent":0,"menu_order":0,"comment_status":"closed","ping_status":"closed","template":"","meta":{"_acf_changed":false,"_relevanssi_hide_post":"","_relevanssi_hide_content":"","_relevanssi_pin_for_all":"","_relevanssi_pin_keywords":"","_relevanssi_unpin_keywords":"","_relevanssi_related_keywords":"","_relevanssi_related_include_ids":"","_relevanssi_related_exclude_ids":"","_relevanssi_related_no_append":"","_relevanssi_related_not_related":"","_relevanssi_related_posts":"","_relevanssi_noindex_reason":"","footnotes":""},"class_list":["post-17232","page","type-page","status-publish","hentry"],"acf":[],"_links":{"self":[{"href":"https:\/\/www.vivoil.com\/de\/wp-json\/wp\/v2\/pages\/17232","targetHints":{"allow":["GET"]}}],"collection":[{"href":"https:\/\/www.vivoil.com\/de\/wp-json\/wp\/v2\/pages"}],"about":[{"href":"https:\/\/www.vivoil.com\/de\/wp-json\/wp\/v2\/types\/page"}],"author":[{"embeddable":true,"href":"https:\/\/www.vivoil.com\/de\/wp-json\/wp\/v2\/users\/1"}],"replies":[{"embeddable":true,"href":"https:\/\/www.vivoil.com\/de\/wp-json\/wp\/v2\/comments?post=17232"}],"version-history":[{"count":2,"href":"https:\/\/www.vivoil.com\/de\/wp-json\/wp\/v2\/pages\/17232\/revisions"}],"predecessor-version":[{"id":17243,"href":"https:\/\/www.vivoil.com\/de\/wp-json\/wp\/v2\/pages\/17232\/revisions\/17243"}],"wp:attachment":[{"href":"https:\/\/www.vivoil.com\/de\/wp-json\/wp\/v2\/media?parent=17232"}],"curies":[{"name":"wp","href":"https:\/\/api.w.org\/{rel}","templated":true}]}}