{"id":16891,"date":"2024-12-30T13:59:57","date_gmt":"2024-12-30T12:59:57","guid":{"rendered":"https:\/\/www.vivoil.com\/de\/?page_id=16891"},"modified":"2026-03-17T11:52:56","modified_gmt":"2026-03-17T10:52:56","slug":"zahnradmengenteiler","status":"publish","type":"page","link":"https:\/\/www.vivoil.com\/de\/leitfaeden\/zahnradmengenteiler\/","title":{"rendered":"Vivoil Zahnradmengenteiler: Leitfaden zur Auswahl und Verwendung"},"content":{"rendered":"<p>Suchen Sie einen Vivoil-Zahnradmengenteiler f\u00fcr Ihr Projekt und m\u00f6chten wissen, wie Sie ihn ausw\u00e4hlen?<\/p>\n<p>Hier finden Sie einen Leitfaden der Ihnen hilft, das richtige System zu finden und die Eigenschaften zu bestimmen, die Ihnen einen optimalen Zahnradmengenteiler f\u00fcr Ihr Projekt gew\u00e4hrleisten.<\/p>\n<p>In diesem Leitfaden finden Sie au\u00dferdem unsere Empfehlungen zur Wartung des Systems, bereits realisierte, kundenspezifische Konfigurationen, Installationshinweise und besondere Anwendungen.<\/p>\n<h2>Was ist ein Zahnradmengenteiler und wof\u00fcr wird er verwendet?<\/h2>\n<p>Ein Zahnradmengenteiler ist ein hydraulisches System welches entwickelt wurde, um einen \u00d6lfluss in vorab definierte Verh\u00e4ltnisse, die entweder gleich oder unterschiedlich sein k\u00f6nnen, zu teilen oder wieder zu vereinigen.<\/p>\n<p>Die drei Hauptfunktionen eines Zahnradmengenteilers sind:<\/p>\n<ol>\n<li aria-level=\"1\">Teilen des \u00d6lflusses<\/li>\n<li aria-level=\"1\">Vereinigen der \u00d6lfl\u00fcsse zur Regulierung verschiedener Str\u00f6me (Kombinieren des Flusses)<\/li>\n<li aria-level=\"1\">Druckvervielf\u00e4ltigung<\/li>\n<\/ol>\n<h2>Die Vivoil-Produktpalette umfasst 4 Modelle von Zahnradmengenteilern<\/h2>\n<p>Auf dem Markt sind verschiedene Arten von Zahnradmengenteilern erh\u00e4ltlich. <a href=\"https:\/\/www.vivoil.com\/de\/produkte\/hydraulische-zahnradmengenteiler\/\">Unsere Produktpalette<\/a> umfasst vier Modelle: Drei davon sind traditionelle Teiler (ohne Ventile, mit Einzelventil und mit mehreren Ventilen), das vierte Modell ist unser selbstkompensierender Teiler MIA-FD.<\/p>\n<div class=\"vv-card\"><span class=\"vv-card-number\">1<\/span>\n<h3>\u00a0Zahnradmengenteiler ohne Ventile<\/h3>\n<p><b>Verwendungszweck:<\/b><b><br \/>\n<\/b>Die Teiler ohne Ventile k\u00f6nnen verwendet werden um den Fluss zu teilen oder zu kombinieren und um den Druck zu vervielf\u00e4ltigen.<\/p>\n<p><b>Empfehlung:<\/b><b><br \/>\n<\/b>Wenn das Projekt Bewegungen mit geringer H\u00e4ufigkeit vorsieht (wenige Zyklen).<br \/>\n<\/div><div class=\"vv-card\"><span class=\"vv-card-number\">2<\/span>\n<h3>Zahnradmengenteiler mit Einzel-Fehlerkorrekturventil<\/h3>\n<p><b>Verwendungszweck:<\/b><b><br \/>\n<\/b>Die Teiler mit Einzelventil k\u00f6nnen verwendet werden um den Fluss zu teilen oder zu kombinieren und um den Druck zu vervielf\u00e4ltigen.<\/p>\n<p><b>Empfehlung:<\/b><b><br \/>\n<\/b>Wenn das Projekt den Nullabgleich eines Fehlers erfordert, da bei der hohen Zyklusfrequenz ein kumulativer Effekt vermieden werden soll, w\u00e4hrend Sie gleichzeitig eine einfache Einstellung des Systems w\u00fcnschen. In dieser Version gen\u00fcgt es, das einzige Ventil im Teiler zu justieren, um den Nullabgleich am Zyklusende f\u00fcr alle Elemente zu sichern.<br \/>\n<\/div><div class=\"vv-card\"><span class=\"vv-card-number\">3<\/span>\n<h3>Zahnradmengenteiler mit mehreren Fehlerkorrektur- und Anti-Kavitationsventilen<\/h3>\n<p><b>Verwendungszweck:<\/b><b><br \/>\n<\/b>Die Teiler mit mehreren Ventilen k\u00f6nnen verwendet werden um den Fluss zu teilen oder zu kombinieren und um den Druck zu vervielf\u00e4ltigen.<\/p>\n<p><b>Empfehlung:<\/b><b><br \/>\n<\/b>Wenn das Projekt es erforderlich macht, dass ein Fehler in beide Richtungen auf Null gesetzt wird (sowohl beim Teilen als auch beim Vereinen des Flusses). Bei diesem System verf\u00fcgt jedes Element \u00fcber ein \u00dcberdruck- und ein Anti-Kavitationsventil.<br \/>\n<\/div><div class=\"vv-card\"><span class=\"vv-card-number\">4<\/span>\n<h3>Selbstkompensierender Teiler MIA-FD (Manifold Instantaneous Auto-compensating Flow Divider)<\/h3>\n<p><b>Verwendungszweck:<\/b><b><br \/>\n<\/b>Der MIA-FD verteilt und versorgt die verschiedenen Kreislaufver\u00e4stelungen mit konstanten Durchflussmengen. Er kann nur als Flussteiler oder -kombinierer verwendet werden, nicht als Druckmultiplikator.<\/p>\n<p><b>Empfehlung:<\/b><b><br \/>\n<\/b>Wenn das Projekt starke Unausgeglichenheiten bedingt. Dieses System gleicht die Lastunterschiede der Aktuatoren aus und stellt eine optimale Verteilung des Flusses unter diesen Bedingungen sicher.<\/p>\n<p>Dar\u00fcber hinaus fungiert er als Verteiler (Manifold) mit CETOP 3-Anschl\u00fcssen auf jedem Element und ist somit eine kompakte und erweiterbare L\u00f6sung.<\/p>\n<p><b>Rephasierung am Hubende<br \/>\n<\/b>Der MIA-FD-Zahnradmengenteiler ist daf\u00fcr ausgelegt, ohne Rephasierung zu arbeiten. Wenn jedoch die \u00d6lbewegung sehr h\u00e4ufig ist und sich ein kumulativer Fehler bildet, kann es sinnvoll sein, Rephasierungsventile zu installieren, um den Fehler am Hubende zu nullen. <a href=\"https:\/\/www.vivoil.com\/de\/blog\/mia-fd-rephasierungsventile\/\">So k\u00f6nnen die Ventile installiert und eingestellt werden<\/a>.<\/p>\n<p>M\u00f6chten Sie mehr \u00fcber die Eigenschaften und M\u00f6glichkeiten dieses Systems erfahren? Lesen Sie unsere <a href=\"https:\/\/www.vivoil.com\/de\/produkt\/mia-fd\/\">Spezialseite zum Zahnradmengenteiler MIA-FD<\/a>.<br \/>\n<\/div>\n<h3>Warnung vor Nachahmungen!<\/h3>\n<p>Auf dem Markt werden \u00e4hnliche Zahnradmengenteiler wie unsere angeboten, die von Unternehmen produziert werden mit denen wir in keinerlei Verbindung stehen: Es handelt sich dabei um Nachahmungen. Um unsere Originalprodukte von F\u00e4lschungen zu unterscheiden, achten Sie bitte auf folgende Merkmale:<\/p>\n<ul>\n<li aria-level=\"1\"><b>Das Etikett<\/b> (seit 2010 verf\u00fcgen alle Vivoil-Produkte \u00fcber ein Etikett, das nur schwer zu entfernen ist)<\/li>\n<li aria-level=\"1\"><b>Das Markenzeichen<\/b> (in allen unseren Bauteilen ist das Vivoil-Logo eingraviert)<\/li>\n<\/ul>\n<p>Erfahren Sie mehr \u00fcber die Eigenschaften unserer Originalprodukte in unserem Artikel: \u201eWie erkennt man die originalen Zahnradmengenteiler von Vivoil im Vergleich zu Nachahmungen?\u201c<\/p>\n<h3>Vier Baugr\u00f6\u00dfen<\/h3>\n<p>Die Vivoil-Zahnradmengenteiler sind in vier Baugr\u00f6\u00dfen unterteilt mit unterschiedlichen Hubr\u00e4umen und Druckbereichen:<\/p>\n<ul>\n<li aria-level=\"1\"><b>Gruppe 0<\/b> (Hubraum 0,16 cm\u00b3\/U \u2013 2,28 cm\u00b3\/U, max. Druck bis 210 bar)<\/li>\n<li aria-level=\"1\"><b>Gruppe 1<\/b> (Hubraum 0,91 cm\u00b3\/U \u2013 9,88 cm\u00b3\/U, max. Druck bis 220 bar)<\/li>\n<li aria-level=\"1\"><b>Gruppe 2<\/b> (Hubraum 4,2 cm\u00b3\/U \u2013 39,6 cm\u00b3\/U, max. Druck bis 210 bar)<\/li>\n<li aria-level=\"1\"><b>Gruppe 3<\/b> (Hubraum 14,89 cm\u00b3\/U \u2013 86,87 cm\u00b3\/U, max. Druck bis 300 bar)<\/li>\n<\/ul>\n<p>Je nach Projektanforderung k\u00f6nnen Sie die passende Gr\u00f6\u00dfe ausw\u00e4hlen oder, in vielen F\u00e4llen, auch verschiedene Baugr\u00f6\u00dfen kombinieren.<\/p>\n<h2>Wie w\u00e4hlen Sie den passenden Zahnradmengenteiler von Vivoil f\u00fcr Ihr Projekt?<\/h2>\n<p>Ohne Ventile, mit Einzelventil, mit mehreren Ventilen oder MIA-FD: Welchen Typ von Zahnradmengenteiler sollten Sie f\u00fcr Ihr Projekt w\u00e4hlen? Um den am besten geeigneten zu bestimmen, folgen Sie diesen Schritten:<\/p>\n<ol>\n<li aria-level=\"1\"><b>Definieren Sie die Durchflussmenge<\/b> jedes Elements und berechnen Sie den Hubraum (hier erfahren Sie, wie man den Hubraum eines Teilers anhand der Durchflussraten berechnet).<\/li>\n<li aria-level=\"1\"><b>W\u00e4hlen Sie die Baugr\u00f6\u00dfe<\/b>, vem Hubraum und den Druckwerten (0, 1, 2, 3) ausgehend.<\/li>\n<li aria-level=\"1\"><b>W\u00e4hlen Sie das System<\/b> entsprechend Ihrer Anwendung.<\/li>\n<\/ol>\n<p>Weitere Details zu diesen Schritten finden Sie in unserem Artikel: \u201eWie w\u00e4hle ich den richtigen Zahnradmengenteiler aus?\u201c, der Formeln, Tabellen und weitere n\u00fctzliche Tipps enth\u00e4lt.<\/p>\n<h2>Passen Sie Ihren Vivoil-Zahnradmengenteiler individuell an<\/h2>\n<p>Nachdem Sie das f\u00fcr Sie passende System ausgew\u00e4hlt haben, k\u00f6nnen Sie es weiter anpassen: W\u00e4hlen Sie aus den zahlreichen verf\u00fcgbaren Optionen, kombinieren Sie verschiedene Baugr\u00f6\u00dfen oder entscheiden Sie sich f\u00fcr eine der Konfigurationen, die wir bereits f\u00fcr andere Kunden realisiert haben.<\/p>\n<h3>Optionale Komponenten f\u00fcr Zahnradmengenteiler<\/h3>\n<div class=\"vv-card\"><span class=\"vv-card-number\">1<\/span>\n<p><strong>Geschwindigkeitssensor oder ausgehende Welle<\/strong><\/p>\n<p>Sie k\u00f6nnen entweder einen Geschwindigkeitssensor oder eine ausgehende Welle w\u00e4hlen, da diese Optionen nicht kompatibel sind. Diese beiden Optionen sind nur bei Teilern <strong>ohne Ventile<\/strong> verf\u00fcgbar.<\/p>\n<ul>\n<li>Der <strong>Geschwindigkeitssensor<\/strong> ist ein erst k\u00fcrzlich eingef\u00fchrtes Zubeh\u00f6rteil, das wie Ihnen mit dem System liefern k\u00f6nnen. Er wird in den Teiler integriert, liest den Durchgang des Zahnrades und l\u00f6st einen Impuls aus. Er kann beispielsweise verwendet werden, um zu \u00fcberpr\u00fcfen, ob das Schmiersystem funktioniert.<\/li>\n<li>Die <strong>ausgehende Welle<\/strong> ist die Alternative. Au\u00dfen am Teiler kann auf der Welle ein Erreger angebracht werden, der die Rotation erfasst oder als kleine Nebenantriebsquelle verwendet werden kann (selbstverst\u00e4ndlich ohne axiale\/radiale Belastung).<\/li>\n<\/ul>\n<\/div><div class=\"vv-card\"><span class=\"vv-card-number\">2<\/span>\n<p><strong>Motor<\/strong><\/p>\n<p>Diese Option ist hilfreich, wenn im Projekt einseitig wirkende Zylinder arbeiten, auf die in der Abw\u00e4rtsphase keine ausreichende Last wirkt. Tats\u00e4chlich reduziert der Motor den Anlaufdruck der notwendig ist, um den Teiler zu bewegen. Um mehr \u00fcber Gr\u00f6\u00dfe und Anwendung des Motors zu erfahren, gehen Sie zu unserem Artikel: \u201eZahnradmengenteiler mit Motor.\u201c.<\/p>\n<\/div><div class=\"vv-card\"><span class=\"vv-card-number\">3<\/span>\n<p><strong>Elektrisch gesteuerte Ventile (Elektroventile)<\/strong><\/p>\n<p>Diese Option erm\u00f6glicht es, mittels eines elektrischen Impulses den \u00d6lfluss jederzeit zu unterbrechen oder ganz abzulassen, ohne auf Druck\u00e4nderungen oder das Erreichen eines Totpunkts warten zu m\u00fcssen. Dies erlaubt es, den Nullabgleich nach Bedarf zu aktivieren. Um alle Details und M\u00f6glichkeiten dieser Option kennen zu lernen, gehen Sie zu unserem Artikel: \u201eZahnradmengenteiler mit Elektroventilen.\u201c<\/p>\n<\/div><div class=\"vv-card\"><span class=\"vv-card-number\">4<\/span>\n<p><strong>Viton<sup>\u00ae<\/sup>-Dichtungen<\/strong><\/p>\n<p>Diese Option erm\u00f6glicht Ihnen, spezielle Temperaturbedingungen und besondere \u00d6lanforderungen zu handhaben.<\/p>\n<\/div><div class=\"vv-card\"><span class=\"vv-card-number\">5<\/span>\n<p><strong>Internes Ablassen<\/strong><\/p>\n<p>Diese Konfiguration vereinfacht das System, da die R\u00fccklaufleitung zum Tank entfernt wird. Sie ist jedoch nicht zu empfehlen, da sie das System zus\u00e4tzlich belastet und die Ventileinstellung erschwert. Dar\u00fcber hinaus unterbindet sie die Fehlerkorrektur bei Hubende in der Wiedervereinigungsphase bei Systemen, die mit Antikavitationsventilen ausgestattet sind.<\/p>\n<\/div>\n<h3>Eine zus\u00e4tzliche Option: kombinieren Sie verschiedene Baugr\u00f6\u00dfen<\/h3>\n<p>Sie k\u00f6nnen Zahnradmengenteiler aus verschiedenen Baugr\u00f6\u00dfen kombinieren \u2013 z. B. Systeme der Gruppe 0 mit denen der Gruppe 1 oder der Gruppe 1 mit denen der Gruppe 2 \u2013, um unterschiedliche Durchflussmengen zu bew\u00e4ltigen.<\/p>\n<p>F\u00fcr solche speziellen Anforderungen kontaktieren Sie uns bitte f\u00fcr die optimale L\u00f6sung.<\/p>\n<h3>Kundenspezifische Konfigurationen<\/h3>\n<p>Zus\u00e4tzlich zu den oben genannten Anpassungen k\u00f6nnen Sie aus den folgenden Konfigurationen w\u00e4hlen, die wir bereits f\u00fcr unsere Kunden realisiert haben:<\/p>\n<ul>\n<li aria-level=\"1\">Fehlen von Befestigungshaltern<\/li>\n<li aria-level=\"1\">Befestigungshalter in nicht standardm\u00e4\u00dfigen Positionen<\/li>\n<li aria-level=\"1\">Seitlicher Eingangsanschluss<\/li>\n<li aria-level=\"1\">Abweichende Anzahl von Eingangsanschl\u00fcssen<\/li>\n<li aria-level=\"1\">Systeme mit gleicher Anzahl an Ein- und Ausg\u00e4ngen um den Durchfluss auszugleichen<\/li>\n<li aria-level=\"1\">Systeme ohne Ventile, die Sie selbst erg\u00e4nzen (z. B. mit speziellen Ventilen, die nicht Teil unseres Katalogs sind)<\/li>\n<li aria-level=\"1\"><b>Farbpersonalisierung<\/b> f\u00fcr gro\u00dfe Losgr\u00f6\u00dfen<\/li>\n<li aria-level=\"1\"><b>Individuelle Etikettierung<\/b> und besondere Markierungen (z. B. Logos oder Gravuren) f\u00fcr gro\u00dfe Losgr\u00f6\u00dfen.<\/li>\n<\/ul>\n<h2>Installation und Verwendung des Vivoil-Zahnradmengenteilers<\/h2>\n<p>Haben Sie das passende System ausgesucht, kommen wir nun zu seiner Installation und zu einigen Anmerkungen zu seiner Wartung.<\/p>\n<div class=\"vv-card\"><span class=\"vv-card-number\">1<\/span>\n<p><strong>Installation eines Zahnradmengenteilers<\/strong><\/p>\n<p><b>Reinigung und Vorbereitung<\/b><\/p>\n<ul>\n<li>Reinigen Sie die Rohre und den Teiler sorgf\u00e4ltig.<\/li>\n<li>\u00dcberpr\u00fcfen Sie die korrekte L\u00e4nge der Rohre in Hinblick auf die Anlage.<\/li>\n<li>Stellen Sie sicher, dass das verwendete \u00d6l kompatibel ist.<\/li>\n<\/ul>\n<p><b>Anschluss und Inbetriebnahme<\/b><\/p>\n<ul>\n<li>Verbinden Sie die Rohre mit dem Teiler.<\/li>\n<li>Starten Sie das System.<\/li>\n<\/ul>\n<p><b>Einstellung der Fehlerkorrekturventile<\/b><\/p>\n<ul>\n<li>Pr\u00fcfen Sie die korrekte Installation der Ablassleitungen (unter dem Fl\u00fcgel (?) bei dem Mehrfachventil-System).<\/li>\n<li>Nehmen Sie die Ventileinstellung vor.<\/li>\n<\/ul>\n<p>Die richtige Ventileinstellung ist entscheidend f\u00fcr die ordnungsgem\u00e4\u00dfe Funktion des Teilers. Sie verhindert Betriebsfehler und Sch\u00e4den bis hin zum mechanischen Bruch des Systems. Die Ventile greifen am Hubraumende ein um den Fehler zu korrigieren, und m\u00fcssen entsprechend eingestellt sein. Die Einstellung ist vom jeweiligen Ventiltyp abh\u00e4ngig, daher empfehlen wir Ihnen, die Vorgehensweise, wie sie in \u201eRegulierung der Teiler mit Einzelventil\u201c und \u201eRegulierung der Teiler mit Mehrfachventilen\u201c beschrieben ist, genau zu befolgen.<\/p>\n<p><strong>\u00dcberpr\u00fcfung der Funktionsf\u00e4higkeit der Aktuatoren<\/strong><\/p>\n<p>Um alle Durchg\u00e4nge zu vertiefen, die Drainage vorzubereiten und die Fehlerkorrekturventile einzustellen, gehen Sie zum Artikel: \u201eWie installiere ich einen Zahnradmengenteiler Vivoil.\u201c<\/p>\n<\/div><div class=\"vv-card\"><span class=\"vv-card-number\">2<\/span>\n<h3>\u00c4ndern des Ventilbereichs<\/h3>\n<p>Die Einstellung des Ventilbereichs h\u00e4ngt vom Widerstand der Feder innerhalb des Ventils ab. Um diesen Bereich zu \u00e4ndern, muss die Feder durch eine andere mit unterschiedlichen Abmessungen ersetzt werden. Das Verfahren variiert jedoch, je nach System.<\/p>\n<p>In unserem Artikel <b>\u201eWie man den Bereich der Vivoil-Ventile \u00e4ndert\u201c<\/b> finden Sie alle Anweisungen zum \u00c4ndern des Ventilbereichs:<\/p>\n<ul>\n<li><b>LPA 10 und LPB 10<\/b> f\u00fcr Vivoil-Systeme der <b>Gruppe 0<\/b><\/li>\n<li><b>LPB 20 und LPS 20<\/b> f\u00fcr Vivoil-Systeme der <b>Gruppen 1 und 2<\/b><\/li>\n<\/ul>\n<p><b>LPA 30 und LPB 30<\/b> f\u00fcr Vivoil-Systeme der <b>Gruppe 3<\/b><\/p>\n<\/div><div class=\"vv-card\"><span class=\"vv-card-number\">3<\/span>\n<h3>Reinigung und Filtrierung des \u00d6ls<\/h3>\n<p>W\u00e4hrend der Installation sollten Sie sicherstellen, dass <b>konforme Hydraulikfl\u00fcssigkeiten<\/b> verwendet werden, deren Viskosit\u00e4t mit den Angaben in <a href=\"https:\/\/www.vivoil.com\/de\/kataloge\/\">unseren Katalogen<\/a> \u00fcbereinstimmt. Die Verwendung von anderen Fl\u00fcssigkeiten kann den Teiler besch\u00e4digen. Zudem empfehlen wir, die Filter gem\u00e4\u00df den folgenden Vorgaben zu montieren:<\/p>\n<table>\n<tbody>\n<tr>\n<td>Betriebsdruck (bar)<\/td>\n<td>\u0394p &lt; 140<\/td>\n<td>\u0394p zwischen 140 und 210<\/td>\n<td>\u0394p &gt; 210<\/td>\n<\/tr>\n<tr>\n<td>Kontaminierungsklasse NAS 1638<\/td>\n<td>10<\/td>\n<td>9<\/td>\n<td>8<\/td>\n<\/tr>\n<tr>\n<td>Kontaminierungsklasse ISO 4406:1999<\/td>\n<td>21\/19\/16<\/td>\n<td>20\/18\/15<\/td>\n<td>19\/17\/14<\/td>\n<\/tr>\n<tr>\n<td>Mit Filter \u00df10 (c) \u2265 200 gem\u00e4\u00df ISO 16889 zu erreichen<\/td>\n<td>\u2013<\/td>\n<td>10 \u03bcm<\/td>\n<td>10 \u03bcm<\/td>\n<\/tr>\n<tr>\n<td>Mit Filter \u00df25 (c) \u2265 200 gem\u00e4\u00df ISO 16889 zu erreichen<\/td>\n<td>25 \u03bcm<\/td>\n<td>\u2013<\/td>\n<td>\u2013<\/td>\n<\/tr>\n<\/tbody>\n<\/table>\n<\/div>\n<h2>Wartung und Reparatur des Zahnradmengenteilers<\/h2>\n<p>Um sicherzustellen, dass Ihr installierter Zahnradmengenteiler einwandfrei funktioniert, empfehlen wir, regelm\u00e4\u00dfig zu \u00fcberpr\u00fcfen, ob:<\/p>\n<ul>\n<li aria-level=\"1\">die <b>Schrauben fest angezogen<\/b> sind,<\/li>\n<li aria-level=\"1\"><b>keine Undichtigkeiten<\/b> zwischen einzelnen Elementen vorhanden sind,<\/li>\n<li aria-level=\"1\">der <b>Fehler innerhalb der Projektvorgaben<\/b> liegt.<\/li>\n<\/ul>\n<p>Wenn der Fehler im Laufe der Zeit zunimmt, k\u00f6nnte dies auf eine Abnutzung des Systems hindeuten. In diesem Fall ist es m\u00f6glicherweise notwendig, den Teiler zu ersetzen.<\/p>\n<h2>Wie ersetzt man ein bestehendes Vivoil-Bauteil durch ein neues?<\/h2>\n<p>Jeder Vivoil-Zahnradmengenteiler ist mit einem Etikett versehen, der das System identifiziert und die Anfrage nach einem Ersatzsystem erleichtert.<\/p>\n<p>Falls Sie einen \u00e4lteren Teiler der Serie <b>KV<\/b> besitzen, der das Ende seiner Lebensdauer erreicht hat, und ihn durch einen neuen Teiler der Serie <b>RV<\/b> ersetzen m\u00fcssen, beachten Sie bitte, dass die Teiler der beiden Serien KV und RV unterschiedlich sind. Um das richtige Bauteil zu w\u00e4hlen, ber\u00fccksichtigen Sie Folgendes:<\/p>\n<ul>\n<li aria-level=\"1\">Handelt es sich um einen Teiler mit oder ohne Ventile?<\/li>\n<li aria-level=\"1\">Ist gen\u00fcgend Platz f\u00fcr den neuen Teiler vorhanden?<\/li>\n<li aria-level=\"1\">Wo befinden sich die Eing\u00e4nge?<\/li>\n<\/ul>\n<p>Weitere Informationen finden Sie in unserem Artikel: <b>\u201e<\/b><b>Wie ersetzt man einen Zahnradmengenteiler der Serie KV durch die Serie RV?<\/b><b>\u201c<\/b><\/p>\n<h2>H\u00e4ufigste Probleme bei der Verwendung von Zahnradmengenteilern<\/h2>\n<p>Ein h\u00e4ufiges Problem bei Zahnradmengenteilern ist die <b>Fehlausrichtung der Zylinder<\/b>. Wenn der Fehler unter <b>3 %<\/b> liegt, ist dies ein <b>physiologischer Zustand<\/b>: Selbst die pr\u00e4zisesten Teiler weisen immer einen geringen Fehler auf.<\/p>\n<p>Wenn der Fehler jedoch h\u00f6her ist, kann dies verschiedene Ursachen haben, unter anderem kann dies auch unterschiedlichen Lasten geschuldet sein.<\/p>\n<p>Haben Sie alles \u00fcberpr\u00fcft, aber der Lastunterschied ist &lt; 30 bar und die Einstellung der Ventile ist korrekt? Dann kann es sein, dass die Fehlausrichtung der Zylinder von Faktoren abh\u00e4ngt, die mit der gesamten Anlage zusammenh\u00e4ngen:<\/p>\n<ul>\n<li aria-level=\"2\">Luft im System<\/li>\n<li aria-level=\"2\">Fehler beim Anschluss der R\u00fccklaufleitung<\/li>\n<li aria-level=\"2\">Fehlender Nullabgleich, was zu einem kumulierten Fehler gef\u00fchrt hat<\/li>\n<li aria-level=\"2\">Falsch dimensionierter Teiler<\/li>\n<li aria-level=\"2\">Besch\u00e4digte Dichtungen<\/li>\n<\/ul>\n<p>Weitere Informationen zu diesen Problemen und deren L\u00f6sung finden Sie in unserem Artikel: \u201eHauptursachen f\u00fcr die Fehlausrichtung von Zylindern\u201c.<\/p>\n<h2>Besondere Anwendungen unserer Zahnradmengenteiler (au\u00dferhalb des \u00fcblichen Einsatzes)<\/h2>\n<p>Ein Zahnradmengenteiler kann auch in speziellen Anwendungen verwendet werden, wie zum Beispiel:<\/p>\n<ul>\n<li><b>Zum Ausgleichen von Durchflussmengen<\/b><\/li>\n<li><b>Als Druckmultiplikator \u2014 <\/b>Dies ist besonders n\u00fctzlich, wenn Sie den Energieverbrauch in einem System optimieren und Abfall reduzieren m\u00f6chten. Durch die Nutzung der <b>Restleistung<\/b> eines \u00d6lflusses kann ein Teil des Flusses einfach abgeleitet werden, um die Hydraulikleistung zu maximieren.<\/li>\n<\/ul>\n","protected":false},"excerpt":{"rendered":"<p>Suchen Sie einen Vivoil-Zahnradmengenteiler f\u00fcr Ihr Projekt und m\u00f6chten wissen, wie Sie ihn ausw\u00e4hlen? Hier finden Sie einen Leitfaden der Ihnen hilft, das richtige System zu finden und die Eigenschaften zu bestimmen, die Ihnen einen optimalen Zahnradmengenteiler f\u00fcr Ihr Projekt gew\u00e4hrleisten. In diesem Leitfaden finden Sie au\u00dferdem unsere Empfehlungen zur Wartung des Systems, bereits realisierte, [&hellip;]<\/p>\n","protected":false},"author":6,"featured_media":16892,"parent":16871,"menu_order":0,"comment_status":"closed","ping_status":"closed","template":"","meta":{"_acf_changed":false,"_relevanssi_hide_post":"","_relevanssi_hide_content":"","_relevanssi_pin_for_all":"","_relevanssi_pin_keywords":"","_relevanssi_unpin_keywords":"","_relevanssi_related_keywords":"","_relevanssi_related_include_ids":"","_relevanssi_related_exclude_ids":"","_relevanssi_related_no_append":"","_relevanssi_related_not_related":"","_relevanssi_related_posts":"","_relevanssi_noindex_reason":"","footnotes":""},"class_list":["post-16891","page","type-page","status-publish","has-post-thumbnail","hentry"],"acf":[],"_links":{"self":[{"href":"https:\/\/www.vivoil.com\/de\/wp-json\/wp\/v2\/pages\/16891","targetHints":{"allow":["GET"]}}],"collection":[{"href":"https:\/\/www.vivoil.com\/de\/wp-json\/wp\/v2\/pages"}],"about":[{"href":"https:\/\/www.vivoil.com\/de\/wp-json\/wp\/v2\/types\/page"}],"author":[{"embeddable":true,"href":"https:\/\/www.vivoil.com\/de\/wp-json\/wp\/v2\/users\/6"}],"replies":[{"embeddable":true,"href":"https:\/\/www.vivoil.com\/de\/wp-json\/wp\/v2\/comments?post=16891"}],"version-history":[{"count":3,"href":"https:\/\/www.vivoil.com\/de\/wp-json\/wp\/v2\/pages\/16891\/revisions"}],"predecessor-version":[{"id":17303,"href":"https:\/\/www.vivoil.com\/de\/wp-json\/wp\/v2\/pages\/16891\/revisions\/17303"}],"up":[{"embeddable":true,"href":"https:\/\/www.vivoil.com\/de\/wp-json\/wp\/v2\/pages\/16871"}],"wp:featuredmedia":[{"embeddable":true,"href":"https:\/\/www.vivoil.com\/de\/wp-json\/wp\/v2\/media\/16892"}],"wp:attachment":[{"href":"https:\/\/www.vivoil.com\/de\/wp-json\/wp\/v2\/media?parent=16891"}],"curies":[{"name":"wp","href":"https:\/\/api.w.org\/{rel}","templated":true}]}}